{"id":605,"date":"2025-10-23T16:32:09","date_gmt":"2025-10-23T16:32:09","guid":{"rendered":"https:\/\/productoshubin.com\/?post_type=product&#038;p=605"},"modified":"2026-04-15T11:45:35","modified_gmt":"2026-04-15T17:45:35","slug":"mini-rellenitax-balon-3d","status":"publish","type":"product","link":"https:\/\/productoshubin.com\/en\/product\/mini-rellenitax-balon-3d\/","title":{"rendered":"MINI RELLENITAX BAL\u00d3N 3D"},"content":{"rendered":"<h1 data-start=\"79\" data-end=\"109\"><strong data-start=\"79\" data-end=\"109\">MINI RELLENITAX BAL\u00d3N 3D \u26bd<\/strong><\/h1>\n<p data-start=\"111\" data-end=\"303\">Divertidas gomitas en forma de <strong data-start=\"142\" data-end=\"154\">bal\u00f3n 3D<\/strong> con un delicioso <strong data-start=\"172\" data-end=\"211\">relleno l\u00edquido de sabores frutales<\/strong> que explota de sabor en cada mordida. \u00a1Perfectas para los amantes del dulce y la diversi\u00f3n!<\/p>\n<h2 style=\"text-align: left;\" data-start=\"52\" data-end=\"299\">\ud83d\udccd Caracter\u00edsticas:<\/h2>\n<ul>\n<li style=\"text-align: left;\"><strong>Envase<\/strong>: Vitrolero\/Bote<\/li>\n<li style=\"text-align: left;\"><strong>Dise\u00f1o<\/strong>: Bal\u00f3n<\/li>\n<li style=\"text-align: left;\"><strong>Familia<\/strong>: Mini Rellenitax 3D<\/li>\n<li style=\"text-align: left;\"><strong>Contenido neto<\/strong>: 200g.<\/li>\n<li style=\"text-align: left;\"><strong>Piezas<\/strong>: 100 gomitas.<\/li>\n<li style=\"text-align: left;\"><strong>Peso por pieza<\/strong>: 2g.<\/li>\n<li style=\"text-align: left;\"><strong>Sabores<\/strong>: Frutales<\/li>\n<\/ul>\n<p><em><br \/>\nAgrega al carrito de compra sorpr\u00e9ndete con sus dise\u00f1os y disfruta de su incre\u00edble sabor. \ud83d\udecd\ufe0f<\/em><\/p>","protected":false},"excerpt":{"rendered":"<p>MINI RELLENITAX BAL\u00d3N 3D \u26bd Divertidas gomitas en forma de bal\u00f3n 3D con un delicioso relleno l\u00edquido de sabores frutales que explota de sabor en cada mordida. \u00a1Perfectas para los amantes del dulce y la diversi\u00f3n! \ud83d\udccd Caracter\u00edsticas: Envase: Vitrolero\/Bote Dise\u00f1o: Bal\u00f3n Familia: Mini Rellenitax 3D Contenido neto: 200g. Piezas: 100 gomitas. Peso por pieza: [&hellip;]<\/p>\n","protected":false},"featured_media":663,"template":"","meta":{"inline_featured_image":false},"product_brand":[],"product_cat":[122,49],"product_tag":[],"class_list":{"0":"post-605","1":"product","2":"type-product","3":"status-publish","4":"has-post-thumbnail","6":"product_cat-descuento-20","7":"product_cat-gomitas","9":"first","10":"instock","11":"taxable","12":"shipping-taxable","13":"purchasable","14":"product-type-simple"},"_links":{"self":[{"href":"https:\/\/productoshubin.com\/en\/wp-json\/wp\/v2\/product\/605","targetHints":{"allow":["GET"]}}],"collection":[{"href":"https:\/\/productoshubin.com\/en\/wp-json\/wp\/v2\/product"}],"about":[{"href":"https:\/\/productoshubin.com\/en\/wp-json\/wp\/v2\/types\/product"}],"wp:featuredmedia":[{"embeddable":true,"href":"https:\/\/productoshubin.com\/en\/wp-json\/wp\/v2\/media\/663"}],"wp:attachment":[{"href":"https:\/\/productoshubin.com\/en\/wp-json\/wp\/v2\/media?parent=605"}],"wp:term":[{"taxonomy":"product_brand","embeddable":true,"href":"https:\/\/productoshubin.com\/en\/wp-json\/wp\/v2\/product_brand?post=605"},{"taxonomy":"product_cat","embeddable":true,"href":"https:\/\/productoshubin.com\/en\/wp-json\/wp\/v2\/product_cat?post=605"},{"taxonomy":"product_tag","embeddable":true,"href":"https:\/\/productoshubin.com\/en\/wp-json\/wp\/v2\/product_tag?post=605"}],"curies":[{"name":"wp","href":"https:\/\/api.w.org\/{rel}","templated":true}]}}