{"id":601,"date":"2025-10-23T10:32:09","date_gmt":"2025-10-23T16:32:09","guid":{"rendered":"https:\/\/productoshubin.com\/?post_type=product&#038;p=601"},"modified":"2026-04-16T16:19:14","modified_gmt":"2026-04-16T22:19:14","slug":"gomibin-mini-aritos","status":"publish","type":"product","link":"https:\/\/productoshubin.com\/en\/product\/gomibin-mini-aritos\/","title":{"rendered":"GOMIBIN MINI ARITOS"},"content":{"rendered":"<h3 data-section-id=\"1feilc0\" data-start=\"0\" data-end=\"45\">Gomibin Mini Aritos Gomitas Sabor Durazno<\/h3>\n<p data-start=\"47\" data-end=\"268\">Disfruta un delicioso antojo con <strong data-start=\"80\" data-end=\"103\">Gomibin Mini Aritos<\/strong> \ud83c\udf51\ud83c\udf6c. Estas <strong data-start=\"116\" data-end=\"165\">gomitas sabor durazno en forma de mini aritos<\/strong> tienen una textura suave y un sabor frutal irresistible que las hace perfectas para cualquier momento.<\/p>\n<p data-start=\"270\" data-end=\"356\">Ideales para compartir, para mesas de dulces o para disfrutar un snack lleno de sabor.<\/p>\n<h2 style=\"text-align: left\" data-start=\"52\" data-end=\"299\">\ud83d\udccd Caracter\u00edsticas:<\/h2>\n<ul>\n<li style=\"text-align: left\"><strong>Envase<\/strong>: Bolsa<\/li>\n<li style=\"text-align: left\"><strong>Dise\u00f1o<\/strong>: Mini Aritos<\/li>\n<li style=\"text-align: left\"><strong>Familia<\/strong>: Gomibin<\/li>\n<li style=\"text-align: left\"><strong>Contenido neto<\/strong>: 900g.<\/li>\n<li style=\"text-align: left\"><strong>Piezas<\/strong>: 255 gomitas<\/li>\n<li style=\"text-align: left\"><strong>Peso por pieza<\/strong>: 3.5g aprox.<\/li>\n<li style=\"text-align: left\"><strong>Sabores<\/strong>: Frutales<\/li>\n<\/ul>\n<p><em>Agrega al carrito de compra sorpr\u00e9ndete con sus dise\u00f1os y disfruta de su incre\u00edble sabor. \ud83d\udecd\ufe0f<\/em><\/p>","protected":false},"excerpt":{"rendered":"<p>Gomibin Mini Aritos Gomitas Sabor Durazno Disfruta un delicioso antojo con Gomibin Mini Aritos \ud83c\udf51\ud83c\udf6c. Estas gomitas sabor durazno en forma de mini aritos tienen una textura suave y un sabor frutal irresistible que las hace perfectas para cualquier momento. Ideales para compartir, para mesas de dulces o para disfrutar un snack lleno de sabor. [&hellip;]<\/p>\n","protected":false},"featured_media":262388,"template":"","meta":{"inline_featured_image":false},"product_brand":[],"product_cat":[116],"product_tag":[],"class_list":{"0":"post-601","1":"product","2":"type-product","3":"status-publish","4":"has-post-thumbnail","6":"product_cat-descuento-2","8":"first","9":"instock","10":"sale","11":"featured","12":"taxable","13":"shipping-taxable","14":"purchasable","15":"product-type-simple"},"_links":{"self":[{"href":"https:\/\/productoshubin.com\/en\/wp-json\/wp\/v2\/product\/601","targetHints":{"allow":["GET"]}}],"collection":[{"href":"https:\/\/productoshubin.com\/en\/wp-json\/wp\/v2\/product"}],"about":[{"href":"https:\/\/productoshubin.com\/en\/wp-json\/wp\/v2\/types\/product"}],"wp:featuredmedia":[{"embeddable":true,"href":"https:\/\/productoshubin.com\/en\/wp-json\/wp\/v2\/media\/262388"}],"wp:attachment":[{"href":"https:\/\/productoshubin.com\/en\/wp-json\/wp\/v2\/media?parent=601"}],"wp:term":[{"taxonomy":"product_brand","embeddable":true,"href":"https:\/\/productoshubin.com\/en\/wp-json\/wp\/v2\/product_brand?post=601"},{"taxonomy":"product_cat","embeddable":true,"href":"https:\/\/productoshubin.com\/en\/wp-json\/wp\/v2\/product_cat?post=601"},{"taxonomy":"product_tag","embeddable":true,"href":"https:\/\/productoshubin.com\/en\/wp-json\/wp\/v2\/product_tag?post=601"}],"curies":[{"name":"wp","href":"https:\/\/api.w.org\/{rel}","templated":true}]}}