{"id":598,"date":"2025-10-23T10:32:09","date_gmt":"2025-10-23T16:32:09","guid":{"rendered":"https:\/\/productoshubin.com\/?post_type=product&#038;p=598"},"modified":"2026-04-16T12:56:10","modified_gmt":"2026-04-16T18:56:10","slug":"pica-gummys-world-mango","status":"publish","type":"product","link":"https:\/\/productoshubin.com\/en\/product\/pica-gummys-world-mango\/","title":{"rendered":"PICA GUMMYS WORLD MANGO"},"content":{"rendered":"<h1 data-section-id=\"1ijnazy\" data-start=\"0\" data-end=\"45\">Pica Gummys World Mango Gomitas con Chile<\/h1>\n<p data-start=\"47\" data-end=\"318\">Disfruta una combinaci\u00f3n irresistible de <strong data-start=\"88\" data-end=\"144\">dulce, frutal y picosito con Pica Gummys World Mango<\/strong> \ud83e\udd6d\ud83c\udf36\ufe0f\ud83c\udf6c. Estas deliciosas <strong data-start=\"171\" data-end=\"213\">gomitas sabor mango cubiertas de chile<\/strong> ofrecen el equilibrio perfecto entre el sabor tropical del mango y un toque picante que las hace \u00fanicas.<\/p>\n<p data-start=\"320\" data-end=\"422\">Perfectas para compartir, para mesas de dulces o para quienes disfrutan botanas con un toque picosito.<\/p>\n<h2 style=\"text-align: left\" data-start=\"52\" data-end=\"299\">\ud83d\udccd Caracter\u00edsticas:<\/h2>\n<ul>\n<li style=\"text-align: left\"><strong>Envase<\/strong>: Bolsa<\/li>\n<li style=\"text-align: left\"><strong>Dise\u00f1o<\/strong>: Mango<\/li>\n<li style=\"text-align: left\"><strong>Familia<\/strong>: Pica Gummy World<\/li>\n<li style=\"text-align: left\"><strong>Contenido neto<\/strong>: 950g.<\/li>\n<li style=\"text-align: left\"><strong>Piezas<\/strong>: 111 gomitas.<\/li>\n<li style=\"text-align: left\"><strong>Peso por pieza<\/strong>: 8.5g.<\/li>\n<li style=\"text-align: left\"><strong>Sabores<\/strong>: Mango<\/li>\n<\/ul>\n<p><em>Agrega al carrito de compra sorpr\u00e9ndete con sus dise\u00f1os y disfruta de su incre\u00edble sabor. \ud83d\udecd\ufe0f<\/em><\/p>","protected":false},"excerpt":{"rendered":"<p>Pica Gummys World Mango Gomitas con Chile Disfruta una combinaci\u00f3n irresistible de dulce, frutal y picosito con Pica Gummys World Mango \ud83e\udd6d\ud83c\udf36\ufe0f\ud83c\udf6c. Estas deliciosas gomitas sabor mango cubiertas de chile ofrecen el equilibrio perfecto entre el sabor tropical del mango y un toque picante que las hace \u00fanicas. Perfectas para compartir, para mesas de dulces [&hellip;]<\/p>\n","protected":false},"featured_media":262853,"template":"","meta":{"inline_featured_image":false},"product_brand":[],"product_cat":[49],"product_tag":[],"class_list":{"0":"post-598","1":"product","2":"type-product","3":"status-publish","4":"has-post-thumbnail","6":"product_cat-gomitas","8":"first","9":"instock","10":"taxable","11":"shipping-taxable","12":"purchasable","13":"product-type-simple"},"_links":{"self":[{"href":"https:\/\/productoshubin.com\/en\/wp-json\/wp\/v2\/product\/598","targetHints":{"allow":["GET"]}}],"collection":[{"href":"https:\/\/productoshubin.com\/en\/wp-json\/wp\/v2\/product"}],"about":[{"href":"https:\/\/productoshubin.com\/en\/wp-json\/wp\/v2\/types\/product"}],"wp:featuredmedia":[{"embeddable":true,"href":"https:\/\/productoshubin.com\/en\/wp-json\/wp\/v2\/media\/262853"}],"wp:attachment":[{"href":"https:\/\/productoshubin.com\/en\/wp-json\/wp\/v2\/media?parent=598"}],"wp:term":[{"taxonomy":"product_brand","embeddable":true,"href":"https:\/\/productoshubin.com\/en\/wp-json\/wp\/v2\/product_brand?post=598"},{"taxonomy":"product_cat","embeddable":true,"href":"https:\/\/productoshubin.com\/en\/wp-json\/wp\/v2\/product_cat?post=598"},{"taxonomy":"product_tag","embeddable":true,"href":"https:\/\/productoshubin.com\/en\/wp-json\/wp\/v2\/product_tag?post=598"}],"curies":[{"name":"wp","href":"https:\/\/api.w.org\/{rel}","templated":true}]}}