{"id":597,"date":"2025-10-23T10:32:09","date_gmt":"2025-10-23T16:32:09","guid":{"rendered":"https:\/\/productoshubin.com\/?post_type=product&#038;p=597"},"modified":"2026-04-30T15:15:59","modified_gmt":"2026-04-30T21:15:59","slug":"pica-gummys-world-sandia","status":"publish","type":"product","link":"https:\/\/productoshubin.com\/en\/product\/pica-gummys-world-sandia\/","title":{"rendered":"PICA GUMMYS WORLD SAND\u00cdA"},"content":{"rendered":"<h1 data-section-id=\"1x33nlc\" data-start=\"0\" data-end=\"46\">Pica Gummys World Sand\u00eda Gomitas con Chile<\/h1>\n<p data-start=\"48\" data-end=\"306\">Disfruta una combinaci\u00f3n irresistible de <strong data-start=\"89\" data-end=\"146\">dulce, frutal y picosito con Pica Gummys World Sand\u00eda<\/strong> \ud83c\udf49\ud83c\udf36\ufe0f\ud83c\udf6c. Estas deliciosas <strong data-start=\"173\" data-end=\"216\">gomitas sabor sand\u00eda cubiertas de chile<\/strong> ofrecen el equilibrio perfecto entre sabor frutal y un toque picante que las hace \u00fanicas.<\/p>\n<p data-start=\"308\" data-end=\"410\">Perfectas para compartir, para mesas de dulces o para quienes disfrutan botanas con un toque picosito.<\/p>\n<h2 style=\"text-align: left\" data-start=\"52\" data-end=\"299\">\ud83d\udccd Caracter\u00edsticas:<\/h2>\n<ul>\n<li style=\"text-align: left\"><strong>Envase<\/strong>: Bolsa<\/li>\n<li style=\"text-align: left\"><strong>Dise\u00f1o<\/strong>: Sandia<\/li>\n<li style=\"text-align: left\"><strong>Familia<\/strong>: Pica Gummy World<\/li>\n<li style=\"text-align: left\"><strong>Contenido neto<\/strong>: 950g.<\/li>\n<li style=\"text-align: left\"><strong>Piezas<\/strong>: 111 gomitas.<\/li>\n<li style=\"text-align: left\"><strong>Peso por pieza<\/strong>: 8.5g.<\/li>\n<li style=\"text-align: left\"><strong>Sabores<\/strong>: Sandia<\/li>\n<\/ul>\n<p><em><br \/>\nAgrega al carrito de compra sorpr\u00e9ndete con sus dise\u00f1os y disfruta de su incre\u00edble sabor. \ud83d\udecd\ufe0f<\/em><\/p>","protected":false},"excerpt":{"rendered":"<p>Pica Gummys World Sand\u00eda Gomitas con Chile Disfruta una combinaci\u00f3n irresistible de dulce, frutal y picosito con Pica Gummys World Sand\u00eda \ud83c\udf49\ud83c\udf36\ufe0f\ud83c\udf6c. Estas deliciosas gomitas sabor sand\u00eda cubiertas de chile ofrecen el equilibrio perfecto entre sabor frutal y un toque picante que las hace \u00fanicas. Perfectas para compartir, para mesas de dulces o para quienes [&hellip;]<\/p>\n","protected":false},"featured_media":262854,"template":"","meta":{"inline_featured_image":false},"product_brand":[],"product_cat":[49],"product_tag":[],"class_list":{"0":"post-597","1":"product","2":"type-product","3":"status-publish","4":"has-post-thumbnail","6":"product_cat-gomitas","8":"first","9":"instock","10":"taxable","11":"shipping-taxable","12":"purchasable","13":"product-type-simple"},"_links":{"self":[{"href":"https:\/\/productoshubin.com\/en\/wp-json\/wp\/v2\/product\/597","targetHints":{"allow":["GET"]}}],"collection":[{"href":"https:\/\/productoshubin.com\/en\/wp-json\/wp\/v2\/product"}],"about":[{"href":"https:\/\/productoshubin.com\/en\/wp-json\/wp\/v2\/types\/product"}],"wp:featuredmedia":[{"embeddable":true,"href":"https:\/\/productoshubin.com\/en\/wp-json\/wp\/v2\/media\/262854"}],"wp:attachment":[{"href":"https:\/\/productoshubin.com\/en\/wp-json\/wp\/v2\/media?parent=597"}],"wp:term":[{"taxonomy":"product_brand","embeddable":true,"href":"https:\/\/productoshubin.com\/en\/wp-json\/wp\/v2\/product_brand?post=597"},{"taxonomy":"product_cat","embeddable":true,"href":"https:\/\/productoshubin.com\/en\/wp-json\/wp\/v2\/product_cat?post=597"},{"taxonomy":"product_tag","embeddable":true,"href":"https:\/\/productoshubin.com\/en\/wp-json\/wp\/v2\/product_tag?post=597"}],"curies":[{"name":"wp","href":"https:\/\/api.w.org\/{rel}","templated":true}]}}