{"id":558,"date":"2025-10-23T10:31:47","date_gmt":"2025-10-23T16:31:47","guid":{"rendered":"https:\/\/productoshubin.com\/?post_type=product&#038;p=558"},"modified":"2026-04-09T13:53:09","modified_gmt":"2026-04-09T19:53:09","slug":"gomibin-cocodrilo","status":"publish","type":"product","link":"https:\/\/productoshubin.com\/en\/product\/gomibin-cocodrilo\/","title":{"rendered":"GOMIBIN COCODRILO"},"content":{"rendered":"<h2 data-start=\"0\" data-end=\"26\"><strong data-start=\"0\" data-end=\"26\">GOMIBIN COCODRILO \ud83d\udc0a\ud83c\udf6c<\/strong><\/h2>\n<p data-start=\"28\" data-end=\"281\">Divertidas <strong data-start=\"39\" data-end=\"73\">gomitas con forma de cocodrilo<\/strong> y <strong data-start=\"76\" data-end=\"107\">deliciosos sabores frutales<\/strong> que har\u00e1n que cada bocado sea una aventura. Su textura suave y su divertido dise\u00f1o las convierten en el dulce perfecto para disfrutar y compartir. \u00a1Atr\u00e9vete a probarlas! \ud83d\ude0b\u2728<\/p>\n<h2 style=\"text-align: left\" data-start=\"52\" data-end=\"299\">\ud83d\udccd Caracter\u00edsticas:<\/h2>\n<ul>\n<li style=\"text-align: left\"><strong>Envase<\/strong>: Bolsa<\/li>\n<li style=\"text-align: left\"><strong>Dise\u00f1o<\/strong>: Cocodrilo<\/li>\n<li style=\"text-align: left\"><strong>Familia<\/strong>: Gomibin<\/li>\n<li style=\"text-align: left\"><strong>Contenido neto<\/strong>: 900g.<\/li>\n<li style=\"text-align: left\"><strong>Piezas<\/strong>: 120 gomitas.<\/li>\n<li style=\"text-align: left\"><strong>Peso por pieza<\/strong>: 7.5g.<\/li>\n<li style=\"text-align: left\"><strong>Sabores<\/strong>: Frutales<\/li>\n<\/ul>\n<p><em><br \/>\nAgrega al carrito de compra sorpr\u00e9ndete con sus dise\u00f1os y disfruta de su incre\u00edble sabor. \ud83d\udecd\ufe0f<\/em><\/p>","protected":false},"excerpt":{"rendered":"<p>GOMIBIN COCODRILO \ud83d\udc0a\ud83c\udf6c Divertidas gomitas con forma de cocodrilo y deliciosos sabores frutales que har\u00e1n que cada bocado sea una aventura. Su textura suave y su divertido dise\u00f1o las convierten en el dulce perfecto para disfrutar y compartir. \u00a1Atr\u00e9vete a probarlas! \ud83d\ude0b\u2728 \ud83d\udccd Caracter\u00edsticas: Envase: Bolsa Dise\u00f1o: Cocodrilo Familia: Gomibin Contenido neto: 900g. Piezas: 120 [&hellip;]<\/p>\n","protected":false},"featured_media":627,"template":"","meta":{"inline_featured_image":false},"product_brand":[],"product_cat":[116],"product_tag":[],"class_list":{"0":"post-558","1":"product","2":"type-product","3":"status-publish","4":"has-post-thumbnail","6":"product_cat-descuento-2","8":"first","9":"instock","10":"sale","11":"featured","12":"taxable","13":"shipping-taxable","14":"purchasable","15":"product-type-simple"},"_links":{"self":[{"href":"https:\/\/productoshubin.com\/en\/wp-json\/wp\/v2\/product\/558","targetHints":{"allow":["GET"]}}],"collection":[{"href":"https:\/\/productoshubin.com\/en\/wp-json\/wp\/v2\/product"}],"about":[{"href":"https:\/\/productoshubin.com\/en\/wp-json\/wp\/v2\/types\/product"}],"wp:featuredmedia":[{"embeddable":true,"href":"https:\/\/productoshubin.com\/en\/wp-json\/wp\/v2\/media\/627"}],"wp:attachment":[{"href":"https:\/\/productoshubin.com\/en\/wp-json\/wp\/v2\/media?parent=558"}],"wp:term":[{"taxonomy":"product_brand","embeddable":true,"href":"https:\/\/productoshubin.com\/en\/wp-json\/wp\/v2\/product_brand?post=558"},{"taxonomy":"product_cat","embeddable":true,"href":"https:\/\/productoshubin.com\/en\/wp-json\/wp\/v2\/product_cat?post=558"},{"taxonomy":"product_tag","embeddable":true,"href":"https:\/\/productoshubin.com\/en\/wp-json\/wp\/v2\/product_tag?post=558"}],"curies":[{"name":"wp","href":"https:\/\/api.w.org\/{rel}","templated":true}]}}