{"id":546,"date":"2025-10-23T16:31:25","date_gmt":"2025-10-23T16:31:25","guid":{"rendered":"https:\/\/productoshubin.com\/?post_type=product&#038;p=546"},"modified":"2026-04-20T16:04:30","modified_gmt":"2026-04-20T22:04:30","slug":"gummy-mini-rellenitax-3d-patitos","status":"publish","type":"product","link":"https:\/\/productoshubin.com\/en\/product\/gummy-mini-rellenitax-3d-patitos\/","title":{"rendered":"MINI RELLENITAX 3D PATITOS"},"content":{"rendered":"<h2 data-start=\"0\" data-end=\"65\"><strong data-start=\"0\" data-end=\"65\"><span class=\"BZ_Pyq_fadeIn\">Mini <\/span><span class=\"BZ_Pyq_fadeIn\">Rellenitax <\/span><span class=\"BZ_Pyq_fadeIn\">3D <\/span><span class=\"BZ_Pyq_fadeIn\">Patitos \ud83d\udc25\ud83c\udf6c \u2013 <\/span><span class=\"BZ_Pyq_fadeIn\">Gomitas <\/span><span class=\"BZ_Pyq_fadeIn\">con <\/span><span class=\"BZ_Pyq_fadeIn\">Relleno <\/span><span class=\"BZ_Pyq_fadeIn\">L\u00edquido<\/span><\/strong><\/h2>\n<p data-start=\"67\" data-end=\"314\"><span class=\"BZ_Pyq_fadeIn\">Disfruta <\/span><span class=\"BZ_Pyq_fadeIn\">un <\/span><span class=\"BZ_Pyq_fadeIn\">dulce <\/span><span class=\"BZ_Pyq_fadeIn\">lleno <\/span><span class=\"BZ_Pyq_fadeIn\">de <\/span><strong data-start=\"94\" data-end=\"115\"><span class=\"BZ_Pyq_fadeIn\">sabor <\/span><span class=\"BZ_Pyq_fadeIn\">y <\/span><span class=\"BZ_Pyq_fadeIn\">diversi\u00f3n<\/span><\/strong> <span class=\"BZ_Pyq_fadeIn\">con <\/span><strong data-start=\"120\" data-end=\"150\"><span class=\"BZ_Pyq_fadeIn\">Mini <\/span><span class=\"BZ_Pyq_fadeIn\">Rellenitax <\/span><span class=\"BZ_Pyq_fadeIn\">3D <\/span><span class=\"BZ_Pyq_fadeIn\">Patitos<\/span><\/strong><span class=\"BZ_Pyq_fadeIn\">. <\/span><span class=\"BZ_Pyq_fadeIn\">Estas <\/span><span class=\"BZ_Pyq_fadeIn\">deliciosas <\/span><strong data-start=\"169\" data-end=\"220\"><span class=\"BZ_Pyq_fadeIn\">gomitas <\/span><span class=\"BZ_Pyq_fadeIn\">de <\/span><span class=\"BZ_Pyq_fadeIn\">sabores <\/span><span class=\"BZ_Pyq_fadeIn\">frutales <\/span><span class=\"BZ_Pyq_fadeIn\">con <\/span><span class=\"BZ_Pyq_fadeIn\">relleno <\/span><span class=\"BZ_Pyq_fadeIn\">l\u00edquido<\/span><\/strong> <span class=\"BZ_Pyq_fadeIn\">tienen <\/span><span class=\"BZ_Pyq_fadeIn\">una <\/span><span class=\"BZ_Pyq_fadeIn\">adorable <\/span><strong data-start=\"241\" data-end=\"267\"><span class=\"BZ_Pyq_fadeIn\">forma <\/span><span class=\"BZ_Pyq_fadeIn\">de <\/span><span class=\"BZ_Pyq_fadeIn\">patitos <\/span><span class=\"BZ_Pyq_fadeIn\">en <\/span><span class=\"BZ_Pyq_fadeIn\">3D<\/span><\/strong><span class=\"BZ_Pyq_fadeIn\">, <\/span><span class=\"BZ_Pyq_fadeIn\">que <\/span><span class=\"BZ_Pyq_fadeIn\">las <\/span><span class=\"BZ_Pyq_fadeIn\">hace <\/span><span class=\"BZ_Pyq_fadeIn\">a\u00fan <\/span><span class=\"BZ_Pyq_fadeIn\">m\u00e1s <\/span><span class=\"BZ_Pyq_fadeIn\">llamativas <\/span><span class=\"BZ_Pyq_fadeIn\">y <\/span><span class=\"BZ_Pyq_fadeIn\">divertidas.<\/span><\/p>\n<p data-start=\"316\" data-end=\"543\"><span class=\"BZ_Pyq_fadeIn\">Su <\/span><strong data-start=\"319\" data-end=\"377\"><span class=\"BZ_Pyq_fadeIn\">suave <\/span><span class=\"BZ_Pyq_fadeIn\">textura <\/span><span class=\"BZ_Pyq_fadeIn\">por <\/span><span class=\"BZ_Pyq_fadeIn\">fuera <\/span><span class=\"BZ_Pyq_fadeIn\">y <\/span><span class=\"BZ_Pyq_fadeIn\">su <\/span><span class=\"BZ_Pyq_fadeIn\">centro <\/span><span class=\"BZ_Pyq_fadeIn\">l\u00edquido <\/span><span class=\"BZ_Pyq_fadeIn\">por <\/span><span class=\"BZ_Pyq_fadeIn\">dentro<\/span><\/strong> <span class=\"BZ_Pyq_fadeIn\">crean <\/span><span class=\"BZ_Pyq_fadeIn\">una <\/span><span class=\"BZ_Pyq_fadeIn\">experiencia <\/span><span class=\"BZ_Pyq_fadeIn\">irresistible <\/span><span class=\"BZ_Pyq_fadeIn\">en <\/span><span class=\"BZ_Pyq_fadeIn\">cada <\/span><span class=\"BZ_Pyq_fadeIn\">mordida. <\/span><span class=\"BZ_Pyq_fadeIn\">Son <\/span><span class=\"BZ_Pyq_fadeIn\">perfectas <\/span><span class=\"BZ_Pyq_fadeIn\">para <\/span><strong data-start=\"449\" data-end=\"542\"><span class=\"BZ_Pyq_fadeIn\">compartir, <\/span><span class=\"BZ_Pyq_fadeIn\">fiestas, <\/span><span class=\"BZ_Pyq_fadeIn\">mesas <\/span><span class=\"BZ_Pyq_fadeIn\">de <\/span><span class=\"BZ_Pyq_fadeIn\">dulces <\/span><span class=\"BZ_Pyq_fadeIn\">o <\/span><span class=\"BZ_Pyq_fadeIn\">simplemente <\/span><span class=\"BZ_Pyq_fadeIn\">para <\/span><span class=\"BZ_Pyq_fadeIn\">disfrutar <\/span><span class=\"BZ_Pyq_fadeIn\">un <\/span><span class=\"BZ_Pyq_fadeIn\">antojo <\/span><span class=\"BZ_Pyq_fadeIn\">lleno <\/span><span class=\"BZ_Pyq_fadeIn\">de <\/span><span class=\"BZ_Pyq_fadeIn\">sabor<\/span><\/strong><span class=\"BZ_Pyq_fadeIn\">.<\/span><\/p>\n<h2 style=\"text-align: left;\" data-start=\"52\" data-end=\"299\">\ud83d\udccd Caracter\u00edsticas:<\/h2>\n<ul>\n<li style=\"text-align: left;\"><strong>Envase<\/strong>: Vitrolero\/Bote<\/li>\n<li style=\"text-align: left;\"><strong>Dise\u00f1o<\/strong>: Patitos<\/li>\n<li style=\"text-align: left;\"><strong>Familia<\/strong>: Mini Rellenitax 3D<\/li>\n<li style=\"text-align: left;\"><strong>Contenido neto<\/strong>: 200g.<\/li>\n<li style=\"text-align: left;\"><strong>Piezas<\/strong>: 100 gomitas.<\/li>\n<li style=\"text-align: left;\"><strong>Peso por pieza<\/strong>: 2g.<\/li>\n<li style=\"text-align: left;\"><strong>Sabores<\/strong>: Frutales<\/li>\n<\/ul>\n<p><em><br \/>\nAgrega al carrito de compra sorpr\u00e9ndete con sus dise\u00f1os y disfruta de su incre\u00edble sabor. \ud83d\udecd\ufe0f<\/em><\/p>","protected":false},"excerpt":{"rendered":"<p>Mini Rellenitax 3D Patitos \ud83d\udc25\ud83c\udf6c \u2013 Gomitas con Relleno L\u00edquido Disfruta un dulce lleno de sabor y diversi\u00f3n con Mini Rellenitax 3D Patitos. Estas deliciosas gomitas de sabores frutales con relleno l\u00edquido tienen una adorable forma de patitos en 3D, que las hace a\u00fan m\u00e1s llamativas y divertidas. Su suave textura por fuera y su [&hellip;]<\/p>\n","protected":false},"featured_media":610,"template":"","meta":{"inline_featured_image":false},"product_brand":[],"product_cat":[122,49],"product_tag":[],"class_list":{"0":"post-546","1":"product","2":"type-product","3":"status-publish","4":"has-post-thumbnail","6":"product_cat-descuento-20","7":"product_cat-gomitas","9":"first","10":"instock","11":"taxable","12":"shipping-taxable","13":"purchasable","14":"product-type-simple"},"_links":{"self":[{"href":"https:\/\/productoshubin.com\/en\/wp-json\/wp\/v2\/product\/546","targetHints":{"allow":["GET"]}}],"collection":[{"href":"https:\/\/productoshubin.com\/en\/wp-json\/wp\/v2\/product"}],"about":[{"href":"https:\/\/productoshubin.com\/en\/wp-json\/wp\/v2\/types\/product"}],"wp:featuredmedia":[{"embeddable":true,"href":"https:\/\/productoshubin.com\/en\/wp-json\/wp\/v2\/media\/610"}],"wp:attachment":[{"href":"https:\/\/productoshubin.com\/en\/wp-json\/wp\/v2\/media?parent=546"}],"wp:term":[{"taxonomy":"product_brand","embeddable":true,"href":"https:\/\/productoshubin.com\/en\/wp-json\/wp\/v2\/product_brand?post=546"},{"taxonomy":"product_cat","embeddable":true,"href":"https:\/\/productoshubin.com\/en\/wp-json\/wp\/v2\/product_cat?post=546"},{"taxonomy":"product_tag","embeddable":true,"href":"https:\/\/productoshubin.com\/en\/wp-json\/wp\/v2\/product_tag?post=546"}],"curies":[{"name":"wp","href":"https:\/\/api.w.org\/{rel}","templated":true}]}}