{"id":520,"date":"2025-10-23T16:30:39","date_gmt":"2025-10-23T16:30:39","guid":{"rendered":"https:\/\/productoshubin.com\/?post_type=product&#038;p=520"},"modified":"2026-04-22T13:01:20","modified_gmt":"2026-04-22T19:01:20","slug":"gummy-oxitos-pops-neon","status":"publish","type":"product","link":"https:\/\/productoshubin.com\/en\/product\/gummy-oxitos-pops-neon\/","title":{"rendered":"GUMMY OXITOS POP&#8217;S NE\u00d3N"},"content":{"rendered":"<h2 data-start=\"0\" data-end=\"32\"><strong data-start=\"0\" data-end=\"32\">GUMMY OXITOS POP&#8217;S NE\u00d3N \ud83e\uddf8\ud83c\udf6c<\/strong><\/h2>\n<p data-start=\"34\" data-end=\"406\">\u00a1Tiernos, coloridos y llenos de sabor! Los <strong data-start=\"77\" data-end=\"98\">Ositos Pop\u2019s Ne\u00f3n<\/strong> son deliciosas <strong data-start=\"114\" data-end=\"145\">gomitas de sabores frutales<\/strong> con divertida <strong data-start=\"160\" data-end=\"178\">forma de osito<\/strong>, presentadas en un incre\u00edble <strong data-start=\"208\" data-end=\"223\">palito ne\u00f3n<\/strong> que las hace a\u00fan m\u00e1s llamativas. Perfectas para disfrutar, compartir o vender, ya que combinan dulzura, color y diversi\u00f3n en cada pieza. \u00a1Un dulce que encanta a chicos y grandes! \u2728\ud83d\ude0b<\/p>\n<h2 style=\"text-align: left;\" data-start=\"52\" data-end=\"299\">\ud83d\udccd Caracter\u00edsticas:<\/h2>\n<ul>\n<li style=\"text-align: left;\"><strong>Envase<\/strong>: Display<\/li>\n<li style=\"text-align: left;\"><strong>Dise\u00f1o<\/strong>: Ositos<\/li>\n<li style=\"text-align: left;\"><strong>Familia<\/strong>: Gummy Pops N\u00e9on<\/li>\n<li style=\"text-align: left;\"><strong>Contenido neto<\/strong>: 330g.<\/li>\n<li style=\"text-align: left;\"><strong>Piezas<\/strong>: 30 Paletas.<\/li>\n<li style=\"text-align: left;\"><strong>Peso por pieza<\/strong>: 11g.<\/li>\n<li style=\"text-align: left;\"><strong>Sabores<\/strong>: Frutales<\/li>\n<\/ul>\n<p><em><br \/>\nAgrega al carrito de compra sorpr\u00e9ndete con sus dise\u00f1os y disfruta de su incre\u00edble sabor. \ud83d\udecd\ufe0f<\/em><\/p>","protected":false},"excerpt":{"rendered":"<p>GUMMY OXITOS POP&#8217;S NE\u00d3N \ud83e\uddf8\ud83c\udf6c \u00a1Tiernos, coloridos y llenos de sabor! Los Ositos Pop\u2019s Ne\u00f3n son deliciosas gomitas de sabores frutales con divertida forma de osito, presentadas en un incre\u00edble palito ne\u00f3n que las hace a\u00fan m\u00e1s llamativas. Perfectas para disfrutar, compartir o vender, ya que combinan dulzura, color y diversi\u00f3n en cada pieza. \u00a1Un [&hellip;]<\/p>\n","protected":false},"featured_media":585,"template":"","meta":{"inline_featured_image":false},"product_brand":[],"product_cat":[49,39,75],"product_tag":[],"class_list":{"0":"post-520","1":"product","2":"type-product","3":"status-publish","4":"has-post-thumbnail","6":"product_cat-gomitas","7":"product_cat-importaciones","8":"product_cat-neon","10":"first","11":"instock","12":"taxable","13":"shipping-taxable","14":"purchasable","15":"product-type-simple"},"_links":{"self":[{"href":"https:\/\/productoshubin.com\/en\/wp-json\/wp\/v2\/product\/520","targetHints":{"allow":["GET"]}}],"collection":[{"href":"https:\/\/productoshubin.com\/en\/wp-json\/wp\/v2\/product"}],"about":[{"href":"https:\/\/productoshubin.com\/en\/wp-json\/wp\/v2\/types\/product"}],"wp:featuredmedia":[{"embeddable":true,"href":"https:\/\/productoshubin.com\/en\/wp-json\/wp\/v2\/media\/585"}],"wp:attachment":[{"href":"https:\/\/productoshubin.com\/en\/wp-json\/wp\/v2\/media?parent=520"}],"wp:term":[{"taxonomy":"product_brand","embeddable":true,"href":"https:\/\/productoshubin.com\/en\/wp-json\/wp\/v2\/product_brand?post=520"},{"taxonomy":"product_cat","embeddable":true,"href":"https:\/\/productoshubin.com\/en\/wp-json\/wp\/v2\/product_cat?post=520"},{"taxonomy":"product_tag","embeddable":true,"href":"https:\/\/productoshubin.com\/en\/wp-json\/wp\/v2\/product_tag?post=520"}],"curies":[{"name":"wp","href":"https:\/\/api.w.org\/{rel}","templated":true}]}}