{"id":517,"date":"2025-10-23T16:30:39","date_gmt":"2025-10-23T16:30:39","guid":{"rendered":"https:\/\/productoshubin.com\/?post_type=product&#038;p=517"},"modified":"2026-04-10T18:20:49","modified_gmt":"2026-04-11T00:20:49","slug":"mini-rellenitax-3d-casino","status":"publish","type":"product","link":"https:\/\/productoshubin.com\/en\/product\/mini-rellenitax-3d-casino\/","title":{"rendered":"MINI RELLENITAX 3D CASINO"},"content":{"rendered":"<h2 data-start=\"0\" data-end=\"34\"><strong data-start=\"0\" data-end=\"34\">MINI RELLENITAX 3D CASINO \ud83c\udfb0\ud83c\udf6c<\/strong><\/h2>\n<p data-start=\"36\" data-end=\"372\">\u00a1La suerte tambi\u00e9n sabe dulce! Las <strong data-start=\"71\" data-end=\"100\">Mini Rellenitax 3D Casino<\/strong> son deliciosas <strong data-start=\"116\" data-end=\"167\">gomitas con relleno l\u00edquido de sabores frutales<\/strong> que sorprenden con su divertida tem\u00e1tica y una explosi\u00f3n de sabor en cada mordida. Perfectas para compartir, vender o disfrutar en cualquier momento. \u00a1Una golosina peque\u00f1a, divertida y llena de sabor! \u2728\ud83d\ude0b<\/p>\n<h2 style=\"text-align: left;\" data-start=\"52\" data-end=\"299\">\ud83d\udccd Caracter\u00edsticas:<\/h2>\n<ul>\n<li style=\"text-align: left;\"><strong>Envase<\/strong>: Vitrolero\/Bote<\/li>\n<li style=\"text-align: left;\"><strong>Dise\u00f1o<\/strong>: Casino<\/li>\n<li style=\"text-align: left;\"><strong>Familia<\/strong>: Mini Rellenitax 3D<\/li>\n<li style=\"text-align: left;\"><strong>Contenido neto<\/strong>: 200g.<\/li>\n<li style=\"text-align: left;\"><strong>Piezas<\/strong>: 100 gomitas.<\/li>\n<li style=\"text-align: left;\"><strong>Peso por pieza<\/strong>: 2g.<\/li>\n<li style=\"text-align: left;\"><strong>Sabores<\/strong>: Frutales<\/li>\n<\/ul>\n<p><em><br \/>\nAgrega al carrito de compra sorpr\u00e9ndete con sus dise\u00f1os y disfruta de su incre\u00edble sabor. \ud83d\udecd\ufe0f<\/em><\/p>","protected":false},"excerpt":{"rendered":"<p>MINI RELLENITAX 3D CASINO \ud83c\udfb0\ud83c\udf6c \u00a1La suerte tambi\u00e9n sabe dulce! Las Mini Rellenitax 3D Casino son deliciosas gomitas con relleno l\u00edquido de sabores frutales que sorprenden con su divertida tem\u00e1tica y una explosi\u00f3n de sabor en cada mordida. Perfectas para compartir, vender o disfrutar en cualquier momento. \u00a1Una golosina peque\u00f1a, divertida y llena de sabor! [&hellip;]<\/p>\n","protected":false},"featured_media":578,"template":"","meta":{"inline_featured_image":false},"product_brand":[],"product_cat":[122,49],"product_tag":[],"class_list":{"0":"post-517","1":"product","2":"type-product","3":"status-publish","4":"has-post-thumbnail","6":"product_cat-descuento-20","7":"product_cat-gomitas","9":"first","10":"instock","11":"taxable","12":"shipping-taxable","13":"purchasable","14":"product-type-simple"},"_links":{"self":[{"href":"https:\/\/productoshubin.com\/en\/wp-json\/wp\/v2\/product\/517","targetHints":{"allow":["GET"]}}],"collection":[{"href":"https:\/\/productoshubin.com\/en\/wp-json\/wp\/v2\/product"}],"about":[{"href":"https:\/\/productoshubin.com\/en\/wp-json\/wp\/v2\/types\/product"}],"wp:featuredmedia":[{"embeddable":true,"href":"https:\/\/productoshubin.com\/en\/wp-json\/wp\/v2\/media\/578"}],"wp:attachment":[{"href":"https:\/\/productoshubin.com\/en\/wp-json\/wp\/v2\/media?parent=517"}],"wp:term":[{"taxonomy":"product_brand","embeddable":true,"href":"https:\/\/productoshubin.com\/en\/wp-json\/wp\/v2\/product_brand?post=517"},{"taxonomy":"product_cat","embeddable":true,"href":"https:\/\/productoshubin.com\/en\/wp-json\/wp\/v2\/product_cat?post=517"},{"taxonomy":"product_tag","embeddable":true,"href":"https:\/\/productoshubin.com\/en\/wp-json\/wp\/v2\/product_tag?post=517"}],"curies":[{"name":"wp","href":"https:\/\/api.w.org\/{rel}","templated":true}]}}