{"id":515,"date":"2025-10-23T16:30:39","date_gmt":"2025-10-23T16:30:39","guid":{"rendered":"https:\/\/productoshubin.com\/?post_type=product&#038;p=515"},"modified":"2026-04-06T16:55:14","modified_gmt":"2026-04-06T22:55:14","slug":"gummy-halloween-pops-neon","status":"publish","type":"product","link":"https:\/\/productoshubin.com\/en\/product\/gummy-halloween-pops-neon\/","title":{"rendered":"GUMMY HALLOWEEN POP\u00b4S NEON"},"content":{"rendered":"<div class=\"flex flex-col text-sm pb-25\">\n<article class=\"text-token-text-primary w-full focus:outline-none [--shadow-height:45px] has-data-writing-block:pointer-events-none has-data-writing-block:-mt-(--shadow-height) has-data-writing-block:pt-(--shadow-height) [&amp;:has([data-writing-block])&gt;*]:pointer-events-auto scroll-mt-[calc(var(--header-height)+min(200px,max(70px,20svh)))]\" dir=\"auto\" tabindex=\"-1\" data-turn-id=\"request-69a8ae3a-11b8-83e8-a810-80a02931ddc2-52\" data-testid=\"conversation-turn-144\" data-scroll-anchor=\"true\" data-turn=\"assistant\">\n<div class=\"text-base my-auto mx-auto pb-10 [--thread-content-margin:var(--thread-content-margin-xs,calc(var(--spacing)*4))] @w-sm\/main:[--thread-content-margin:var(--thread-content-margin-sm,calc(var(--spacing)*6))] @w-lg\/main:[--thread-content-margin:var(--thread-content-margin-lg,calc(var(--spacing)*16))] px-(--thread-content-margin)\">\n<div class=\"[--thread-content-max-width:40rem] @w-lg\/main:[--thread-content-max-width:48rem] mx-auto max-w-(--thread-content-max-width) flex-1 group\/turn-messages focus-visible:outline-hidden relative flex w-full min-w-0 flex-col agent-turn\" tabindex=\"-1\">\n<div class=\"flex max-w-full flex-col gap-4 grow\">\n<div class=\"min-h-8 text-message relative flex w-full flex-col items-end gap-2 text-start break-words whitespace-normal [.text-message+&amp;]:mt-1\" dir=\"auto\" data-message-author-role=\"assistant\" data-message-id=\"1f640356-379c-4c15-b8f7-aa5d87b6a684\" data-message-model-slug=\"gpt-5-3\">\n<div class=\"flex w-full flex-col gap-1 empty:hidden\">\n<div class=\"markdown prose dark:prose-invert w-full wrap-break-word light markdown-new-styling\">\n<h2 data-start=\"0\" data-end=\"35\"><strong data-start=\"0\" data-end=\"35\">GUMMY HALLOWEEN POP\u2019S NE\u00d3N \ud83c\udf83\ud83c\udf6c<\/strong><\/h2>\n<p data-start=\"37\" data-end=\"411\">\u00a1La diversi\u00f3n m\u00e1s dulce y espeluznante lleg\u00f3 con <strong data-start=\"86\" data-end=\"110\">Halloween Pop\u2019s Ne\u00f3n<\/strong>! Deliciosas <strong data-start=\"123\" data-end=\"154\">gomitas de sabores frutales<\/strong> con divertidas formas inspiradas en Halloween, acompa\u00f1adas de un llamativo <strong data-start=\"230\" data-end=\"245\">palito ne\u00f3n<\/strong> que las hace a\u00fan m\u00e1s irresistibles. Perfectas para fiestas, dulcer\u00edas o para disfrutar un momento lleno de sabor y color. \u00a1Un dulce que encanta a chicos y grandes! \u2728<\/p>\n<h2 style=\"text-align: left;\" data-start=\"52\" data-end=\"299\">\ud83d\udccd Caracter\u00edsticas:<\/h2>\n<ul>\n<li style=\"text-align: left;\"><strong>Envase<\/strong>: Display<\/li>\n<li style=\"text-align: left;\"><strong>Dise\u00f1o<\/strong>: Halloween<\/li>\n<li style=\"text-align: left;\"><strong>Familia<\/strong>: Gummy Pop\u00b4s N\u00e9on<\/li>\n<li style=\"text-align: left;\"><strong>Contenido neto<\/strong>: 330g.<\/li>\n<li style=\"text-align: left;\"><strong>Piezas<\/strong>: 30 paletitas.<\/li>\n<li style=\"text-align: left;\"><strong>Peso por pieza<\/strong>: 11g.<\/li>\n<li style=\"text-align: left;\"><strong>Sabores<\/strong>: Frutales<\/li>\n<\/ul>\n<p><em><br \/>\nAgrega al carrito de compra sorpr\u00e9ndete con sus dise\u00f1os y disfruta de su incre\u00edble sabor. \ud83d\udecd\ufe0f<\/em><\/p>\n<\/div>\n<\/div>\n<\/div>\n<\/div>\n<\/div>\n<\/div>\n<\/article>\n<\/div>\n","protected":false},"excerpt":{"rendered":"<p>GUMMY HALLOWEEN POP\u2019S NE\u00d3N \ud83c\udf83\ud83c\udf6c \u00a1La diversi\u00f3n m\u00e1s dulce y espeluznante lleg\u00f3 con Halloween Pop\u2019s Ne\u00f3n! Deliciosas gomitas de sabores frutales con divertidas formas inspiradas en Halloween, acompa\u00f1adas de un llamativo palito ne\u00f3n que las hace a\u00fan m\u00e1s irresistibles. Perfectas para fiestas, dulcer\u00edas o para disfrutar un momento lleno de sabor y color. \u00a1Un dulce [&hellip;]<\/p>\n","protected":false},"featured_media":574,"template":"","meta":{"inline_featured_image":false},"product_brand":[],"product_cat":[49,39,75],"product_tag":[],"class_list":{"0":"post-515","1":"product","2":"type-product","3":"status-publish","4":"has-post-thumbnail","6":"product_cat-gomitas","7":"product_cat-importaciones","8":"product_cat-neon","10":"first","11":"outofstock","12":"taxable","13":"shipping-taxable","14":"purchasable","15":"product-type-simple"},"_links":{"self":[{"href":"https:\/\/productoshubin.com\/en\/wp-json\/wp\/v2\/product\/515","targetHints":{"allow":["GET"]}}],"collection":[{"href":"https:\/\/productoshubin.com\/en\/wp-json\/wp\/v2\/product"}],"about":[{"href":"https:\/\/productoshubin.com\/en\/wp-json\/wp\/v2\/types\/product"}],"wp:featuredmedia":[{"embeddable":true,"href":"https:\/\/productoshubin.com\/en\/wp-json\/wp\/v2\/media\/574"}],"wp:attachment":[{"href":"https:\/\/productoshubin.com\/en\/wp-json\/wp\/v2\/media?parent=515"}],"wp:term":[{"taxonomy":"product_brand","embeddable":true,"href":"https:\/\/productoshubin.com\/en\/wp-json\/wp\/v2\/product_brand?post=515"},{"taxonomy":"product_cat","embeddable":true,"href":"https:\/\/productoshubin.com\/en\/wp-json\/wp\/v2\/product_cat?post=515"},{"taxonomy":"product_tag","embeddable":true,"href":"https:\/\/productoshubin.com\/en\/wp-json\/wp\/v2\/product_tag?post=515"}],"curies":[{"name":"wp","href":"https:\/\/api.w.org\/{rel}","templated":true}]}}