{"id":514,"date":"2025-10-23T16:30:39","date_gmt":"2025-10-23T16:30:39","guid":{"rendered":"https:\/\/productoshubin.com\/?post_type=product&#038;p=514"},"modified":"2026-04-30T15:31:52","modified_gmt":"2026-04-30T21:31:52","slug":"gummy-nievecita-pops-neon","status":"publish","type":"product","link":"https:\/\/productoshubin.com\/en\/product\/gummy-nievecita-pops-neon\/","title":{"rendered":"GUMMY \u00d1IEVECITA POP&#8217;S NE\u00d3N"},"content":{"rendered":"<h2 data-start=\"0\" data-end=\"65\"><strong data-start=\"0\" data-end=\"65\"><span class=\"BZ_Pyq_fadeIn\">Gummy <\/span><span class=\"BZ_Pyq_fadeIn\">\u00d1ievecita <\/span><span class=\"BZ_Pyq_fadeIn\">Pop\u2019s <\/span><span class=\"BZ_Pyq_fadeIn\">Neon \u2744\ufe0f\ud83c\udf6c \u2013 <\/span><span class=\"BZ_Pyq_fadeIn\">Gomitas <\/span><span class=\"BZ_Pyq_fadeIn\">de <\/span><span class=\"BZ_Pyq_fadeIn\">Sabores <\/span><span class=\"BZ_Pyq_fadeIn\">Frutales<\/span><\/strong><\/h2>\n<p data-start=\"67\" data-end=\"352\"><span class=\"BZ_Pyq_fadeIn\">Disfruta <\/span><span class=\"BZ_Pyq_fadeIn\">un <\/span><span class=\"BZ_Pyq_fadeIn\">dulce <\/span><span class=\"BZ_Pyq_fadeIn\">lleno <\/span><span class=\"BZ_Pyq_fadeIn\">de <\/span><strong data-start=\"94\" data-end=\"122\"><span class=\"BZ_Pyq_fadeIn\">color, <\/span><span class=\"BZ_Pyq_fadeIn\">sabor <\/span><span class=\"BZ_Pyq_fadeIn\">y <\/span><span class=\"BZ_Pyq_fadeIn\">diversi\u00f3n<\/span><\/strong> <span class=\"BZ_Pyq_fadeIn\">con <\/span><strong data-start=\"127\" data-end=\"157\"><span class=\"BZ_Pyq_fadeIn\">Gummy <\/span><span class=\"BZ_Pyq_fadeIn\">\u00d1ievecita <\/span><span class=\"BZ_Pyq_fadeIn\">Pop\u2019s <\/span><span class=\"BZ_Pyq_fadeIn\">Neon<\/span><\/strong><span class=\"BZ_Pyq_fadeIn\">. <\/span><span class=\"BZ_Pyq_fadeIn\">Estas <\/span><strong data-start=\"165\" data-end=\"216\"><span class=\"BZ_Pyq_fadeIn\">suaves <\/span><span class=\"BZ_Pyq_fadeIn\">y <\/span><span class=\"BZ_Pyq_fadeIn\">deliciosas <\/span><span class=\"BZ_Pyq_fadeIn\">gomitas <\/span><span class=\"BZ_Pyq_fadeIn\">de <\/span><span class=\"BZ_Pyq_fadeIn\">sabores <\/span><span class=\"BZ_Pyq_fadeIn\">frutales<\/span><\/strong> <span class=\"BZ_Pyq_fadeIn\">destacan <\/span><span class=\"BZ_Pyq_fadeIn\">por <\/span><span class=\"BZ_Pyq_fadeIn\">su <\/span><strong data-start=\"233\" data-end=\"265\"><span class=\"BZ_Pyq_fadeIn\">divertida <\/span><span class=\"BZ_Pyq_fadeIn\">forma <\/span><span class=\"BZ_Pyq_fadeIn\">de <\/span><span class=\"BZ_Pyq_fadeIn\">\u00f1ievecita<\/span><\/strong><span class=\"BZ_Pyq_fadeIn\">, <\/span><span class=\"BZ_Pyq_fadeIn\">presentadas <\/span><span class=\"BZ_Pyq_fadeIn\">en <\/span><span class=\"BZ_Pyq_fadeIn\">un <\/span><span class=\"BZ_Pyq_fadeIn\">incre\u00edble <\/span><strong data-start=\"295\" data-end=\"319\"><span class=\"BZ_Pyq_fadeIn\">palito <\/span><span class=\"BZ_Pyq_fadeIn\">con <\/span><span class=\"BZ_Pyq_fadeIn\">base <\/span><span class=\"BZ_Pyq_fadeIn\">ne\u00f3n<\/span><\/strong> <span class=\"BZ_Pyq_fadeIn\">que <\/span><span class=\"BZ_Pyq_fadeIn\">las <\/span><span class=\"BZ_Pyq_fadeIn\">hace <\/span><span class=\"BZ_Pyq_fadeIn\">a\u00fan <\/span><span class=\"BZ_Pyq_fadeIn\">m\u00e1s <\/span><span class=\"BZ_Pyq_fadeIn\">llamativas.<\/span><\/p>\n<p data-start=\"354\" data-end=\"581\"><span class=\"BZ_Pyq_fadeIn\">Son <\/span><span class=\"BZ_Pyq_fadeIn\">perfectas <\/span><span class=\"BZ_Pyq_fadeIn\">para <\/span><strong data-start=\"373\" data-end=\"464\"><span class=\"BZ_Pyq_fadeIn\">fiestas, <\/span><span class=\"BZ_Pyq_fadeIn\">mesas <\/span><span class=\"BZ_Pyq_fadeIn\">de <\/span><span class=\"BZ_Pyq_fadeIn\">dulces, <\/span><span class=\"BZ_Pyq_fadeIn\">eventos <\/span><span class=\"BZ_Pyq_fadeIn\">o <\/span><span class=\"BZ_Pyq_fadeIn\">simplemente <\/span><span class=\"BZ_Pyq_fadeIn\">para <\/span><span class=\"BZ_Pyq_fadeIn\">disfrutar <\/span><span class=\"BZ_Pyq_fadeIn\">un <\/span><span class=\"BZ_Pyq_fadeIn\">antojo <\/span><span class=\"BZ_Pyq_fadeIn\">lleno <\/span><span class=\"BZ_Pyq_fadeIn\">de <\/span><span class=\"BZ_Pyq_fadeIn\">sabor<\/span><\/strong><span class=\"BZ_Pyq_fadeIn\">. <\/span><span class=\"BZ_Pyq_fadeIn\">Su <\/span><span class=\"BZ_Pyq_fadeIn\">presentaci\u00f3n <\/span><span class=\"BZ_Pyq_fadeIn\">colorida <\/span><span class=\"BZ_Pyq_fadeIn\">y <\/span><span class=\"BZ_Pyq_fadeIn\">su <\/span><span class=\"BZ_Pyq_fadeIn\">delicioso <\/span><span class=\"BZ_Pyq_fadeIn\">sabor <\/span><span class=\"BZ_Pyq_fadeIn\">frutal <\/span><span class=\"BZ_Pyq_fadeIn\">las <\/span><span class=\"BZ_Pyq_fadeIn\">convierten <\/span><span class=\"BZ_Pyq_fadeIn\">en <\/span><span class=\"BZ_Pyq_fadeIn\">una <\/span><span class=\"BZ_Pyq_fadeIn\">golosina <\/span><span class=\"BZ_Pyq_fadeIn\">que <\/span><span class=\"BZ_Pyq_fadeIn\">encanta <\/span><span class=\"BZ_Pyq_fadeIn\">a <\/span><span class=\"BZ_Pyq_fadeIn\">chicos <\/span><span class=\"BZ_Pyq_fadeIn\">y <\/span><span class=\"BZ_Pyq_fadeIn\">grandes.<\/span><\/p>\n<h2 style=\"text-align: left;\" data-start=\"52\" data-end=\"299\">\ud83d\udccd Caracter\u00edsticas:<\/h2>\n<ul>\n<li style=\"text-align: left;\"><strong>Envase<\/strong>: Display<\/li>\n<li style=\"text-align: left;\"><strong>Dise\u00f1o<\/strong>: \u00d1ievesita<\/li>\n<li style=\"text-align: left;\"><strong>Familia<\/strong>: Gummy Pop\u00b4s N\u00e9on<\/li>\n<li style=\"text-align: left;\"><strong>Contenido neto<\/strong>: 330g.<\/li>\n<li style=\"text-align: left;\"><strong>Piezas<\/strong>: 30 paletitas.<\/li>\n<li style=\"text-align: left;\"><strong>Peso por pieza<\/strong>: 11g.<\/li>\n<li style=\"text-align: left;\"><strong>Sabores<\/strong>: Frutales<\/li>\n<\/ul>\n<p><em><br \/>\nAgrega al carrito de compra sorpr\u00e9ndete con sus dise\u00f1os y disfruta de su incre\u00edble sabor. \ud83d\udecd\ufe0f<\/em><\/p>","protected":false},"excerpt":{"rendered":"<p>Gummy \u00d1ievecita Pop\u2019s Neon \u2744\ufe0f\ud83c\udf6c \u2013 Gomitas de Sabores Frutales Disfruta un dulce lleno de color, sabor y diversi\u00f3n con Gummy \u00d1ievecita Pop\u2019s Neon. Estas suaves y deliciosas gomitas de sabores frutales destacan por su divertida forma de \u00f1ievecita, presentadas en un incre\u00edble palito con base ne\u00f3n que las hace a\u00fan m\u00e1s llamativas. Son perfectas [&hellip;]<\/p>\n","protected":false},"featured_media":572,"template":"","meta":{"inline_featured_image":false},"product_brand":[],"product_cat":[49,39,75,59],"product_tag":[],"class_list":{"0":"post-514","1":"product","2":"type-product","3":"status-publish","4":"has-post-thumbnail","6":"product_cat-gomitas","7":"product_cat-importaciones","8":"product_cat-neon","9":"product_cat-temporada","11":"first","12":"instock","13":"taxable","14":"shipping-taxable","15":"purchasable","16":"product-type-simple"},"_links":{"self":[{"href":"https:\/\/productoshubin.com\/en\/wp-json\/wp\/v2\/product\/514","targetHints":{"allow":["GET"]}}],"collection":[{"href":"https:\/\/productoshubin.com\/en\/wp-json\/wp\/v2\/product"}],"about":[{"href":"https:\/\/productoshubin.com\/en\/wp-json\/wp\/v2\/types\/product"}],"wp:featuredmedia":[{"embeddable":true,"href":"https:\/\/productoshubin.com\/en\/wp-json\/wp\/v2\/media\/572"}],"wp:attachment":[{"href":"https:\/\/productoshubin.com\/en\/wp-json\/wp\/v2\/media?parent=514"}],"wp:term":[{"taxonomy":"product_brand","embeddable":true,"href":"https:\/\/productoshubin.com\/en\/wp-json\/wp\/v2\/product_brand?post=514"},{"taxonomy":"product_cat","embeddable":true,"href":"https:\/\/productoshubin.com\/en\/wp-json\/wp\/v2\/product_cat?post=514"},{"taxonomy":"product_tag","embeddable":true,"href":"https:\/\/productoshubin.com\/en\/wp-json\/wp\/v2\/product_tag?post=514"}],"curies":[{"name":"wp","href":"https:\/\/api.w.org\/{rel}","templated":true}]}}