{"id":506,"date":"2025-10-23T16:30:14","date_gmt":"2025-10-23T16:30:14","guid":{"rendered":"https:\/\/productoshubin.com\/?post_type=product&#038;p=506"},"modified":"2026-04-29T17:49:10","modified_gmt":"2026-04-29T23:49:10","slug":"gummy-ranita-pops-neon","status":"publish","type":"product","link":"https:\/\/productoshubin.com\/en\/product\/gummy-ranita-pops-neon\/","title":{"rendered":"GUMMY RANITA POP&#8217;S NE\u00d3N"},"content":{"rendered":"<h2 data-start=\"0\" data-end=\"32\"><strong data-start=\"0\" data-end=\"32\">GUMMY RANITA POP&#8217;S NE\u00d3N \ud83d\udc38\ud83c\udf6c<\/strong><\/h2>\n<p data-start=\"34\" data-end=\"365\">\u00a1Salta de alegr\u00eda con <strong data-start=\"56\" data-end=\"83\">Gummy Ranita Pop\u2019s Ne\u00f3n<\/strong>! Deliciosas <strong data-start=\"96\" data-end=\"127\">gomitas de sabores frutales<\/strong> con divertida <strong data-start=\"142\" data-end=\"161\">forma de ranita<\/strong>, perfectas para disfrutar en cualquier momento. Su presentaci\u00f3n con <strong data-start=\"230\" data-end=\"245\">palito ne\u00f3n<\/strong> las hace a\u00fan m\u00e1s llamativas y perfectas para compartir o vender. \u00a1Una golosina llena de color, sabor y diversi\u00f3n! \u2728\ud83d\ude0b<\/p>\n<h2 style=\"text-align: left;\" data-start=\"52\" data-end=\"299\">\ud83d\udccd Caracter\u00edsticas:<\/h2>\n<ul>\n<li style=\"text-align: left;\"><strong>Envase<\/strong>: Display<\/li>\n<li style=\"text-align: left;\"><strong>Dise\u00f1o<\/strong>: Ranitas<\/li>\n<li style=\"text-align: left;\"><strong>Familia<\/strong>: Gummy Pops N\u00e9on<\/li>\n<li style=\"text-align: left;\"><strong>Contenido neto<\/strong>: 330g.<\/li>\n<li style=\"text-align: left;\"><strong>Piezas<\/strong>: 30 Paletas.<\/li>\n<li style=\"text-align: left;\"><strong>Peso por pieza<\/strong>: 11g.<\/li>\n<li style=\"text-align: left;\"><strong>Sabores<\/strong>: Frutales<\/li>\n<\/ul>\n<p><em><br \/>\nAgrega al carrito de compra sorpr\u00e9ndete con sus dise\u00f1os y disfruta de su incre\u00edble sabor. \ud83d\udecd\ufe0f<\/em><\/p>","protected":false},"excerpt":{"rendered":"<p>GUMMY RANITA POP&#8217;S NE\u00d3N \ud83d\udc38\ud83c\udf6c \u00a1Salta de alegr\u00eda con Gummy Ranita Pop\u2019s Ne\u00f3n! Deliciosas gomitas de sabores frutales con divertida forma de ranita, perfectas para disfrutar en cualquier momento. Su presentaci\u00f3n con palito ne\u00f3n las hace a\u00fan m\u00e1s llamativas y perfectas para compartir o vender. \u00a1Una golosina llena de color, sabor y diversi\u00f3n! \u2728\ud83d\ude0b \ud83d\udccd [&hellip;]<\/p>\n","protected":false},"featured_media":570,"template":"","meta":{"inline_featured_image":false},"product_brand":[],"product_cat":[49,39,75,59],"product_tag":[],"class_list":{"0":"post-506","1":"product","2":"type-product","3":"status-publish","4":"has-post-thumbnail","6":"product_cat-gomitas","7":"product_cat-importaciones","8":"product_cat-neon","9":"product_cat-temporada","11":"first","12":"instock","13":"taxable","14":"shipping-taxable","15":"purchasable","16":"product-type-simple"},"_links":{"self":[{"href":"https:\/\/productoshubin.com\/en\/wp-json\/wp\/v2\/product\/506","targetHints":{"allow":["GET"]}}],"collection":[{"href":"https:\/\/productoshubin.com\/en\/wp-json\/wp\/v2\/product"}],"about":[{"href":"https:\/\/productoshubin.com\/en\/wp-json\/wp\/v2\/types\/product"}],"wp:featuredmedia":[{"embeddable":true,"href":"https:\/\/productoshubin.com\/en\/wp-json\/wp\/v2\/media\/570"}],"wp:attachment":[{"href":"https:\/\/productoshubin.com\/en\/wp-json\/wp\/v2\/media?parent=506"}],"wp:term":[{"taxonomy":"product_brand","embeddable":true,"href":"https:\/\/productoshubin.com\/en\/wp-json\/wp\/v2\/product_brand?post=506"},{"taxonomy":"product_cat","embeddable":true,"href":"https:\/\/productoshubin.com\/en\/wp-json\/wp\/v2\/product_cat?post=506"},{"taxonomy":"product_tag","embeddable":true,"href":"https:\/\/productoshubin.com\/en\/wp-json\/wp\/v2\/product_tag?post=506"}],"curies":[{"name":"wp","href":"https:\/\/api.w.org\/{rel}","templated":true}]}}