{"id":505,"date":"2025-10-23T16:30:14","date_gmt":"2025-10-23T16:30:14","guid":{"rendered":"https:\/\/productoshubin.com\/?post_type=product&#038;p=505"},"modified":"2026-04-30T15:47:47","modified_gmt":"2026-04-30T21:47:47","slug":"gummy-sanditax-pops-neon","status":"publish","type":"product","link":"https:\/\/productoshubin.com\/en\/product\/gummy-sanditax-pops-neon\/","title":{"rendered":"GUMMY SANDITAX POP&#8217;S NE\u00d3N"},"content":{"rendered":"<h2 data-start=\"0\" data-end=\"34\"><strong data-start=\"0\" data-end=\"34\">GUMMY SANDITAX POP&#8217;S NE\u00d3N \ud83c\udf49\ud83c\udf6c<\/strong><\/h2>\n<p data-start=\"36\" data-end=\"320\">\u00a1Disfruta el delicioso sabor frutal con <strong data-start=\"76\" data-end=\"99\">Sanditax Pop\u2019s Ne\u00f3n<\/strong>! Suaves <strong data-start=\"108\" data-end=\"142\">gomitas con forma de sand\u00eda \ud83c\udf49<\/strong> que destacan por su colorido y su irresistible sabor, perfectas para alegrar cualquier momento. Una golosina divertida y llamativa que encanta tanto a chicos como a grandes. \u2728\ud83d\ude0b<\/p>\n<h2 style=\"text-align: left;\" data-start=\"52\" data-end=\"299\">\ud83d\udccd Caracter\u00edsticas:<\/h2>\n<ul>\n<li style=\"text-align: left;\"><strong>Envase<\/strong>: Display<\/li>\n<li style=\"text-align: left;\"><strong>Dise\u00f1o<\/strong>: Sandia<\/li>\n<li style=\"text-align: left;\"><strong>Familia<\/strong>: Gummy Pops N\u00e9on<\/li>\n<li style=\"text-align: left;\"><strong>Contenido neto<\/strong>: 330g.<\/li>\n<li style=\"text-align: left;\"><strong>Piezas<\/strong>: 30 Paletas.<\/li>\n<li style=\"text-align: left;\"><strong>Peso por pieza<\/strong>: 11g.<\/li>\n<li style=\"text-align: left;\"><strong>Sabores<\/strong>: Sandia<\/li>\n<\/ul>\n<p><em><br \/>\nAgrega al carrito de compra sorpr\u00e9ndete con sus dise\u00f1os y disfruta de su incre\u00edble sabor. \ud83d\udecd\ufe0f<\/em><\/p>","protected":false},"excerpt":{"rendered":"<p>GUMMY SANDITAX POP&#8217;S NE\u00d3N \ud83c\udf49\ud83c\udf6c \u00a1Disfruta el delicioso sabor frutal con Sanditax Pop\u2019s Ne\u00f3n! Suaves gomitas con forma de sand\u00eda \ud83c\udf49 que destacan por su colorido y su irresistible sabor, perfectas para alegrar cualquier momento. Una golosina divertida y llamativa que encanta tanto a chicos como a grandes. \u2728\ud83d\ude0b \ud83d\udccd Caracter\u00edsticas: Envase: Display Dise\u00f1o: Sandia [&hellip;]<\/p>\n","protected":false},"featured_media":568,"template":"","meta":{"inline_featured_image":false},"product_brand":[],"product_cat":[49,39,75,59],"product_tag":[],"class_list":{"0":"post-505","1":"product","2":"type-product","3":"status-publish","4":"has-post-thumbnail","6":"product_cat-gomitas","7":"product_cat-importaciones","8":"product_cat-neon","9":"product_cat-temporada","11":"first","12":"instock","13":"taxable","14":"shipping-taxable","15":"purchasable","16":"product-type-simple"},"_links":{"self":[{"href":"https:\/\/productoshubin.com\/en\/wp-json\/wp\/v2\/product\/505","targetHints":{"allow":["GET"]}}],"collection":[{"href":"https:\/\/productoshubin.com\/en\/wp-json\/wp\/v2\/product"}],"about":[{"href":"https:\/\/productoshubin.com\/en\/wp-json\/wp\/v2\/types\/product"}],"wp:featuredmedia":[{"embeddable":true,"href":"https:\/\/productoshubin.com\/en\/wp-json\/wp\/v2\/media\/568"}],"wp:attachment":[{"href":"https:\/\/productoshubin.com\/en\/wp-json\/wp\/v2\/media?parent=505"}],"wp:term":[{"taxonomy":"product_brand","embeddable":true,"href":"https:\/\/productoshubin.com\/en\/wp-json\/wp\/v2\/product_brand?post=505"},{"taxonomy":"product_cat","embeddable":true,"href":"https:\/\/productoshubin.com\/en\/wp-json\/wp\/v2\/product_cat?post=505"},{"taxonomy":"product_tag","embeddable":true,"href":"https:\/\/productoshubin.com\/en\/wp-json\/wp\/v2\/product_tag?post=505"}],"curies":[{"name":"wp","href":"https:\/\/api.w.org\/{rel}","templated":true}]}}