{"id":502,"date":"2025-10-23T16:30:14","date_gmt":"2025-10-23T16:30:14","guid":{"rendered":"https:\/\/productoshubin.com\/?post_type=product&#038;p=502"},"modified":"2026-04-17T10:11:08","modified_gmt":"2026-04-17T16:11:08","slug":"gummy-animal-pop-neon","status":"publish","type":"product","link":"https:\/\/productoshubin.com\/en\/product\/gummy-animal-pop-neon\/","title":{"rendered":"GUMMY ANIMAL POP NE\u00d3N"},"content":{"rendered":"<h2 data-start=\"0\" data-end=\"32\"><strong data-start=\"0\" data-end=\"32\">GUMMY ANIMAL POP NE\u00d3N \ud83d\udc3b\ud83e\udd81\ud83c\udf6c<\/strong><\/h2>\n<p data-start=\"34\" data-end=\"423\">\u00a1M\u00e1s color, m\u00e1s sabor y m\u00e1s diversi\u00f3n! <strong data-start=\"73\" data-end=\"98\">Gummy Animal Pop Ne\u00f3n<\/strong> son deliciosas <strong data-start=\"114\" data-end=\"152\">gomitas suaves de sabores frutales<\/strong> con divertidas <strong data-start=\"168\" data-end=\"192\">formas de animalitos<\/strong>, ahora con una llamativa <strong data-start=\"218\" data-end=\"242\">base en colores ne\u00f3n<\/strong> que las hace a\u00fan m\u00e1s irresistibles. Perfectas para disfrutar, compartir o vender gracias a su presentaci\u00f3n llena de color y sabor. \u00a1Una golosina que encanta a chicos y grandes! \u2728\ud83d\ude0b<\/p>\n<h2 style=\"text-align: left;\" data-start=\"52\" data-end=\"299\">\ud83d\udccd Caracter\u00edsticas:<\/h2>\n<ul>\n<li style=\"text-align: left;\"><strong>Envase<\/strong>: Display<\/li>\n<li style=\"text-align: left;\"><strong>Dise\u00f1o<\/strong>: Animales<\/li>\n<li style=\"text-align: left;\"><strong>Familia<\/strong>: Gummy Pops N\u00e9on<\/li>\n<li style=\"text-align: left;\"><strong>Contenido neto<\/strong>: 330g.<\/li>\n<li style=\"text-align: left;\"><strong>Piezas<\/strong>: 30 Paletas.<\/li>\n<li style=\"text-align: left;\"><strong>Peso por pieza<\/strong>: 11g.<\/li>\n<li style=\"text-align: left;\"><strong>Sabores<\/strong>: Frutales<\/li>\n<\/ul>\n<p><em><br \/>\nAgrega al carrito de compra sorpr\u00e9ndete con sus dise\u00f1os y disfruta de su incre\u00edble sabor. \ud83d\udecd\ufe0f<\/em><\/p>","protected":false},"excerpt":{"rendered":"<p>GUMMY ANIMAL POP NE\u00d3N \ud83d\udc3b\ud83e\udd81\ud83c\udf6c \u00a1M\u00e1s color, m\u00e1s sabor y m\u00e1s diversi\u00f3n! Gummy Animal Pop Ne\u00f3n son deliciosas gomitas suaves de sabores frutales con divertidas formas de animalitos, ahora con una llamativa base en colores ne\u00f3n que las hace a\u00fan m\u00e1s irresistibles. Perfectas para disfrutar, compartir o vender gracias a su presentaci\u00f3n llena de color [&hellip;]<\/p>\n","protected":false},"featured_media":562,"template":"","meta":{"inline_featured_image":false},"product_brand":[],"product_cat":[49,39,75],"product_tag":[],"class_list":{"0":"post-502","1":"product","2":"type-product","3":"status-publish","4":"has-post-thumbnail","6":"product_cat-gomitas","7":"product_cat-importaciones","8":"product_cat-neon","10":"first","11":"instock","12":"taxable","13":"shipping-taxable","14":"purchasable","15":"product-type-simple"},"_links":{"self":[{"href":"https:\/\/productoshubin.com\/en\/wp-json\/wp\/v2\/product\/502","targetHints":{"allow":["GET"]}}],"collection":[{"href":"https:\/\/productoshubin.com\/en\/wp-json\/wp\/v2\/product"}],"about":[{"href":"https:\/\/productoshubin.com\/en\/wp-json\/wp\/v2\/types\/product"}],"wp:featuredmedia":[{"embeddable":true,"href":"https:\/\/productoshubin.com\/en\/wp-json\/wp\/v2\/media\/562"}],"wp:attachment":[{"href":"https:\/\/productoshubin.com\/en\/wp-json\/wp\/v2\/media?parent=502"}],"wp:term":[{"taxonomy":"product_brand","embeddable":true,"href":"https:\/\/productoshubin.com\/en\/wp-json\/wp\/v2\/product_brand?post=502"},{"taxonomy":"product_cat","embeddable":true,"href":"https:\/\/productoshubin.com\/en\/wp-json\/wp\/v2\/product_cat?post=502"},{"taxonomy":"product_tag","embeddable":true,"href":"https:\/\/productoshubin.com\/en\/wp-json\/wp\/v2\/product_tag?post=502"}],"curies":[{"name":"wp","href":"https:\/\/api.w.org\/{rel}","templated":true}]}}