{"id":496,"date":"2025-10-23T10:30:14","date_gmt":"2025-10-23T16:30:14","guid":{"rendered":"https:\/\/productoshubin.com\/?post_type=product&#038;p=496"},"modified":"2026-04-30T17:13:23","modified_gmt":"2026-04-30T23:13:23","slug":"k-pinaton-mix-hubin","status":"publish","type":"product","link":"https:\/\/productoshubin.com\/en\/product\/k-pinaton-mix-hubin\/","title":{"rendered":"K PI\u00d1ATON MIX HUBIN"},"content":{"rendered":"<div class=\"flex flex-col text-sm pb-25\">\n<article class=\"text-token-text-primary w-full focus:outline-none [--shadow-height:45px] has-data-writing-block:pointer-events-none has-data-writing-block:-mt-(--shadow-height) has-data-writing-block:pt-(--shadow-height) [&amp;:has([data-writing-block])&gt;*]:pointer-events-auto scroll-mt-[calc(var(--header-height)+min(200px,max(70px,20svh)))]\" dir=\"auto\" data-turn-id=\"request-69a8ae3a-11b8-83e8-a810-80a02931ddc2-59\" data-testid=\"conversation-turn-158\" data-scroll-anchor=\"true\" data-turn=\"assistant\">\n<div class=\"text-base my-auto mx-auto pb-10 [--thread-content-margin:var(--thread-content-margin-xs,calc(var(--spacing)*4))] @w-sm\/main:[--thread-content-margin:var(--thread-content-margin-sm,calc(var(--spacing)*6))] @w-lg\/main:[--thread-content-margin:var(--thread-content-margin-lg,calc(var(--spacing)*16))] px-(--thread-content-margin)\">\n<div class=\"[--thread-content-max-width:40rem] @w-lg\/main:[--thread-content-max-width:48rem] mx-auto max-w-(--thread-content-max-width) flex-1 group\/turn-messages focus-visible:outline-hidden relative flex w-full min-w-0 flex-col agent-turn\">\n<div class=\"flex max-w-full flex-col gap-4 grow\">\n<div class=\"min-h-8 text-message relative flex w-full flex-col items-end gap-2 text-start break-words whitespace-normal [.text-message+&amp;]:mt-1\" dir=\"auto\" data-message-author-role=\"assistant\" data-message-id=\"5032f9d3-9385-472e-bea1-923e2a051ba4\" data-message-model-slug=\"gpt-5-3\">\n<div class=\"flex w-full flex-col gap-1 empty:hidden\">\n<div class=\"markdown prose dark:prose-invert w-full wrap-break-word light markdown-new-styling\">\n<h2 data-start=\"0\" data-end=\"28\"><strong data-start=\"0\" data-end=\"28\">K PI\u00d1AT\u00d3N MIX HUBIN \ud83c\udf89\ud83c\udf6c<\/strong><\/h2>\n<p data-start=\"30\" data-end=\"371\">\u00a1La opci\u00f3n perfecta para fiestas y celebraciones! <strong data-start=\"80\" data-end=\"103\">K Pi\u00f1at\u00f3n Mix Hubin<\/strong> es un incre\u00edble <strong data-start=\"120\" data-end=\"152\">surtido de dulces y juguetes<\/strong> que incluye <strong data-start=\"165\" data-end=\"179\">1 sorpresa<\/strong>, ideal para pi\u00f1atas, eventos, cumplea\u00f1os o para compartir momentos llenos de diversi\u00f3n. Una mezcla colorida y variada que encanta a chicos y grandes. \u00a1Diversi\u00f3n garantizada en cada bolsa! \u2728\ud83c\udf81<\/p>\n<h2 style=\"text-align: left;\" data-start=\"52\" data-end=\"299\">\ud83d\udccd Caracter\u00edsticas:<\/h2>\n<ul>\n<li style=\"text-align: left;\"><strong>Envase<\/strong>: Bolsa.<\/li>\n<li style=\"text-align: left;\"><strong>Dise\u00f1o<\/strong>: K\u00b4Pi\u00f1aton.<\/li>\n<li style=\"text-align: left;\"><strong>Familia<\/strong>: Bolos.<\/li>\n<li style=\"text-align: left;\"><strong>Contenido neto<\/strong>: 1.3 kg.<\/li>\n<li style=\"text-align: left;\"><strong>Piezas<\/strong>: +200 productos.<\/li>\n<li style=\"text-align: left;\"><strong>Peso por pieza<\/strong>: Varia.<\/li>\n<li style=\"text-align: left;\"><strong>Sabores<\/strong>: Varia.<\/li>\n<\/ul>\n<p><em>Agrega al carrito de compra sorpr\u00e9ndete con sus dise\u00f1os y disfruta de su incre\u00edble sabor. \ud83d\udecd\ufe0f<\/em><\/p>\n<\/div>\n<\/div>\n<\/div>\n<\/div>\n<\/div>\n<\/div>\n<\/article>\n<\/div>\n<div class=\"pointer-events-none h-px w-px absolute bottom-0\" aria-hidden=\"true\" data-edge=\"true\"><\/div>\n","protected":false},"excerpt":{"rendered":"<p>K PI\u00d1AT\u00d3N MIX HUBIN \ud83c\udf89\ud83c\udf6c \u00a1La opci\u00f3n perfecta para fiestas y celebraciones! K Pi\u00f1at\u00f3n Mix Hubin es un incre\u00edble surtido de dulces y juguetes que incluye 1 sorpresa, ideal para pi\u00f1atas, eventos, cumplea\u00f1os o para compartir momentos llenos de diversi\u00f3n. Una mezcla colorida y variada que encanta a chicos y grandes. \u00a1Diversi\u00f3n garantizada en cada [&hellip;]<\/p>\n","protected":false},"featured_media":556,"template":"","meta":{"inline_featured_image":false},"product_brand":[],"product_cat":[47],"product_tag":[],"class_list":{"0":"post-496","1":"product","2":"type-product","3":"status-publish","4":"has-post-thumbnail","6":"product_cat-bolos","8":"first","9":"instock","10":"taxable","11":"shipping-taxable","12":"purchasable","13":"product-type-simple"},"_links":{"self":[{"href":"https:\/\/productoshubin.com\/en\/wp-json\/wp\/v2\/product\/496","targetHints":{"allow":["GET"]}}],"collection":[{"href":"https:\/\/productoshubin.com\/en\/wp-json\/wp\/v2\/product"}],"about":[{"href":"https:\/\/productoshubin.com\/en\/wp-json\/wp\/v2\/types\/product"}],"wp:featuredmedia":[{"embeddable":true,"href":"https:\/\/productoshubin.com\/en\/wp-json\/wp\/v2\/media\/556"}],"wp:attachment":[{"href":"https:\/\/productoshubin.com\/en\/wp-json\/wp\/v2\/media?parent=496"}],"wp:term":[{"taxonomy":"product_brand","embeddable":true,"href":"https:\/\/productoshubin.com\/en\/wp-json\/wp\/v2\/product_brand?post=496"},{"taxonomy":"product_cat","embeddable":true,"href":"https:\/\/productoshubin.com\/en\/wp-json\/wp\/v2\/product_cat?post=496"},{"taxonomy":"product_tag","embeddable":true,"href":"https:\/\/productoshubin.com\/en\/wp-json\/wp\/v2\/product_tag?post=496"}],"curies":[{"name":"wp","href":"https:\/\/api.w.org\/{rel}","templated":true}]}}