{"id":495,"date":"2025-10-23T10:30:14","date_gmt":"2025-10-23T16:30:14","guid":{"rendered":"https:\/\/productoshubin.com\/?post_type=product&#038;p=495"},"modified":"2026-04-23T09:48:33","modified_gmt":"2026-04-23T15:48:33","slug":"gummy-fruti-banderilla","status":"publish","type":"product","link":"https:\/\/productoshubin.com\/en\/product\/gummy-fruti-banderilla\/","title":{"rendered":"GUMMY FRUTI BANDERILLA"},"content":{"rendered":"<p data-start=\"0\" data-end=\"33\"><strong data-start=\"0\" data-end=\"33\">GUMMY FRUTI BANDERILLA \ud83c\udf53\ud83c\udf4d\ud83c\udf6c<\/strong><\/p>\n<p data-start=\"35\" data-end=\"406\">\u00a1Color, sabor y diversi\u00f3n en cada mordida! <strong data-start=\"78\" data-end=\"104\">Gummy Fruti Banderilla<\/strong> son deliciosas <strong data-start=\"120\" data-end=\"195\">gomitas en forma de banderillas con relleno l\u00edquido de sabores frutales<\/strong>, que sorprenden con su suave textura y su explosi\u00f3n de sabor en el centro. Perfectas para disfrutar, compartir o vender gracias a su divertida presentaci\u00f3n. \u00a1Una golosina irresistible para chicos y grandes! \ud83d\ude0b\u2728<\/p>\n<h2 style=\"text-align: left\" data-start=\"52\" data-end=\"299\">\ud83d\udccd Caracter\u00edsticas:<\/h2>\n<ul>\n<li style=\"text-align: left\"><strong>Envase<\/strong>: Vitrolero\/Bote<\/li>\n<li style=\"text-align: left\"><strong>Dise\u00f1o<\/strong>: Frutas<\/li>\n<li style=\"text-align: left\"><strong>Familia<\/strong>: Gummy Banderilla<\/li>\n<li style=\"text-align: left\"><strong>Contenido neto<\/strong>: 240g.<\/li>\n<li style=\"text-align: left\"><strong>Piezas<\/strong>: 30 gomitas<\/li>\n<li style=\"text-align: left\"><strong>Peso por pieza<\/strong>: 8g.<\/li>\n<li style=\"text-align: left\"><strong>Sabores<\/strong>: Frutales<\/li>\n<\/ul>\n<p><em>Agrega al carrito de compra sorpr\u00e9ndete con sus dise\u00f1os y disfruta de su incre\u00edble sabor. \ud83d\udecd\ufe0f<\/em><\/p>","protected":false},"excerpt":{"rendered":"<p>GOMITA CON RELLENO L\u00cdQUIDO SABORES FRUTALES<\/p>","protected":false},"featured_media":554,"template":"","meta":{"inline_featured_image":false},"product_brand":[],"product_cat":[49],"product_tag":[],"class_list":{"0":"post-495","1":"product","2":"type-product","3":"status-publish","4":"has-post-thumbnail","6":"product_cat-gomitas","8":"first","9":"instock","10":"taxable","11":"shipping-taxable","12":"purchasable","13":"product-type-simple"},"_links":{"self":[{"href":"https:\/\/productoshubin.com\/en\/wp-json\/wp\/v2\/product\/495","targetHints":{"allow":["GET"]}}],"collection":[{"href":"https:\/\/productoshubin.com\/en\/wp-json\/wp\/v2\/product"}],"about":[{"href":"https:\/\/productoshubin.com\/en\/wp-json\/wp\/v2\/types\/product"}],"wp:featuredmedia":[{"embeddable":true,"href":"https:\/\/productoshubin.com\/en\/wp-json\/wp\/v2\/media\/554"}],"wp:attachment":[{"href":"https:\/\/productoshubin.com\/en\/wp-json\/wp\/v2\/media?parent=495"}],"wp:term":[{"taxonomy":"product_brand","embeddable":true,"href":"https:\/\/productoshubin.com\/en\/wp-json\/wp\/v2\/product_brand?post=495"},{"taxonomy":"product_cat","embeddable":true,"href":"https:\/\/productoshubin.com\/en\/wp-json\/wp\/v2\/product_cat?post=495"},{"taxonomy":"product_tag","embeddable":true,"href":"https:\/\/productoshubin.com\/en\/wp-json\/wp\/v2\/product_tag?post=495"}],"curies":[{"name":"wp","href":"https:\/\/api.w.org\/{rel}","templated":true}]}}