{"id":484,"date":"2025-10-23T10:29:42","date_gmt":"2025-10-23T16:29:42","guid":{"rendered":"https:\/\/productoshubin.com\/?post_type=product&#038;p=484"},"modified":"2026-04-20T19:01:39","modified_gmt":"2026-04-21T01:01:39","slug":"mini-jelly-pack","status":"publish","type":"product","link":"https:\/\/productoshubin.com\/en\/product\/mini-jelly-pack\/","title":{"rendered":"MINI JELLY PACK"},"content":{"rendered":"<h2 data-start=\"0\" data-end=\"26\"><strong data-start=\"0\" data-end=\"26\">MINI JELLY PACK \ud83c\udf53\ud83c\udf4d\ud83c\udf6e<\/strong><\/h2>\n<p data-start=\"28\" data-end=\"351\">\u00a1Peque\u00f1as, pr\u00e1cticas y llenas de sabor! <strong data-start=\"68\" data-end=\"87\">Mini Jelly Pack<\/strong> son deliciosas <strong data-start=\"103\" data-end=\"145\">gelatinas l\u00edquidas de sabores frutales<\/strong>, perfectas para disfrutar en cualquier momento. Su tama\u00f1o ideal y su presentaci\u00f3n hacen que sean una opci\u00f3n divertida y refrescante para chicos y grandes. \u00a1Una dulce experiencia frutal en cada pieza! \ud83d\ude0b\u2728<\/p>\n<h2 style=\"text-align: left;\" data-start=\"52\" data-end=\"299\">\ud83d\udccd Caracter\u00edsticas:<\/h2>\n<ul>\n<li style=\"text-align: left;\"><strong>Envase<\/strong>: Vitrolero\/Bote<\/li>\n<li style=\"text-align: left;\"><strong>Dise\u00f1o<\/strong>: Frutas<\/li>\n<li style=\"text-align: left;\"><strong>Familia<\/strong>: Jelly<\/li>\n<li style=\"text-align: left;\"><strong>Contenido neto<\/strong>: 780g.<\/li>\n<li style=\"text-align: left;\"><strong>Piezas<\/strong>: 60 gelatinas<\/li>\n<li style=\"text-align: left;\"><strong>Peso por pieza<\/strong>: 13g.<\/li>\n<li style=\"text-align: left;\"><strong>Sabores<\/strong>: Frutales<\/li>\n<\/ul>\n<p><em>Agrega al carrito de compra sorpr\u00e9ndete con sus dise\u00f1os y disfruta de su incre\u00edble sabor. \ud83d\udecd\ufe0f<\/em><\/p>","protected":false},"excerpt":{"rendered":"<p>MINI JELLY PACK \ud83c\udf53\ud83c\udf4d\ud83c\udf6e \u00a1Peque\u00f1as, pr\u00e1cticas y llenas de sabor! Mini Jelly Pack son deliciosas gelatinas l\u00edquidas de sabores frutales, perfectas para disfrutar en cualquier momento. Su tama\u00f1o ideal y su presentaci\u00f3n hacen que sean una opci\u00f3n divertida y refrescante para chicos y grandes. \u00a1Una dulce experiencia frutal en cada pieza! \ud83d\ude0b\u2728 \ud83d\udccd Caracter\u00edsticas: Envase: [&hellip;]<\/p>\n","protected":false},"featured_media":526,"template":"","meta":{"inline_featured_image":false},"product_brand":[],"product_cat":[55],"product_tag":[],"class_list":{"0":"post-484","1":"product","2":"type-product","3":"status-publish","4":"has-post-thumbnail","6":"product_cat-jellys","8":"first","9":"instock","10":"taxable","11":"shipping-taxable","12":"purchasable","13":"product-type-simple"},"_links":{"self":[{"href":"https:\/\/productoshubin.com\/en\/wp-json\/wp\/v2\/product\/484","targetHints":{"allow":["GET"]}}],"collection":[{"href":"https:\/\/productoshubin.com\/en\/wp-json\/wp\/v2\/product"}],"about":[{"href":"https:\/\/productoshubin.com\/en\/wp-json\/wp\/v2\/types\/product"}],"wp:featuredmedia":[{"embeddable":true,"href":"https:\/\/productoshubin.com\/en\/wp-json\/wp\/v2\/media\/526"}],"wp:attachment":[{"href":"https:\/\/productoshubin.com\/en\/wp-json\/wp\/v2\/media?parent=484"}],"wp:term":[{"taxonomy":"product_brand","embeddable":true,"href":"https:\/\/productoshubin.com\/en\/wp-json\/wp\/v2\/product_brand?post=484"},{"taxonomy":"product_cat","embeddable":true,"href":"https:\/\/productoshubin.com\/en\/wp-json\/wp\/v2\/product_cat?post=484"},{"taxonomy":"product_tag","embeddable":true,"href":"https:\/\/productoshubin.com\/en\/wp-json\/wp\/v2\/product_tag?post=484"}],"curies":[{"name":"wp","href":"https:\/\/api.w.org\/{rel}","templated":true}]}}