{"id":461,"date":"2025-10-23T10:29:20","date_gmt":"2025-10-23T16:29:20","guid":{"rendered":"https:\/\/productoshubin.com\/?post_type=product&#038;p=461"},"modified":"2026-03-18T10:17:00","modified_gmt":"2026-03-18T16:17:00","slug":"anillo-calabaza-hubin","status":"publish","type":"product","link":"https:\/\/productoshubin.com\/en\/product\/anillo-calabaza-hubin\/","title":{"rendered":"ANILLO CALABAZA"},"content":{"rendered":"<h2 data-start=\"0\" data-end=\"24\"><strong data-start=\"0\" data-end=\"24\">ANILLO CALABAZA \ud83c\udf83\ud83c\udf6c<\/strong><\/h2>\n<p data-start=\"26\" data-end=\"369\">\u00a1Un dulce divertido para lucir y disfrutar! <strong data-start=\"70\" data-end=\"89\">Anillo Calabaza<\/strong> es un delicioso <strong data-start=\"106\" data-end=\"157\">caramelo macizo con forma de anillo de calabaza<\/strong>, con un irresistible <strong data-start=\"179\" data-end=\"198\">sabor a naranja<\/strong>. Perfecto para sorprender, regalar o disfrutar en cualquier momento, combinando dulzura y diversi\u00f3n en cada pieza. \u00a1Un cl\u00e1sico dulce que encanta a chicos y grandes! \ud83d\ude0b\u2728<\/p>\n<h2 style=\"text-align: left;\" data-start=\"52\" data-end=\"299\">\ud83d\udccd Caracter\u00edsticas:<\/h2>\n<ul>\n<li style=\"text-align: left;\"><strong>Envase<\/strong>: Vitrolero\/Bote<\/li>\n<li style=\"text-align: left;\"><strong>Dise\u00f1o<\/strong>: Calabaza<\/li>\n<li style=\"text-align: left;\"><strong>Familia<\/strong>: Halloween<\/li>\n<li style=\"text-align: left;\"><strong>Contenido neto<\/strong>: 250g.<\/li>\n<li style=\"text-align: left;\"><strong>Piezas<\/strong>: 50 anillos<\/li>\n<li style=\"text-align: left;\"><strong>Peso por pieza<\/strong>: 5g.<\/li>\n<li style=\"text-align: left;\"><strong>Sabores<\/strong>: Naranja<\/li>\n<\/ul>\n<p><em>Agrega al carrito de compra sorpr\u00e9ndete con sus dise\u00f1os y disfruta de su incre\u00edble sabor. \ud83d\udecd\ufe0f<\/em><\/p>","protected":false},"excerpt":{"rendered":"<p>ANILLO CALABAZA \ud83c\udf83\ud83c\udf6c \u00a1Un dulce divertido para lucir y disfrutar! Anillo Calabaza es un delicioso caramelo macizo con forma de anillo de calabaza, con un irresistible sabor a naranja. Perfecto para sorprender, regalar o disfrutar en cualquier momento, combinando dulzura y diversi\u00f3n en cada pieza. \u00a1Un cl\u00e1sico dulce que encanta a chicos y grandes! \ud83d\ude0b\u2728 [&hellip;]<\/p>\n","protected":false},"featured_media":507,"template":"","meta":{"inline_featured_image":false},"product_brand":[],"product_cat":[63],"product_tag":[],"class_list":{"0":"post-461","1":"product","2":"type-product","3":"status-publish","4":"has-post-thumbnail","6":"product_cat-halloween","8":"first","9":"outofstock","10":"taxable","11":"shipping-taxable","12":"purchasable","13":"product-type-simple"},"_links":{"self":[{"href":"https:\/\/productoshubin.com\/en\/wp-json\/wp\/v2\/product\/461","targetHints":{"allow":["GET"]}}],"collection":[{"href":"https:\/\/productoshubin.com\/en\/wp-json\/wp\/v2\/product"}],"about":[{"href":"https:\/\/productoshubin.com\/en\/wp-json\/wp\/v2\/types\/product"}],"wp:featuredmedia":[{"embeddable":true,"href":"https:\/\/productoshubin.com\/en\/wp-json\/wp\/v2\/media\/507"}],"wp:attachment":[{"href":"https:\/\/productoshubin.com\/en\/wp-json\/wp\/v2\/media?parent=461"}],"wp:term":[{"taxonomy":"product_brand","embeddable":true,"href":"https:\/\/productoshubin.com\/en\/wp-json\/wp\/v2\/product_brand?post=461"},{"taxonomy":"product_cat","embeddable":true,"href":"https:\/\/productoshubin.com\/en\/wp-json\/wp\/v2\/product_cat?post=461"},{"taxonomy":"product_tag","embeddable":true,"href":"https:\/\/productoshubin.com\/en\/wp-json\/wp\/v2\/product_tag?post=461"}],"curies":[{"name":"wp","href":"https:\/\/api.w.org\/{rel}","templated":true}]}}