{"id":422,"date":"2025-10-23T10:28:33","date_gmt":"2025-10-23T16:28:33","guid":{"rendered":"https:\/\/productoshubin.com\/?post_type=product&#038;p=422"},"modified":"2026-04-29T11:12:50","modified_gmt":"2026-04-29T17:12:50","slug":"chicken-pio-pack-tatuaje-reloj","status":"publish","type":"product","link":"https:\/\/productoshubin.com\/en\/product\/chicken-pio-pack-tatuaje-reloj\/","title":{"rendered":"CHICKEN PIO PACK + TATUAJE RELOJ"},"content":{"rendered":"<div class=\"flex flex-col text-sm pb-25\">\n<article class=\"text-token-text-primary w-full focus:outline-none [--shadow-height:45px] has-data-writing-block:pointer-events-none has-data-writing-block:-mt-(--shadow-height) has-data-writing-block:pt-(--shadow-height) [&amp;:has([data-writing-block])&gt;*]:pointer-events-auto scroll-mt-[calc(var(--header-height)+min(200px,max(70px,20svh)))]\" dir=\"auto\" data-turn-id=\"request-69a8ae3a-11b8-83e8-a810-80a02931ddc2-10\" data-testid=\"conversation-turn-194\" data-scroll-anchor=\"true\" data-turn=\"assistant\">\n<div class=\"text-base my-auto mx-auto pb-10 [--thread-content-margin:var(--thread-content-margin-xs,calc(var(--spacing)*4))] @w-sm\/main:[--thread-content-margin:var(--thread-content-margin-sm,calc(var(--spacing)*6))] @w-lg\/main:[--thread-content-margin:var(--thread-content-margin-lg,calc(var(--spacing)*16))] px-(--thread-content-margin)\">\n<div class=\"[--thread-content-max-width:40rem] @w-lg\/main:[--thread-content-max-width:48rem] mx-auto max-w-(--thread-content-max-width) flex-1 group\/turn-messages focus-visible:outline-hidden relative flex w-full min-w-0 flex-col agent-turn\">\n<div class=\"flex max-w-full flex-col gap-4 grow\">\n<div class=\"min-h-8 text-message relative flex w-full flex-col items-end gap-2 text-start break-words whitespace-normal [.text-message+&amp;]:mt-1\" dir=\"auto\" data-message-author-role=\"assistant\" data-message-id=\"d3f71c79-cb72-45cf-a745-d3d335ffdec3\" data-message-model-slug=\"gpt-5-3\">\n<div class=\"flex w-full flex-col gap-1 empty:hidden\">\n<div class=\"markdown prose dark:prose-invert w-full wrap-break-word light markdown-new-styling\">\n<h3 data-start=\"0\" data-end=\"42\"><strong data-start=\"0\" data-end=\"42\">CHICKEN PIO PACK + TATUAJE RELOJ \ud83d\udc25\ud83c\udf6c\u231a<\/strong><\/h3>\n<p data-start=\"44\" data-end=\"400\">\u00a1Diversi\u00f3n y dulzura en un solo paquete! <strong data-start=\"85\" data-end=\"105\">Chicken Pio Pack<\/strong> es un incre\u00edble <strong data-start=\"122\" data-end=\"171\">mix de gomitas de sabores frutales y gelatina<\/strong>, acompa\u00f1ado de un <strong data-start=\"190\" data-end=\"220\">divertido tatuaje de reloj<\/strong> que hace la experiencia a\u00fan m\u00e1s entretenida. Perfecto para sorprender, compartir o vender gracias a su combinaci\u00f3n de dulces y sorpresa. \u00a1Un pack lleno de sabor y diversi\u00f3n! \ud83d\ude0b\u2728<\/p>\n<h2 style=\"text-align: left\" data-start=\"52\" data-end=\"299\">\ud83d\udccd Caracter\u00edsticas:<\/h2>\n<ul>\n<li style=\"text-align: left\"><strong>Envase<\/strong>: Bolsa<\/li>\n<li style=\"text-align: left\"><strong>Dise\u00f1o<\/strong>: Gallo\/Gallina<\/li>\n<li style=\"text-align: left\"><strong>Familia<\/strong>: Chicken Pio Pack<\/li>\n<li style=\"text-align: left\"><strong>Contenido neto<\/strong>: 37g.<\/li>\n<li style=\"text-align: left\"><strong>Piezas<\/strong>: 3 productos<\/li>\n<li style=\"text-align: left\"><strong>Peso por pieza<\/strong>: Varia.<\/li>\n<li style=\"text-align: left\"><strong>Sabores<\/strong>: Frutales<\/li>\n<\/ul>\n<p><em>Agrega al carrito de compra sorpr\u00e9ndete con sus dise\u00f1os y disfruta de su incre\u00edble sabor. \ud83d\udecd\ufe0f<\/em><\/p>\n<\/div>\n<\/div>\n<\/div>\n<\/div>\n<\/div>\n<\/div>\n<\/article>\n<\/div>\n","protected":false},"excerpt":{"rendered":"<p>MIX DE GOMITAS SABOR FRUTALES, GELATINA Y TATUAJE.<\/p>","protected":false},"featured_media":474,"template":"","meta":{"inline_featured_image":false},"product_brand":[],"product_cat":[47],"product_tag":[],"class_list":{"0":"post-422","1":"product","2":"type-product","3":"status-publish","4":"has-post-thumbnail","6":"product_cat-bolos","8":"first","9":"instock","10":"taxable","11":"shipping-taxable","12":"purchasable","13":"product-type-simple"},"_links":{"self":[{"href":"https:\/\/productoshubin.com\/en\/wp-json\/wp\/v2\/product\/422","targetHints":{"allow":["GET"]}}],"collection":[{"href":"https:\/\/productoshubin.com\/en\/wp-json\/wp\/v2\/product"}],"about":[{"href":"https:\/\/productoshubin.com\/en\/wp-json\/wp\/v2\/types\/product"}],"wp:featuredmedia":[{"embeddable":true,"href":"https:\/\/productoshubin.com\/en\/wp-json\/wp\/v2\/media\/474"}],"wp:attachment":[{"href":"https:\/\/productoshubin.com\/en\/wp-json\/wp\/v2\/media?parent=422"}],"wp:term":[{"taxonomy":"product_brand","embeddable":true,"href":"https:\/\/productoshubin.com\/en\/wp-json\/wp\/v2\/product_brand?post=422"},{"taxonomy":"product_cat","embeddable":true,"href":"https:\/\/productoshubin.com\/en\/wp-json\/wp\/v2\/product_cat?post=422"},{"taxonomy":"product_tag","embeddable":true,"href":"https:\/\/productoshubin.com\/en\/wp-json\/wp\/v2\/product_tag?post=422"}],"curies":[{"name":"wp","href":"https:\/\/api.w.org\/{rel}","templated":true}]}}