{"id":394,"date":"2025-10-23T10:28:05","date_gmt":"2025-10-23T16:28:05","guid":{"rendered":"https:\/\/productoshubin.com\/?post_type=product&#038;p=394"},"modified":"2026-04-15T11:29:15","modified_gmt":"2026-04-15T17:29:15","slug":"jelly-volcan","status":"publish","type":"product","link":"https:\/\/productoshubin.com\/en\/product\/jelly-volcan\/","title":{"rendered":"JELLY VOLCAN"},"content":{"rendered":"<h2 data-start=\"0\" data-end=\"53\"><strong data-start=\"0\" data-end=\"53\">Jelly Volc\u00e1n \ud83c\udf0b\ud83c\udf6c \u2013 Golosina con Centro Explosivo<\/strong><\/h2>\n<p data-start=\"55\" data-end=\"298\">Disfruta una experiencia llena de <strong data-start=\"89\" data-end=\"110\">sabor y diversi\u00f3n<\/strong> con <strong data-start=\"115\" data-end=\"131\">Jelly Volc\u00e1n<\/strong>. Esta deliciosa <strong data-start=\"148\" data-end=\"174\">golosina sabor durazno<\/strong> combina una <strong data-start=\"187\" data-end=\"204\">jalea acidita<\/strong>, <strong data-start=\"206\" data-end=\"226\">polvito tronador<\/strong> y <strong data-start=\"229\" data-end=\"253\">polvito efervescente<\/strong>, creando una explosi\u00f3n \u00fanica en cada bocado.<\/p>\n<p data-start=\"300\" data-end=\"444\">Perfecta para quienes buscan un dulce diferente, ideal para <strong data-start=\"360\" data-end=\"443\">fiestas, mesas de dulces o para disfrutar un antojo lleno de intensidad y sabor<\/strong>.<\/p>\n<h2 style=\"text-align: left;\" data-start=\"52\" data-end=\"299\">\ud83d\udccd Caracter\u00edsticas:<\/h2>\n<ul>\n<li style=\"text-align: left;\"><strong>Envase<\/strong>: Display<\/li>\n<li style=\"text-align: left;\"><strong>Dise\u00f1o<\/strong>: Volcan<\/li>\n<li style=\"text-align: left;\"><strong>Familia<\/strong>: Jelly<\/li>\n<li style=\"text-align: left;\"><strong>Contenido neto<\/strong>: 396g.<\/li>\n<li style=\"text-align: left;\"><strong>Piezas<\/strong>: 12 gelatinas<\/li>\n<li style=\"text-align: left;\"><strong>Peso por pieza<\/strong>: 33g.<\/li>\n<li style=\"text-align: left;\"><strong>Sabores<\/strong>: Durazno<\/li>\n<\/ul>\n<p><em>Agrega al carrito de compra sorpr\u00e9ndete con sus dise\u00f1os y disfruta de su incre\u00edble sabor. \ud83d\udecd\ufe0f<\/em><\/p>\n<ul>\n<li><\/li>\n<\/ul>","protected":false},"excerpt":{"rendered":"<p>GOLOSINA SABOR DURAZNO CON JALEA ACIDITA, POLVITO TRONADOR Y POLVITO EFERVECENTE.<\/p>","protected":false},"featured_media":464,"template":"","meta":{"inline_featured_image":false},"product_brand":[],"product_cat":[55],"product_tag":[],"class_list":{"0":"post-394","1":"product","2":"type-product","3":"status-publish","4":"has-post-thumbnail","6":"product_cat-jellys","8":"first","9":"instock","10":"taxable","11":"shipping-taxable","12":"purchasable","13":"product-type-simple"},"_links":{"self":[{"href":"https:\/\/productoshubin.com\/en\/wp-json\/wp\/v2\/product\/394","targetHints":{"allow":["GET"]}}],"collection":[{"href":"https:\/\/productoshubin.com\/en\/wp-json\/wp\/v2\/product"}],"about":[{"href":"https:\/\/productoshubin.com\/en\/wp-json\/wp\/v2\/types\/product"}],"wp:featuredmedia":[{"embeddable":true,"href":"https:\/\/productoshubin.com\/en\/wp-json\/wp\/v2\/media\/464"}],"wp:attachment":[{"href":"https:\/\/productoshubin.com\/en\/wp-json\/wp\/v2\/media?parent=394"}],"wp:term":[{"taxonomy":"product_brand","embeddable":true,"href":"https:\/\/productoshubin.com\/en\/wp-json\/wp\/v2\/product_brand?post=394"},{"taxonomy":"product_cat","embeddable":true,"href":"https:\/\/productoshubin.com\/en\/wp-json\/wp\/v2\/product_cat?post=394"},{"taxonomy":"product_tag","embeddable":true,"href":"https:\/\/productoshubin.com\/en\/wp-json\/wp\/v2\/product_tag?post=394"}],"curies":[{"name":"wp","href":"https:\/\/api.w.org\/{rel}","templated":true}]}}