{"id":363,"date":"2025-10-23T10:27:42","date_gmt":"2025-10-23T16:27:42","guid":{"rendered":"https:\/\/productoshubin.com\/?post_type=product&#038;p=363"},"modified":"2026-04-13T16:33:21","modified_gmt":"2026-04-13T22:33:21","slug":"gummy-chispitas","status":"publish","type":"product","link":"https:\/\/productoshubin.com\/en\/product\/gummy-chispitas\/","title":{"rendered":"GUMMY CHISPITAS"},"content":{"rendered":"<h3 data-start=\"0\" data-end=\"23\"><strong data-start=\"0\" data-end=\"23\">GUMMY CHISPITAS \u2728\ud83c\udf6c<\/strong><\/h3>\n<p data-start=\"25\" data-end=\"351\">\u00a1Peque\u00f1as chispitas llenas de sabor! <strong data-start=\"62\" data-end=\"81\">Gummy Chispitas<\/strong> son deliciosas <strong data-start=\"97\" data-end=\"128\">gomitas de sabores frutales<\/strong> con una textura suave y un sabor irresistible que encanta desde la primera mordida. Perfectas para disfrutar, compartir o vender gracias a su pr\u00e1ctica presentaci\u00f3n. \u00a1Un dulce divertido que llena de sabor cada momento! \ud83d\ude0b<\/p>\n<h2 style=\"text-align: left;\" data-start=\"52\" data-end=\"299\">\ud83d\udccd Caracter\u00edsticas:<\/h2>\n<ul>\n<li style=\"text-align: left;\"><strong>Envase<\/strong>: Tira<\/li>\n<li style=\"text-align: left;\"><strong>Dise\u00f1o<\/strong>: Chispitas<\/li>\n<li style=\"text-align: left;\"><strong>Familia<\/strong>:Gummy<\/li>\n<li style=\"text-align: left;\"><strong>Contenido neto<\/strong>: 300g.<\/li>\n<li style=\"text-align: left;\"><strong>Piezas<\/strong>: 20 gomitas<\/li>\n<li style=\"text-align: left;\"><strong>Peso por pieza<\/strong>: 15g.<\/li>\n<li style=\"text-align: left;\"><strong>Sabores<\/strong>: Frutales<\/li>\n<\/ul>\n<p><em>Agrega al carrito de compra sorpr\u00e9ndete con sus dise\u00f1os y disfruta de su incre\u00edble sabor. \ud83d\udecd\ufe0f<\/em><\/p>","protected":false},"excerpt":{"rendered":"<p>GUMMY CHISPITAS \u2728\ud83c\udf6c \u00a1Peque\u00f1as chispitas llenas de sabor! Gummy Chispitas son deliciosas gomitas de sabores frutales con una textura suave y un sabor irresistible que encanta desde la primera mordida. Perfectas para disfrutar, compartir o vender gracias a su pr\u00e1ctica presentaci\u00f3n. \u00a1Un dulce divertido que llena de sabor cada momento! \ud83d\ude0b \ud83d\udccd Caracter\u00edsticas: Envase: Tira [&hellip;]<\/p>\n","protected":false},"featured_media":431,"template":"","meta":{"inline_featured_image":false},"product_brand":[],"product_cat":[49],"product_tag":[],"class_list":{"0":"post-363","1":"product","2":"type-product","3":"status-publish","4":"has-post-thumbnail","6":"product_cat-gomitas","8":"first","9":"instock","10":"taxable","11":"shipping-taxable","12":"purchasable","13":"product-type-simple"},"_links":{"self":[{"href":"https:\/\/productoshubin.com\/en\/wp-json\/wp\/v2\/product\/363","targetHints":{"allow":["GET"]}}],"collection":[{"href":"https:\/\/productoshubin.com\/en\/wp-json\/wp\/v2\/product"}],"about":[{"href":"https:\/\/productoshubin.com\/en\/wp-json\/wp\/v2\/types\/product"}],"wp:featuredmedia":[{"embeddable":true,"href":"https:\/\/productoshubin.com\/en\/wp-json\/wp\/v2\/media\/431"}],"wp:attachment":[{"href":"https:\/\/productoshubin.com\/en\/wp-json\/wp\/v2\/media?parent=363"}],"wp:term":[{"taxonomy":"product_brand","embeddable":true,"href":"https:\/\/productoshubin.com\/en\/wp-json\/wp\/v2\/product_brand?post=363"},{"taxonomy":"product_cat","embeddable":true,"href":"https:\/\/productoshubin.com\/en\/wp-json\/wp\/v2\/product_cat?post=363"},{"taxonomy":"product_tag","embeddable":true,"href":"https:\/\/productoshubin.com\/en\/wp-json\/wp\/v2\/product_tag?post=363"}],"curies":[{"name":"wp","href":"https:\/\/api.w.org\/{rel}","templated":true}]}}