{"id":362,"date":"2025-10-23T10:27:42","date_gmt":"2025-10-23T16:27:42","guid":{"rendered":"https:\/\/productoshubin.com\/?post_type=product&#038;p=362"},"modified":"2026-04-06T16:53:32","modified_gmt":"2026-04-06T22:53:32","slug":"gummy-pollito-pio","status":"publish","type":"product","link":"https:\/\/productoshubin.com\/en\/product\/gummy-pollito-pio\/","title":{"rendered":"GUMMY POLLITO PIO"},"content":{"rendered":"<h3 data-start=\"0\" data-end=\"26\"><strong data-start=\"0\" data-end=\"26\">GUMMY POLLITO PIO \ud83d\udc25\ud83c\udf6c<\/strong><\/h3>\n<p data-start=\"28\" data-end=\"349\">\u00a1Tiernas, divertidas y llenas de sabor! <strong data-start=\"68\" data-end=\"89\">Gummy Pollito Pio<\/strong> son deliciosas <strong data-start=\"105\" data-end=\"137\">gomitas con sabores frutales<\/strong> que encantan con su suave textura y su divertido dise\u00f1o. Perfectas para disfrutar en cualquier momento, compartir o vender gracias a su pr\u00e1ctica presentaci\u00f3n. \u00a1Un dulce que hace sonre\u00edr a chicos y grandes! \ud83d\ude0b\u2728<\/p>\n<h2 style=\"text-align: left\" data-start=\"52\" data-end=\"299\">\ud83d\udccd Caracter\u00edsticas:<\/h2>\n<ul>\n<li style=\"text-align: left\"><strong>Envase<\/strong>: Tira<\/li>\n<li style=\"text-align: left\"><strong>Dise\u00f1o<\/strong>: Pollito<\/li>\n<li style=\"text-align: left\"><strong>Familia<\/strong>: Pollito Pio<\/li>\n<li style=\"text-align: left\"><strong>Contenido neto<\/strong>: 560g.<\/li>\n<li style=\"text-align: left\"><strong>Piezas<\/strong>: 50 gomitas<\/li>\n<li style=\"text-align: left\"><strong>Peso por pieza<\/strong>: 11g.<\/li>\n<li style=\"text-align: left\"><strong>Sabores<\/strong>: Frutales<\/li>\n<\/ul>\n<p><em>Agrega al carrito de compra sorpr\u00e9ndete con sus dise\u00f1os y disfruta de su incre\u00edble sabor. \ud83d\udecd\ufe0f<\/em><\/p>","protected":false},"excerpt":{"rendered":"<p>GOMITAS CON SABORES FRUTALES<\/p>","protected":false},"featured_media":429,"template":"","meta":{"inline_featured_image":false},"product_brand":[],"product_cat":[49],"product_tag":[],"class_list":{"0":"post-362","1":"product","2":"type-product","3":"status-publish","4":"has-post-thumbnail","6":"product_cat-gomitas","8":"first","9":"outofstock","10":"taxable","11":"shipping-taxable","12":"purchasable","13":"product-type-simple"},"_links":{"self":[{"href":"https:\/\/productoshubin.com\/en\/wp-json\/wp\/v2\/product\/362","targetHints":{"allow":["GET"]}}],"collection":[{"href":"https:\/\/productoshubin.com\/en\/wp-json\/wp\/v2\/product"}],"about":[{"href":"https:\/\/productoshubin.com\/en\/wp-json\/wp\/v2\/types\/product"}],"wp:featuredmedia":[{"embeddable":true,"href":"https:\/\/productoshubin.com\/en\/wp-json\/wp\/v2\/media\/429"}],"wp:attachment":[{"href":"https:\/\/productoshubin.com\/en\/wp-json\/wp\/v2\/media?parent=362"}],"wp:term":[{"taxonomy":"product_brand","embeddable":true,"href":"https:\/\/productoshubin.com\/en\/wp-json\/wp\/v2\/product_brand?post=362"},{"taxonomy":"product_cat","embeddable":true,"href":"https:\/\/productoshubin.com\/en\/wp-json\/wp\/v2\/product_cat?post=362"},{"taxonomy":"product_tag","embeddable":true,"href":"https:\/\/productoshubin.com\/en\/wp-json\/wp\/v2\/product_tag?post=362"}],"curies":[{"name":"wp","href":"https:\/\/api.w.org\/{rel}","templated":true}]}}