{"id":329,"date":"2025-10-23T10:26:55","date_gmt":"2025-10-23T16:26:55","guid":{"rendered":"https:\/\/productoshubin.com\/?post_type=product&#038;p=329"},"modified":"2026-04-27T12:25:57","modified_gmt":"2026-04-27T18:25:57","slug":"orodiamond-estuche-diamante","status":"publish","type":"product","link":"https:\/\/productoshubin.com\/en\/product\/orodiamond-estuche-diamante\/","title":{"rendered":"ORODIAMOND ESTUCHE DIAMANTE"},"content":{"rendered":"<article class=\"text-token-text-primary w-full focus:outline-none [--shadow-height:45px] has-data-writing-block:pointer-events-none has-data-writing-block:-mt-(--shadow-height) has-data-writing-block:pt-(--shadow-height) [&amp;:has([data-writing-block])&gt;*]:pointer-events-auto scroll-mt-(--header-height)\" dir=\"auto\" data-turn-id=\"34d5c46d-66c2-4e6e-91b1-a6f97bedb0cc\" data-testid=\"conversation-turn-227\" data-scroll-anchor=\"false\" data-turn=\"user\"><\/article>\n<article class=\"text-token-text-primary w-full focus:outline-none [--shadow-height:45px] has-data-writing-block:pointer-events-none has-data-writing-block:-mt-(--shadow-height) has-data-writing-block:pt-(--shadow-height) [&amp;:has([data-writing-block])&gt;*]:pointer-events-auto scroll-mt-[calc(var(--header-height)+min(200px,max(70px,20svh)))]\" dir=\"auto\" data-turn-id=\"request-69a8ae3a-11b8-83e8-a810-80a02931ddc2-13\" data-testid=\"conversation-turn-228\" data-scroll-anchor=\"true\" data-turn=\"assistant\">\n<div class=\"text-base my-auto mx-auto pb-10 [--thread-content-margin:var(--thread-content-margin-xs,calc(var(--spacing)*4))] @w-sm\/main:[--thread-content-margin:var(--thread-content-margin-sm,calc(var(--spacing)*6))] @w-lg\/main:[--thread-content-margin:var(--thread-content-margin-lg,calc(var(--spacing)*16))] px-(--thread-content-margin)\">\n<div class=\"[--thread-content-max-width:40rem] @w-lg\/main:[--thread-content-max-width:48rem] mx-auto max-w-(--thread-content-max-width) flex-1 group\/turn-messages focus-visible:outline-hidden relative flex w-full min-w-0 flex-col agent-turn\">\n<div class=\"flex max-w-full flex-col gap-4 grow\">\n<div class=\"min-h-8 text-message relative flex w-full flex-col items-end gap-2 text-start break-words whitespace-normal [.text-message+&amp;]:mt-1\" dir=\"auto\" data-message-author-role=\"assistant\" data-message-id=\"3b4879bb-5d80-4c48-b7b6-7d28aab926f5\" data-message-model-slug=\"gpt-5-3\">\n<div class=\"flex w-full flex-col gap-1 empty:hidden\">\n<div class=\"markdown prose dark:prose-invert w-full wrap-break-word light markdown-new-styling\">\n<h2 data-start=\"0\" data-end=\"44\"><strong data-start=\"0\" data-end=\"44\">ORODIAMOND ESTUCHE DIAMANTE \ud83d\udc8e\ud83c\udf6b<\/strong><\/h2>\n<p data-start=\"46\" data-end=\"409\">\u00a1Un dulce elegante y lleno de sabor! <strong data-start=\"83\" data-end=\"122\">Charola Orodiamond Estuche Diamante<\/strong> ofrece la <strong data-start=\"133\" data-end=\"205\">combinaci\u00f3n perfecta de suave chocolate cremoso y crujiente avellana<\/strong>, creando un placer irresistible en cada bocado. Su presentaci\u00f3n especial lo convierte en una excelente opci\u00f3n para disfrutar, compartir o regalar. \u00a1Un verdadero lujo para los amantes del chocolate! \ud83d\ude0b\u2728<\/p>\n<h2 style=\"text-align: left\" data-start=\"52\" data-end=\"299\">\ud83d\udccd Caracter\u00edsticas:<\/h2>\n<ul>\n<li style=\"text-align: left\"><strong>Envase<\/strong>: Display.<\/li>\n<li style=\"text-align: left\"><strong>Dise\u00f1o<\/strong>: Orodiamond Diamante.<\/li>\n<li style=\"text-align: left\"><strong>Familia<\/strong>: Chocolate Orodiamond.<\/li>\n<li style=\"text-align: left\"><strong>Contenido neto<\/strong>: 62.5g.<\/li>\n<li style=\"text-align: left\"><strong>Piezas<\/strong>: 5 Chocolates.<\/li>\n<li style=\"text-align: left\"><strong>Peso por pieza<\/strong>: 12.5g.<\/li>\n<li style=\"text-align: left\"><strong>Sabores<\/strong>: Chocolate.<\/li>\n<\/ul>\n<p><em>Agrega al carrito de compra sorpr\u00e9ndete con sus dise\u00f1os y disfruta de su incre\u00edble sabor. \ud83d\udecd\ufe0f<\/em><\/p>\n<\/div>\n<\/div>\n<\/div>\n<\/div>\n<\/div>\n<\/div>\n<\/article>\n","protected":false},"excerpt":{"rendered":"<p>ORODIAMOND ESTUCHE DIAMANTE \ud83d\udc8e\ud83c\udf6b \u00a1Un dulce elegante y lleno de sabor! Charola Orodiamond Estuche Diamante ofrece la combinaci\u00f3n perfecta de suave chocolate cremoso y crujiente avellana, creando un placer irresistible en cada bocado. Su presentaci\u00f3n especial lo convierte en una excelente opci\u00f3n para disfrutar, compartir o regalar. \u00a1Un verdadero lujo para los amantes del chocolate! [&hellip;]<\/p>\n","protected":false},"featured_media":382,"template":"","meta":{"inline_featured_image":false},"product_brand":[],"product_cat":[51],"product_tag":[],"class_list":{"0":"post-329","1":"product","2":"type-product","3":"status-publish","4":"has-post-thumbnail","6":"product_cat-chocolate-y-galletas","8":"first","9":"outofstock","10":"taxable","11":"shipping-taxable","12":"purchasable","13":"product-type-simple"},"_links":{"self":[{"href":"https:\/\/productoshubin.com\/en\/wp-json\/wp\/v2\/product\/329","targetHints":{"allow":["GET"]}}],"collection":[{"href":"https:\/\/productoshubin.com\/en\/wp-json\/wp\/v2\/product"}],"about":[{"href":"https:\/\/productoshubin.com\/en\/wp-json\/wp\/v2\/types\/product"}],"wp:featuredmedia":[{"embeddable":true,"href":"https:\/\/productoshubin.com\/en\/wp-json\/wp\/v2\/media\/382"}],"wp:attachment":[{"href":"https:\/\/productoshubin.com\/en\/wp-json\/wp\/v2\/media?parent=329"}],"wp:term":[{"taxonomy":"product_brand","embeddable":true,"href":"https:\/\/productoshubin.com\/en\/wp-json\/wp\/v2\/product_brand?post=329"},{"taxonomy":"product_cat","embeddable":true,"href":"https:\/\/productoshubin.com\/en\/wp-json\/wp\/v2\/product_cat?post=329"},{"taxonomy":"product_tag","embeddable":true,"href":"https:\/\/productoshubin.com\/en\/wp-json\/wp\/v2\/product_tag?post=329"}],"curies":[{"name":"wp","href":"https:\/\/api.w.org\/{rel}","templated":true}]}}