{"id":286,"date":"2025-10-23T10:26:13","date_gmt":"2025-10-23T16:26:13","guid":{"rendered":"https:\/\/productoshubin.com\/?post_type=product&#038;p=286"},"modified":"2026-03-18T12:58:44","modified_gmt":"2026-03-18T18:58:44","slug":"malvabin-corazon-sup-gigante-jazpeado","status":"publish","type":"product","link":"https:\/\/productoshubin.com\/en\/product\/malvabin-corazon-sup-gigante-jazpeado\/","title":{"rendered":"MALVABIN CORAZON SUP GIGANTE JAZPEADO"},"content":{"rendered":"<p data-start=\"0\" data-end=\"48\"><strong data-start=\"0\" data-end=\"48\">MALVABIN CORAZ\u00d3N S\u00daPER GIGANTE JAZPEADO \u2764\ufe0f\ud83c\udf6c<\/strong><\/p>\n<p data-start=\"50\" data-end=\"455\">\u00a1Un coraz\u00f3n gigante lleno de dulzura y color! <strong data-start=\"96\" data-end=\"139\">Malvabin Coraz\u00f3n S\u00faper Gigante Jazpeado<\/strong> es un delicioso <strong data-start=\"156\" data-end=\"221\">malvavisco en forma de coraz\u00f3n cubierto de crujientes grageas<\/strong>, que combina una textura suave y esponjosa con un divertido toque multicolor. Perfecto para regalar, compartir o disfrutar como un dulce especial que destaca por su tama\u00f1o y sabor. \u00a1Un antojo irresistible para chicos y grandes! \ud83d\ude0b\u2728<\/p>\n<h2 style=\"text-align: left;\" data-start=\"52\" data-end=\"299\">\ud83d\udccd Caracter\u00edsticas:<\/h2>\n<ul>\n<li style=\"text-align: left;\"><strong>Envase<\/strong>: Bolsa<\/li>\n<li style=\"text-align: left;\"><strong>Dise\u00f1o<\/strong>: Corazones<\/li>\n<li style=\"text-align: left;\"><strong>Familia<\/strong>: Malvabin Coraz\u00f3n.<\/li>\n<li style=\"text-align: left;\"><strong>Contenido neto<\/strong>: 360g.<\/li>\n<li style=\"text-align: left;\"><strong>Piezas<\/strong>: 12 bombones<\/li>\n<li style=\"text-align: left;\"><strong>Peso por pieza<\/strong>: 25g.<\/li>\n<li style=\"text-align: left;\"><strong>Sabores<\/strong>: Azucarado<\/li>\n<\/ul>\n<p><em>Agrega al carrito de compra sorpr\u00e9ndete con sus dise\u00f1os y disfruta de su incre\u00edble sabor. \ud83d\udecd\ufe0f<\/em><\/p>","protected":false},"excerpt":{"rendered":"<p>Malvavisco cubierto de grageas<\/p>","protected":false},"featured_media":370,"template":"","meta":{"inline_featured_image":false},"product_brand":[],"product_cat":[43],"product_tag":[],"class_list":{"0":"post-286","1":"product","2":"type-product","3":"status-publish","4":"has-post-thumbnail","6":"product_cat-bombones","8":"first","9":"outofstock","10":"taxable","11":"shipping-taxable","12":"purchasable","13":"product-type-simple"},"_links":{"self":[{"href":"https:\/\/productoshubin.com\/en\/wp-json\/wp\/v2\/product\/286","targetHints":{"allow":["GET"]}}],"collection":[{"href":"https:\/\/productoshubin.com\/en\/wp-json\/wp\/v2\/product"}],"about":[{"href":"https:\/\/productoshubin.com\/en\/wp-json\/wp\/v2\/types\/product"}],"wp:featuredmedia":[{"embeddable":true,"href":"https:\/\/productoshubin.com\/en\/wp-json\/wp\/v2\/media\/370"}],"wp:attachment":[{"href":"https:\/\/productoshubin.com\/en\/wp-json\/wp\/v2\/media?parent=286"}],"wp:term":[{"taxonomy":"product_brand","embeddable":true,"href":"https:\/\/productoshubin.com\/en\/wp-json\/wp\/v2\/product_brand?post=286"},{"taxonomy":"product_cat","embeddable":true,"href":"https:\/\/productoshubin.com\/en\/wp-json\/wp\/v2\/product_cat?post=286"},{"taxonomy":"product_tag","embeddable":true,"href":"https:\/\/productoshubin.com\/en\/wp-json\/wp\/v2\/product_tag?post=286"}],"curies":[{"name":"wp","href":"https:\/\/api.w.org\/{rel}","templated":true}]}}