{"id":285,"date":"2025-10-23T16:26:13","date_gmt":"2025-10-23T16:26:13","guid":{"rendered":"https:\/\/productoshubin.com\/?post_type=product&#038;p=285"},"modified":"2026-03-17T16:29:39","modified_gmt":"2026-03-17T22:29:39","slug":"malvabin-corazon-super-rojo","status":"publish","type":"product","link":"https:\/\/productoshubin.com\/en\/product\/malvabin-corazon-super-rojo\/","title":{"rendered":"MALVAB\u00cdN CORAZ\u00d3N SUPER ROJO"},"content":{"rendered":"<p data-start=\"0\" data-end=\"36\"><strong data-start=\"0\" data-end=\"36\">MALVAB\u00cdN CORAZ\u00d3N S\u00daPER ROJO \u2764\ufe0f\ud83c\udf6c<\/strong><\/p>\n<p data-start=\"38\" data-end=\"432\">\u00a1Un coraz\u00f3n lleno de dulzura y color! <strong data-start=\"76\" data-end=\"107\">Malvab\u00edn Coraz\u00f3n S\u00faper Rojo<\/strong> es un delicioso <strong data-start=\"124\" data-end=\"189\">malvavisco en forma de coraz\u00f3n cubierto de crujientes grageas<\/strong>, que combina una textura suave y esponjosa con un divertido toque crujiente. Su intenso color rojo lo hace perfecto para regalar, compartir o disfrutar como un dulce especial lleno de amor. \u00a1Un antojo irresistible para chicos y grandes! \ud83d\ude0b\u2728<\/p>\n<h2 style=\"text-align: left;\" data-start=\"52\" data-end=\"299\">\ud83d\udccd Caracter\u00edsticas:<\/h2>\n<ul>\n<li style=\"text-align: left;\"><strong>Envase<\/strong>: Bolsa<\/li>\n<li style=\"text-align: left;\"><strong>Dise\u00f1o<\/strong>: Coraz\u00f3n<\/li>\n<li style=\"text-align: left;\"><strong>Familia<\/strong>: Malvab\u00edn Coraz\u00f3n.<\/li>\n<li style=\"text-align: left;\"><strong>Contenido neto<\/strong>: 360g.<\/li>\n<li style=\"text-align: left;\"><strong>Piezas<\/strong>: 12 bombones.<\/li>\n<li style=\"text-align: left;\"><strong>Peso por pieza<\/strong>: 25g.<\/li>\n<li style=\"text-align: left;\"><strong>Sabores<\/strong>: Varia.<\/li>\n<\/ul>\n<p data-start=\"455\" data-end=\"600\" data-is-last-node=\"\" data-is-only-node=\"\"><em>Agrega al carrito de compra sorpr\u00e9ndete con sus dise\u00f1os y disfruta de su incre\u00edble sabor. \ud83d\udecd\ufe0f<\/em><\/p>","protected":false},"excerpt":{"rendered":"<p>Malvavisco cubierto de grageas<\/p>","protected":false},"featured_media":369,"template":"","meta":{"inline_featured_image":false},"product_brand":[],"product_cat":[43,63,45],"product_tag":[],"class_list":{"0":"post-285","1":"product","2":"type-product","3":"status-publish","4":"has-post-thumbnail","6":"product_cat-bombones","7":"product_cat-halloween","8":"product_cat-nacionales","10":"first","11":"outofstock","12":"taxable","13":"shipping-taxable","14":"purchasable","15":"product-type-simple"},"_links":{"self":[{"href":"https:\/\/productoshubin.com\/en\/wp-json\/wp\/v2\/product\/285","targetHints":{"allow":["GET"]}}],"collection":[{"href":"https:\/\/productoshubin.com\/en\/wp-json\/wp\/v2\/product"}],"about":[{"href":"https:\/\/productoshubin.com\/en\/wp-json\/wp\/v2\/types\/product"}],"wp:featuredmedia":[{"embeddable":true,"href":"https:\/\/productoshubin.com\/en\/wp-json\/wp\/v2\/media\/369"}],"wp:attachment":[{"href":"https:\/\/productoshubin.com\/en\/wp-json\/wp\/v2\/media?parent=285"}],"wp:term":[{"taxonomy":"product_brand","embeddable":true,"href":"https:\/\/productoshubin.com\/en\/wp-json\/wp\/v2\/product_brand?post=285"},{"taxonomy":"product_cat","embeddable":true,"href":"https:\/\/productoshubin.com\/en\/wp-json\/wp\/v2\/product_cat?post=285"},{"taxonomy":"product_tag","embeddable":true,"href":"https:\/\/productoshubin.com\/en\/wp-json\/wp\/v2\/product_tag?post=285"}],"curies":[{"name":"wp","href":"https:\/\/api.w.org\/{rel}","templated":true}]}}