{"id":283,"date":"2025-10-23T10:26:13","date_gmt":"2025-10-23T16:26:13","guid":{"rendered":"https:\/\/productoshubin.com\/?post_type=product&#038;p=283"},"modified":"2026-04-06T18:01:27","modified_gmt":"2026-04-07T00:01:27","slug":"malvabin-corazon-grande-rojo","status":"publish","type":"product","link":"https:\/\/productoshubin.com\/en\/product\/malvabin-corazon-grande-rojo\/","title":{"rendered":"MALVABIN CORAZ\u00d3N GRANDE ROJO"},"content":{"rendered":"<div class=\"flex flex-col text-sm pb-25\">\n<article class=\"text-token-text-primary w-full focus:outline-none [--shadow-height:45px] has-data-writing-block:pointer-events-none has-data-writing-block:-mt-(--shadow-height) has-data-writing-block:pt-(--shadow-height) [&amp;:has([data-writing-block])&gt;*]:pointer-events-auto scroll-mt-[calc(var(--header-height)+min(200px,max(70px,20svh)))]\" dir=\"auto\" data-turn-id=\"request-69a8ae3a-11b8-83e8-a810-80a02931ddc2-19\" data-testid=\"conversation-turn-240\" data-scroll-anchor=\"true\" data-turn=\"assistant\">\n<div class=\"text-base my-auto mx-auto pb-10 [--thread-content-margin:var(--thread-content-margin-xs,calc(var(--spacing)*4))] @w-sm\/main:[--thread-content-margin:var(--thread-content-margin-sm,calc(var(--spacing)*6))] @w-lg\/main:[--thread-content-margin:var(--thread-content-margin-lg,calc(var(--spacing)*16))] px-(--thread-content-margin)\">\n<div class=\"[--thread-content-max-width:40rem] @w-lg\/main:[--thread-content-max-width:48rem] mx-auto max-w-(--thread-content-max-width) flex-1 group\/turn-messages focus-visible:outline-hidden relative flex w-full min-w-0 flex-col agent-turn\">\n<div class=\"flex max-w-full flex-col gap-4 grow\">\n<div class=\"min-h-8 text-message relative flex w-full flex-col items-end gap-2 text-start break-words whitespace-normal [.text-message+&amp;]:mt-1\" dir=\"auto\" data-message-author-role=\"assistant\" data-message-id=\"7daa0dae-ed4e-4cf4-8829-4566a3d33fca\" data-message-model-slug=\"gpt-5-3\">\n<div class=\"flex w-full flex-col gap-1 empty:hidden\">\n<div class=\"markdown prose dark:prose-invert w-full wrap-break-word light markdown-new-styling\">\n<p data-start=\"0\" data-end=\"37\"><strong data-start=\"0\" data-end=\"37\">MALVABIN CORAZ\u00d3N GRANDE ROJO \u2764\ufe0f\ud83c\udf6c<\/strong><\/p>\n<p data-start=\"39\" data-end=\"465\">\u00a1Un coraz\u00f3n dulce que conquista a primera vista! <strong data-start=\"88\" data-end=\"120\">Malvabin Coraz\u00f3n Grande Rojo<\/strong> es un delicioso <strong data-start=\"137\" data-end=\"202\">malvavisco en forma de coraz\u00f3n cubierto de crujientes grageas<\/strong>, que combina una textura suave y esponjosa con un divertido toque crujiente. Su gran tama\u00f1o y su llamativo color lo hacen perfecto para regalar, compartir o disfrutar como un detalle especial lleno de dulzura. \u00a1Un antojo irresistible para chicos y grandes! \ud83d\ude0b\u2728<\/p>\n<h2 style=\"text-align: left\" data-start=\"52\" data-end=\"299\">\ud83d\udccd Caracter\u00edsticas:<\/h2>\n<ul>\n<li style=\"text-align: left\"><strong>Envase<\/strong>: Bolsa<\/li>\n<li style=\"text-align: left\"><strong>Dise\u00f1o<\/strong>: Corazones<\/li>\n<li style=\"text-align: left\"><strong>Familia<\/strong>: Malvabin Coraz\u00f3n.<\/li>\n<li style=\"text-align: left\"><strong>Contenido neto<\/strong>: 490g.<\/li>\n<li style=\"text-align: left\"><strong>Piezas<\/strong>: 12 bombones<\/li>\n<li style=\"text-align: left\"><strong>Peso por pieza<\/strong>: 40g.<\/li>\n<li style=\"text-align: left\"><strong>Sabores<\/strong>: Azucarado<\/li>\n<\/ul>\n<p><em>Agrega al carrito de compra sorpr\u00e9ndete con sus dise\u00f1os y disfruta de su incre\u00edble sabor. \ud83d\udecd\ufe0f<\/em><\/p>\n<\/div>\n<\/div>\n<\/div>\n<\/div>\n<\/div>\n<\/div>\n<\/article>\n<\/div>\n","protected":false},"excerpt":{"rendered":"<p>Malvavisco cubierto de grageas.<\/p>","protected":false},"featured_media":360,"template":"","meta":{"inline_featured_image":false},"product_brand":[],"product_cat":[43],"product_tag":[],"class_list":{"0":"post-283","1":"product","2":"type-product","3":"status-publish","4":"has-post-thumbnail","6":"product_cat-bombones","8":"first","9":"outofstock","10":"taxable","11":"shipping-taxable","12":"purchasable","13":"product-type-simple"},"_links":{"self":[{"href":"https:\/\/productoshubin.com\/en\/wp-json\/wp\/v2\/product\/283","targetHints":{"allow":["GET"]}}],"collection":[{"href":"https:\/\/productoshubin.com\/en\/wp-json\/wp\/v2\/product"}],"about":[{"href":"https:\/\/productoshubin.com\/en\/wp-json\/wp\/v2\/types\/product"}],"wp:featuredmedia":[{"embeddable":true,"href":"https:\/\/productoshubin.com\/en\/wp-json\/wp\/v2\/media\/360"}],"wp:attachment":[{"href":"https:\/\/productoshubin.com\/en\/wp-json\/wp\/v2\/media?parent=283"}],"wp:term":[{"taxonomy":"product_brand","embeddable":true,"href":"https:\/\/productoshubin.com\/en\/wp-json\/wp\/v2\/product_brand?post=283"},{"taxonomy":"product_cat","embeddable":true,"href":"https:\/\/productoshubin.com\/en\/wp-json\/wp\/v2\/product_cat?post=283"},{"taxonomy":"product_tag","embeddable":true,"href":"https:\/\/productoshubin.com\/en\/wp-json\/wp\/v2\/product_tag?post=283"}],"curies":[{"name":"wp","href":"https:\/\/api.w.org\/{rel}","templated":true}]}}