{"id":269,"date":"2025-10-23T10:25:50","date_gmt":"2025-10-23T16:25:50","guid":{"rendered":"https:\/\/productoshubin.com\/?post_type=product&#038;p=269"},"modified":"2026-04-30T15:19:38","modified_gmt":"2026-04-30T21:19:38","slug":"jelly-conito-hubin","status":"publish","type":"product","link":"https:\/\/productoshubin.com\/en\/product\/jelly-conito-hubin\/","title":{"rendered":"JELLY CONITO HUBIN"},"content":{"rendered":"<div class=\"flex flex-col text-sm pb-25\">\n<article class=\"text-token-text-primary w-full focus:outline-none [--shadow-height:45px] has-data-writing-block:pointer-events-none has-data-writing-block:-mt-(--shadow-height) has-data-writing-block:pt-(--shadow-height) [&amp;:has([data-writing-block])&gt;*]:pointer-events-auto scroll-mt-[calc(var(--header-height)+min(200px,max(70px,20svh)))]\" dir=\"auto\" data-turn-id=\"request-69a8ae3a-11b8-83e8-a810-80a02931ddc2-25\" data-testid=\"conversation-turn-252\" data-scroll-anchor=\"true\" data-turn=\"assistant\">\n<div class=\"text-base my-auto mx-auto pb-10 [--thread-content-margin:var(--thread-content-margin-xs,calc(var(--spacing)*4))] @w-sm\/main:[--thread-content-margin:var(--thread-content-margin-sm,calc(var(--spacing)*6))] @w-lg\/main:[--thread-content-margin:var(--thread-content-margin-lg,calc(var(--spacing)*16))] px-(--thread-content-margin)\">\n<div class=\"[--thread-content-max-width:40rem] @w-lg\/main:[--thread-content-max-width:48rem] mx-auto max-w-(--thread-content-max-width) flex-1 group\/turn-messages focus-visible:outline-hidden relative flex w-full min-w-0 flex-col agent-turn\">\n<div class=\"flex max-w-full flex-col gap-4 grow\">\n<div class=\"min-h-8 text-message relative flex w-full flex-col items-end gap-2 text-start break-words whitespace-normal [.text-message+&amp;]:mt-1\" dir=\"auto\" data-message-author-role=\"assistant\" data-message-id=\"c7ad5978-33e1-4ea6-bf20-651e29756f09\" data-message-model-slug=\"gpt-5-3\">\n<div class=\"flex w-full flex-col gap-1 empty:hidden\">\n<div class=\"markdown prose dark:prose-invert w-full wrap-break-word light markdown-new-styling\">\n<h3 data-start=\"0\" data-end=\"31\"><strong data-start=\"0\" data-end=\"31\">JELLY CONITO HUBIN \ud83c\udf67\ud83c\udf53\ud83e\udd6d\ud83c\udf4a<\/strong><\/h3>\n<p data-start=\"33\" data-end=\"378\">\u00a1Refrescante, divertido y lleno de sabor! <strong data-start=\"75\" data-end=\"97\">Jelly Conito Hubin<\/strong> es una deliciosa <strong data-start=\"115\" data-end=\"162\">gelatina con sabores mango, naranja y fresa<\/strong>, presentada en una pr\u00e1ctica y divertida forma de conito. Su suave textura y su mezcla de sabores frutales la convierten en un dulce perfecto para disfrutar en cualquier momento. \u00a1Ideal para compartir o vender! \ud83d\ude0b\u2728<\/p>\n<h2 style=\"text-align: left;\" data-start=\"52\" data-end=\"299\">\ud83d\udccd Caracter\u00edsticas:<\/h2>\n<ul>\n<li style=\"text-align: left;\"><strong>Envase<\/strong>: Display<\/li>\n<li style=\"text-align: left;\"><strong>Dise\u00f1o<\/strong>: Conito<\/li>\n<li style=\"text-align: left;\"><strong>Familia<\/strong>: Jelly<\/li>\n<li style=\"text-align: left;\"><strong>Contenido neto<\/strong>: 1.08 kg.<\/li>\n<li style=\"text-align: left;\"><strong>Piezas<\/strong>: 24 conitos<\/li>\n<li style=\"text-align: left;\"><strong>Peso por pieza<\/strong>: 45g.<\/li>\n<li style=\"text-align: left;\"><strong>Sabores<\/strong>: Mango, Naranja, Fresa y Manzana.<\/li>\n<\/ul>\n<p><em>Agrega al carrito de compra sorpr\u00e9ndete con sus dise\u00f1os y disfruta de su incre\u00edble sabor. \ud83d\udecd\ufe0f<\/em><\/p>\n<\/div>\n<\/div>\n<\/div>\n<\/div>\n<\/div>\n<\/div>\n<\/article>\n<\/div>\n","protected":false},"excerpt":{"rendered":"<p>Gelatina sabor mango naranja y fresa<\/p>","protected":false},"featured_media":356,"template":"","meta":{"inline_featured_image":false},"product_brand":[],"product_cat":[39],"product_tag":[],"class_list":{"0":"post-269","1":"product","2":"type-product","3":"status-publish","4":"has-post-thumbnail","6":"product_cat-importaciones","8":"first","9":"instock","10":"taxable","11":"shipping-taxable","12":"purchasable","13":"product-type-simple"},"_links":{"self":[{"href":"https:\/\/productoshubin.com\/en\/wp-json\/wp\/v2\/product\/269","targetHints":{"allow":["GET"]}}],"collection":[{"href":"https:\/\/productoshubin.com\/en\/wp-json\/wp\/v2\/product"}],"about":[{"href":"https:\/\/productoshubin.com\/en\/wp-json\/wp\/v2\/types\/product"}],"wp:featuredmedia":[{"embeddable":true,"href":"https:\/\/productoshubin.com\/en\/wp-json\/wp\/v2\/media\/356"}],"wp:attachment":[{"href":"https:\/\/productoshubin.com\/en\/wp-json\/wp\/v2\/media?parent=269"}],"wp:term":[{"taxonomy":"product_brand","embeddable":true,"href":"https:\/\/productoshubin.com\/en\/wp-json\/wp\/v2\/product_brand?post=269"},{"taxonomy":"product_cat","embeddable":true,"href":"https:\/\/productoshubin.com\/en\/wp-json\/wp\/v2\/product_cat?post=269"},{"taxonomy":"product_tag","embeddable":true,"href":"https:\/\/productoshubin.com\/en\/wp-json\/wp\/v2\/product_tag?post=269"}],"curies":[{"name":"wp","href":"https:\/\/api.w.org\/{rel}","templated":true}]}}