{"id":266,"date":"2025-10-23T10:25:50","date_gmt":"2025-10-23T16:25:50","guid":{"rendered":"https:\/\/productoshubin.com\/?post_type=product&#038;p=266"},"modified":"2026-04-06T17:35:46","modified_gmt":"2026-04-06T23:35:46","slug":"uevito-chopecha","status":"publish","type":"product","link":"https:\/\/productoshubin.com\/en\/product\/uevito-chopecha\/","title":{"rendered":"UEVITO CHOPECHA"},"content":{"rendered":"<div class=\"flex flex-col text-sm pb-25\">\n<article class=\"text-token-text-primary w-full focus:outline-none [--shadow-height:45px] has-data-writing-block:pointer-events-none has-data-writing-block:-mt-(--shadow-height) has-data-writing-block:pt-(--shadow-height) [&amp;:has([data-writing-block])&gt;*]:pointer-events-auto scroll-mt-[calc(var(--header-height)+min(200px,max(70px,20svh)))]\" dir=\"auto\" data-turn-id=\"request-69a8ae3a-11b8-83e8-a810-80a02931ddc2-23\" data-testid=\"conversation-turn-248\" data-scroll-anchor=\"true\" data-turn=\"assistant\">\n<div class=\"text-base my-auto mx-auto pb-10 [--thread-content-margin:var(--thread-content-margin-xs,calc(var(--spacing)*4))] @w-sm\/main:[--thread-content-margin:var(--thread-content-margin-sm,calc(var(--spacing)*6))] @w-lg\/main:[--thread-content-margin:var(--thread-content-margin-lg,calc(var(--spacing)*16))] px-(--thread-content-margin)\">\n<div class=\"[--thread-content-max-width:40rem] @w-lg\/main:[--thread-content-max-width:48rem] mx-auto max-w-(--thread-content-max-width) flex-1 group\/turn-messages focus-visible:outline-hidden relative flex w-full min-w-0 flex-col agent-turn\">\n<div class=\"flex max-w-full flex-col gap-4 grow\">\n<div class=\"min-h-8 text-message relative flex w-full flex-col items-end gap-2 text-start break-words whitespace-normal [.text-message+&amp;]:mt-1\" dir=\"auto\" data-message-author-role=\"assistant\" data-message-id=\"3f1ecbae-d3a2-4980-a66b-e3b12e016ca4\" data-message-model-slug=\"gpt-5-3\">\n<div class=\"flex w-full flex-col gap-1 empty:hidden\">\n<div class=\"markdown prose dark:prose-invert w-full wrap-break-word light markdown-new-styling\">\n<h3 data-start=\"0\" data-end=\"26\"><strong data-start=\"0\" data-end=\"26\">UEVITO CHOPECHA \ud83e\udd5a\ud83c\udf6b\u2728<\/strong><\/h3>\n<p data-start=\"28\" data-end=\"329\">\u00a1Un dulce lleno de sorpresa y diversi\u00f3n! U<strong data-start=\"69\" data-end=\"89\">evito Chopecha<\/strong> combina un delicioso <strong data-start=\"111\" data-end=\"175\">huevito con chocolate, galleta y una sorpresa en su interior<\/strong>, creando una experiencia \u00fanica en cada pieza. Perfecto para disfrutar, coleccionar o compartir. \u00a1Un antojo que siempre trae una sorpresa especial! \ud83d\ude0b\ud83c\udf81<\/p>\n<h2 style=\"text-align: left\" data-start=\"52\" data-end=\"299\">\ud83d\udccd Caracter\u00edsticas:<\/h2>\n<ul>\n<li style=\"text-align: left\"><strong>Envase<\/strong>: Display<\/li>\n<li style=\"text-align: left\"><strong>Dise\u00f1o<\/strong>: Huevito<\/li>\n<li style=\"text-align: left\"><strong>Familia<\/strong>: Chocolate\/Juguete<\/li>\n<li style=\"text-align: left\"><strong>Contenido neto<\/strong>: 216g.<\/li>\n<li style=\"text-align: left\"><strong>Piezas<\/strong>: 12 Huevitos.<\/li>\n<li style=\"text-align: left\"><strong>Peso por pieza<\/strong>: 18g.<\/li>\n<li style=\"text-align: left\"><strong>Sabores<\/strong>: Chocolate.<\/li>\n<\/ul>\n<p><em>Agrega al carrito de compra sorpr\u00e9ndete con sus dise\u00f1os y disfruta de su incre\u00edble sabor. \ud83d\udecd\ufe0f<\/em><\/p>\n<\/div>\n<\/div>\n<\/div>\n<\/div>\n<div class=\"mt-3 w-full empty:hidden\">\n<div class=\"text-center\"><\/div>\n<\/div>\n<\/div>\n<\/div>\n<\/article>\n<\/div>\n<div class=\"pointer-events-none h-px w-px absolute bottom-0\" aria-hidden=\"true\" data-edge=\"true\"><\/div>\n","protected":false},"excerpt":{"rendered":"<p>Huevito con galleta\u00a0 y con chocolate + sorpresa<\/p>\n<p>&nbsp;<\/p>","protected":false},"featured_media":343,"template":"","meta":{"inline_featured_image":false},"product_brand":[],"product_cat":[117],"product_tag":[],"class_list":{"0":"post-266","1":"product","2":"type-product","3":"status-publish","4":"has-post-thumbnail","6":"product_cat-descuento-3","8":"first","9":"outofstock","10":"sale","11":"taxable","12":"shipping-taxable","13":"purchasable","14":"product-type-simple"},"_links":{"self":[{"href":"https:\/\/productoshubin.com\/en\/wp-json\/wp\/v2\/product\/266","targetHints":{"allow":["GET"]}}],"collection":[{"href":"https:\/\/productoshubin.com\/en\/wp-json\/wp\/v2\/product"}],"about":[{"href":"https:\/\/productoshubin.com\/en\/wp-json\/wp\/v2\/types\/product"}],"wp:featuredmedia":[{"embeddable":true,"href":"https:\/\/productoshubin.com\/en\/wp-json\/wp\/v2\/media\/343"}],"wp:attachment":[{"href":"https:\/\/productoshubin.com\/en\/wp-json\/wp\/v2\/media?parent=266"}],"wp:term":[{"taxonomy":"product_brand","embeddable":true,"href":"https:\/\/productoshubin.com\/en\/wp-json\/wp\/v2\/product_brand?post=266"},{"taxonomy":"product_cat","embeddable":true,"href":"https:\/\/productoshubin.com\/en\/wp-json\/wp\/v2\/product_cat?post=266"},{"taxonomy":"product_tag","embeddable":true,"href":"https:\/\/productoshubin.com\/en\/wp-json\/wp\/v2\/product_tag?post=266"}],"curies":[{"name":"wp","href":"https:\/\/api.w.org\/{rel}","templated":true}]}}