{"id":262783,"date":"2026-03-09T12:21:36","date_gmt":"2026-03-09T18:21:36","guid":{"rendered":"https:\/\/productoshubin.com\/?post_type=product&#038;p=262783"},"modified":"2026-04-07T18:27:04","modified_gmt":"2026-04-08T00:27:04","slug":"tirasplash-manzana-vitrolero","status":"publish","type":"product","link":"https:\/\/productoshubin.com\/en\/product\/tirasplash-manzana-vitrolero\/","title":{"rendered":"GUMMY TIRASPLASH MANZANA"},"content":{"rendered":"<h2 data-start=\"0\" data-end=\"50\">Gummy Tirasplahs Manzana<\/h2>\n<ul>\n<li data-start=\"25\" data-end=\"346\">Deliciosa <strong data-start=\"91\" data-end=\"132\">gomita acidita\u00a0<\/strong>en forma de tira sabor mazana.<br \/>\nSu divertida presentaci\u00f3n y su intenso sabor, la hacen una gomita deal para enchilar,\u00a0disfrutar y compartir.\u00a0 \ud83d\udd25<strong data-start=\"0\" data-end=\"23\">\ud83c\udf08<\/strong><\/li>\n<\/ul>\n<p data-start=\"52\" data-end=\"299\">\n<h2 style=\"text-align: left;\" data-start=\"52\" data-end=\"299\">\ud83d\udccd\u00a0Caracter\u00edsticas:<\/h2>\n<ul>\n<li><strong>Envase<\/strong>: Vitrolero rectangular<\/li>\n<li><strong>Dise\u00f1o<\/strong>: Manzana<\/li>\n<li><strong>Familia<\/strong>: Tirasplahs<\/li>\n<li><strong>Piezas<\/strong>: 120 Tiras.<\/li>\n<li><strong>Sabor<\/strong>: Manzana<\/li>\n<\/ul>\n<p><em><br \/>\nAgrega al carrito de compra sorpr\u00e9ndete con sus dise\u00f1os y disfruta de su incre\u00edble sabor. \ud83d\udecd\ufe0f<\/em><\/p>","protected":false},"excerpt":{"rendered":"<p>Gummy Tirasplahs Manzana Deliciosa gomita acidita\u00a0en forma de tira sabor mazana. Su divertida presentaci\u00f3n y su intenso sabor, la hacen una gomita deal para enchilar,\u00a0disfrutar y compartir.\u00a0 \ud83d\udd25\ud83c\udf08 \ud83d\udccd\u00a0Caracter\u00edsticas: Envase: Vitrolero rectangular Dise\u00f1o: Manzana Familia: Tirasplahs Piezas: 120 Tiras. Sabor: Manzana Agrega al carrito de compra sorpr\u00e9ndete con sus dise\u00f1os y disfruta de su incre\u00edble [&hellip;]<\/p>\n","protected":false},"featured_media":561,"template":"","meta":{"inline_featured_image":false},"product_brand":[],"product_cat":[49],"product_tag":[],"class_list":{"0":"post-262783","1":"product","2":"type-product","3":"status-publish","4":"has-post-thumbnail","6":"product_cat-gomitas","8":"first","9":"outofstock","10":"taxable","11":"shipping-taxable","12":"purchasable","13":"product-type-simple"},"_links":{"self":[{"href":"https:\/\/productoshubin.com\/en\/wp-json\/wp\/v2\/product\/262783","targetHints":{"allow":["GET"]}}],"collection":[{"href":"https:\/\/productoshubin.com\/en\/wp-json\/wp\/v2\/product"}],"about":[{"href":"https:\/\/productoshubin.com\/en\/wp-json\/wp\/v2\/types\/product"}],"wp:featuredmedia":[{"embeddable":true,"href":"https:\/\/productoshubin.com\/en\/wp-json\/wp\/v2\/media\/561"}],"wp:attachment":[{"href":"https:\/\/productoshubin.com\/en\/wp-json\/wp\/v2\/media?parent=262783"}],"wp:term":[{"taxonomy":"product_brand","embeddable":true,"href":"https:\/\/productoshubin.com\/en\/wp-json\/wp\/v2\/product_brand?post=262783"},{"taxonomy":"product_cat","embeddable":true,"href":"https:\/\/productoshubin.com\/en\/wp-json\/wp\/v2\/product_cat?post=262783"},{"taxonomy":"product_tag","embeddable":true,"href":"https:\/\/productoshubin.com\/en\/wp-json\/wp\/v2\/product_tag?post=262783"}],"curies":[{"name":"wp","href":"https:\/\/api.w.org\/{rel}","templated":true}]}}