{"id":262367,"date":"2026-02-25T13:51:29","date_gmt":"2026-02-25T19:51:29","guid":{"rendered":"https:\/\/productoshubin.com\/?post_type=product&#038;p=262367"},"modified":"2026-04-30T16:06:30","modified_gmt":"2026-04-30T22:06:30","slug":"chicle-carrito","status":"publish","type":"product","link":"https:\/\/productoshubin.com\/en\/product\/chicle-carrito\/","title":{"rendered":"CHICLE CARRITO + TATUAJE"},"content":{"rendered":"<h2 data-section-id=\"14512fk\" data-start=\"0\" data-end=\"53\">Carrito de Juguete con Chicle de Sabores Frutales<\/h2>\n<ul>\n<li data-start=\"55\" data-end=\"273\">Un<strong> C<\/strong><strong data-start=\"104\" data-end=\"174\">arrito de juguete te incluye tambi\u00e9n un delicioso chicle de sabores frutales<\/strong>, perfecto para sorprender a los m\u00e1s peque\u00f1os, complementar bolsas de dulces para fiestas y eventos.<br \/>\nSu presentaci\u00f3n colorida lo convierte en un detalle divertido, ideal para regalar o coleccionar. Diversi\u00f3n y sabor en un solo producto \ud83d\ude97\ud83c\udf6c.<\/li>\n<\/ul>\n<h2 data-start=\"52\" data-end=\"299\"><img decoding=\"async\" class=\"emoji\" role=\"img\" src=\"https:\/\/s.w.org\/images\/core\/emoji\/17.0.2\/svg\/1f4cd.svg\" alt=\"\ud83d\udccd\" \/>\u00a0Caracter\u00edsticas:<\/h2>\n<ul data-start=\"428\" data-end=\"607\">\n<li data-section-id=\"fyggaf\" data-start=\"428\" data-end=\"459\"><strong>Envase<\/strong>: Display.<\/li>\n<li><strong>Dise\u00f1o<\/strong>: Chicle Carrito +Tatuaje.<\/li>\n<li><strong>Contenido neto<\/strong>: 75gr.<\/li>\n<li><strong>Piezas<\/strong>: 20.<\/li>\n<li><strong>Peso por pieza<\/strong>: 2.5g.<\/li>\n<li><strong>Sabores<\/strong>: Frutales.<\/li>\n<\/ul>\n<p><em><br \/>\nAgrega al carrito de compra sorpr\u00e9ndete con sus dise\u00f1os y disfruta de su incre\u00edble sabor.\u00a0<img decoding=\"async\" class=\"emoji\" role=\"img\" src=\"https:\/\/s.w.org\/images\/core\/emoji\/17.0.2\/svg\/1f6cd.svg\" alt=\"\ud83d\udecd\ufe0f\" \/><\/em><\/p>","protected":false},"excerpt":{"rendered":"<p>Carrito de Juguete con Chicle de Sabores Frutales Un Carrito de juguete te incluye tambi\u00e9n un delicioso chicle de sabores frutales, perfecto para sorprender a los m\u00e1s peque\u00f1os, complementar bolsas de dulces para fiestas y eventos. Su presentaci\u00f3n colorida lo convierte en un detalle divertido, ideal para regalar o coleccionar. Diversi\u00f3n y sabor en un [&hellip;]<\/p>\n","protected":false},"featured_media":262369,"template":"","meta":{"inline_featured_image":false},"product_brand":[],"product_cat":[57],"product_tag":[],"class_list":{"0":"post-262367","1":"product","2":"type-product","3":"status-publish","4":"has-post-thumbnail","6":"product_cat-juguetes","8":"first","9":"instock","10":"taxable","11":"shipping-taxable","12":"purchasable","13":"product-type-simple"},"_links":{"self":[{"href":"https:\/\/productoshubin.com\/en\/wp-json\/wp\/v2\/product\/262367","targetHints":{"allow":["GET"]}}],"collection":[{"href":"https:\/\/productoshubin.com\/en\/wp-json\/wp\/v2\/product"}],"about":[{"href":"https:\/\/productoshubin.com\/en\/wp-json\/wp\/v2\/types\/product"}],"wp:featuredmedia":[{"embeddable":true,"href":"https:\/\/productoshubin.com\/en\/wp-json\/wp\/v2\/media\/262369"}],"wp:attachment":[{"href":"https:\/\/productoshubin.com\/en\/wp-json\/wp\/v2\/media?parent=262367"}],"wp:term":[{"taxonomy":"product_brand","embeddable":true,"href":"https:\/\/productoshubin.com\/en\/wp-json\/wp\/v2\/product_brand?post=262367"},{"taxonomy":"product_cat","embeddable":true,"href":"https:\/\/productoshubin.com\/en\/wp-json\/wp\/v2\/product_cat?post=262367"},{"taxonomy":"product_tag","embeddable":true,"href":"https:\/\/productoshubin.com\/en\/wp-json\/wp\/v2\/product_tag?post=262367"}],"curies":[{"name":"wp","href":"https:\/\/api.w.org\/{rel}","templated":true}]}}