{"id":262366,"date":"2026-02-25T13:48:10","date_gmt":"2026-02-25T19:48:10","guid":{"rendered":"https:\/\/productoshubin.com\/?post_type=product&#038;p=262366"},"modified":"2026-04-30T16:40:57","modified_gmt":"2026-04-30T22:40:57","slug":"jelly-thrix","status":"publish","type":"product","link":"https:\/\/productoshubin.com\/en\/product\/jelly-thrix\/","title":{"rendered":"JELLY THRIX"},"content":{"rendered":"<h3 data-section-id=\"5t9amu\" data-start=\"0\" data-end=\"50\">Jelly Thrix Mini Gelatinas de Sabores Frutales<\/h3>\n<p data-start=\"52\" data-end=\"279\">Disfruta un antojo dulce y refrescante con <strong data-start=\"95\" data-end=\"110\">Jelly Thrix<\/strong> \ud83c\udf53\ud83c\udf4d. Estas deliciosas <strong data-start=\"134\" data-end=\"172\">mini gelatinas de sabores frutales<\/strong> son perfectas para compartir, para fiestas, mesas de dulces o para disfrutar en cualquier momento del d\u00eda.<\/p>\n<p data-start=\"281\" data-end=\"401\">Su pr\u00e1ctica presentaci\u00f3n en vitrolero las hace ideales para tener siempre a la mano un snack divertido y lleno de sabor.<\/p>\n<h2 style=\"text-align: left\" data-start=\"52\" data-end=\"299\">\ud83d\udccd Caracter\u00edsticas:<\/h2>\n<ul>\n<li style=\"text-align: left\"><strong>Envase<\/strong>: Vitrolero \/ Bote.<\/li>\n<li style=\"text-align: left\"><strong>Dise\u00f1o<\/strong>: Jelly Thrix<\/li>\n<li style=\"text-align: left\"><strong>Familia<\/strong>: Jelly<\/li>\n<li style=\"text-align: left\"><strong>Contenido neto<\/strong>: 300g.<\/li>\n<li style=\"text-align: left\"><strong>Piezas<\/strong>: 100 gelatinas<\/li>\n<li style=\"text-align: left\"><strong>Peso por pieza<\/strong>: 10g.<\/li>\n<li style=\"text-align: left\"><strong>Sabores<\/strong>: fresa, sand\u00eda, durazno y uva<\/li>\n<\/ul>\n<p><em><br \/>\nAgrega al carrito de compra sorpr\u00e9ndete con sus dise\u00f1os y disfruta de su incre\u00edble sabor. \ud83d\udecd\ufe0f<\/em><\/p>","protected":false},"excerpt":{"rendered":"<p>Jelly Thrix Mini Gelatinas de Sabores Frutales Disfruta un antojo dulce y refrescante con Jelly Thrix \ud83c\udf53\ud83c\udf4d. Estas deliciosas mini gelatinas de sabores frutales son perfectas para compartir, para fiestas, mesas de dulces o para disfrutar en cualquier momento del d\u00eda. Su pr\u00e1ctica presentaci\u00f3n en vitrolero las hace ideales para tener siempre a la mano [&hellip;]<\/p>\n","protected":false},"featured_media":262370,"template":"","meta":{"inline_featured_image":false},"product_brand":[],"product_cat":[55],"product_tag":[],"class_list":{"0":"post-262366","1":"product","2":"type-product","3":"status-publish","4":"has-post-thumbnail","6":"product_cat-jellys","8":"first","9":"instock","10":"purchasable","11":"product-type-simple"},"_links":{"self":[{"href":"https:\/\/productoshubin.com\/en\/wp-json\/wp\/v2\/product\/262366","targetHints":{"allow":["GET"]}}],"collection":[{"href":"https:\/\/productoshubin.com\/en\/wp-json\/wp\/v2\/product"}],"about":[{"href":"https:\/\/productoshubin.com\/en\/wp-json\/wp\/v2\/types\/product"}],"wp:featuredmedia":[{"embeddable":true,"href":"https:\/\/productoshubin.com\/en\/wp-json\/wp\/v2\/media\/262370"}],"wp:attachment":[{"href":"https:\/\/productoshubin.com\/en\/wp-json\/wp\/v2\/media?parent=262366"}],"wp:term":[{"taxonomy":"product_brand","embeddable":true,"href":"https:\/\/productoshubin.com\/en\/wp-json\/wp\/v2\/product_brand?post=262366"},{"taxonomy":"product_cat","embeddable":true,"href":"https:\/\/productoshubin.com\/en\/wp-json\/wp\/v2\/product_cat?post=262366"},{"taxonomy":"product_tag","embeddable":true,"href":"https:\/\/productoshubin.com\/en\/wp-json\/wp\/v2\/product_tag?post=262366"}],"curies":[{"name":"wp","href":"https:\/\/api.w.org\/{rel}","templated":true}]}}