{"id":262365,"date":"2026-02-25T13:39:56","date_gmt":"2026-02-25T19:39:56","guid":{"rendered":"https:\/\/productoshubin.com\/?post_type=product&#038;p=262365"},"modified":"2026-04-22T13:06:05","modified_gmt":"2026-04-22T19:06:05","slug":"mini-jelly-conitoy","status":"publish","type":"product","link":"https:\/\/productoshubin.com\/en\/product\/mini-jelly-conitoy\/","title":{"rendered":"MINI JELLY CONITOY"},"content":{"rendered":"<div class=\"flex flex-col text-sm pb-25\">\n<article class=\"text-token-text-primary w-full focus:outline-none [--shadow-height:45px] has-data-writing-block:pointer-events-none has-data-writing-block:-mt-(--shadow-height) has-data-writing-block:pt-(--shadow-height) [&amp;:has([data-writing-block])&gt;*]:pointer-events-auto scroll-mt-[calc(var(--header-height)+min(200px,max(70px,20svh)))]\" dir=\"auto\" data-turn-id=\"request-69a8ae3a-11b8-83e8-a810-80a02931ddc2-4\" data-testid=\"conversation-turn-16\" data-scroll-anchor=\"true\" data-turn=\"assistant\">\n<div class=\"text-base my-auto mx-auto pb-10 [--thread-content-margin:var(--thread-content-margin-xs,calc(var(--spacing)*4))] @w-sm\/main:[--thread-content-margin:var(--thread-content-margin-sm,calc(var(--spacing)*6))] @w-lg\/main:[--thread-content-margin:var(--thread-content-margin-lg,calc(var(--spacing)*16))] px-(--thread-content-margin)\">\n<div class=\"[--thread-content-max-width:40rem] @w-lg\/main:[--thread-content-max-width:48rem] mx-auto max-w-(--thread-content-max-width) flex-1 group\/turn-messages focus-visible:outline-hidden relative flex w-full min-w-0 flex-col agent-turn\">\n<div class=\"flex max-w-full flex-col gap-4 grow\">\n<div class=\"min-h-8 text-message relative flex w-full flex-col items-end gap-2 text-start break-words whitespace-normal [.text-message+&amp;]:mt-1\" dir=\"auto\" data-message-author-role=\"assistant\" data-message-id=\"bdc56402-934b-4953-aab7-00b3271a7345\" data-message-model-slug=\"gpt-5-3\">\n<div class=\"flex w-full flex-col gap-1 empty:hidden\">\n<div class=\"markdown prose dark:prose-invert w-full wrap-break-word light markdown-new-styling\">\n<h3 data-section-id=\"788wjw\" data-start=\"0\" data-end=\"53\">Mini Jelly Conitoy Gelatina con Juguete 40 Piezas<\/h3>\n<p data-start=\"55\" data-end=\"276\">Diversi\u00f3n y sabor en un solo producto con <strong data-start=\"97\" data-end=\"119\">Mini Jelly Conitoy<\/strong> \ud83c\udf6e\ud83c\udf81. Estas mini gelatinas vienen acompa\u00f1adas de un <strong data-start=\"172\" data-end=\"200\">peque\u00f1o juguete sorpresa<\/strong>, haciendo de cada pieza un antojo divertido que encanta a los m\u00e1s peque\u00f1os.<\/p>\n<p data-start=\"278\" data-end=\"377\">Perfectas para fiestas, pi\u00f1atas, bolsitas de dulces o para compartir en cualquier ocasi\u00f3n especial.<\/p>\n<h2 style=\"text-align: left\" data-start=\"52\" data-end=\"299\">\ud83d\udccd Caracter\u00edsticas:<\/h2>\n<ul>\n<li style=\"text-align: left\"><strong>Envase<\/strong>: Vitrolero \/ Bote.<\/li>\n<li style=\"text-align: left\"><strong>Dise\u00f1o<\/strong>: Conitoy<\/li>\n<li style=\"text-align: left\"><strong>Familia<\/strong>: Jelly<\/li>\n<li style=\"text-align: left\"><strong>Contenido neto<\/strong>: 1.2kg.<\/li>\n<li style=\"text-align: left\"><strong>Piezas<\/strong>: 40 gomitas.<\/li>\n<li style=\"text-align: left\"><strong>Peso por pieza<\/strong>: 30g.<\/li>\n<li style=\"text-align: left\"><strong>Sabores<\/strong>: Frutas<\/li>\n<\/ul>\n<p><em><br \/>\nAgrega al carrito de compra sorpr\u00e9ndete con sus dise\u00f1os y disfruta de su incre\u00edble sabor. \ud83d\udecd\ufe0f<\/em><\/p>\n<\/div>\n<\/div>\n<\/div>\n<\/div>\n<\/div>\n<\/div>\n<\/article>\n<\/div>\n","protected":false},"excerpt":{"rendered":"<p>Mini Jelly Conitoy Gelatina con Juguete 40 Piezas Diversi\u00f3n y sabor en un solo producto con Mini Jelly Conitoy \ud83c\udf6e\ud83c\udf81. Estas mini gelatinas vienen acompa\u00f1adas de un peque\u00f1o juguete sorpresa, haciendo de cada pieza un antojo divertido que encanta a los m\u00e1s peque\u00f1os. Perfectas para fiestas, pi\u00f1atas, bolsitas de dulces o para compartir en cualquier [&hellip;]<\/p>\n","protected":false},"featured_media":262371,"template":"","meta":{"inline_featured_image":false},"product_brand":[],"product_cat":[55],"product_tag":[],"class_list":{"0":"post-262365","1":"product","2":"type-product","3":"status-publish","4":"has-post-thumbnail","6":"product_cat-jellys","8":"first","9":"instock","10":"purchasable","11":"product-type-simple"},"_links":{"self":[{"href":"https:\/\/productoshubin.com\/en\/wp-json\/wp\/v2\/product\/262365","targetHints":{"allow":["GET"]}}],"collection":[{"href":"https:\/\/productoshubin.com\/en\/wp-json\/wp\/v2\/product"}],"about":[{"href":"https:\/\/productoshubin.com\/en\/wp-json\/wp\/v2\/types\/product"}],"wp:featuredmedia":[{"embeddable":true,"href":"https:\/\/productoshubin.com\/en\/wp-json\/wp\/v2\/media\/262371"}],"wp:attachment":[{"href":"https:\/\/productoshubin.com\/en\/wp-json\/wp\/v2\/media?parent=262365"}],"wp:term":[{"taxonomy":"product_brand","embeddable":true,"href":"https:\/\/productoshubin.com\/en\/wp-json\/wp\/v2\/product_brand?post=262365"},{"taxonomy":"product_cat","embeddable":true,"href":"https:\/\/productoshubin.com\/en\/wp-json\/wp\/v2\/product_cat?post=262365"},{"taxonomy":"product_tag","embeddable":true,"href":"https:\/\/productoshubin.com\/en\/wp-json\/wp\/v2\/product_tag?post=262365"}],"curies":[{"name":"wp","href":"https:\/\/api.w.org\/{rel}","templated":true}]}}