{"id":262364,"date":"2026-02-25T13:32:14","date_gmt":"2026-02-25T19:32:14","guid":{"rendered":"https:\/\/productoshubin.com\/?post_type=product&#038;p=262364"},"modified":"2026-04-30T16:06:49","modified_gmt":"2026-04-30T22:06:49","slug":"jelly-kapi","status":"publish","type":"product","link":"https:\/\/productoshubin.com\/en\/product\/jelly-kapi\/","title":{"rendered":"JELLY KAPI"},"content":{"rendered":"<div class=\"flex flex-col text-sm pb-25\">\n<article class=\"text-token-text-primary w-full focus:outline-none [--shadow-height:45px] has-data-writing-block:pointer-events-none has-data-writing-block:-mt-(--shadow-height) has-data-writing-block:pt-(--shadow-height) [&amp;:has([data-writing-block])&gt;*]:pointer-events-auto scroll-mt-[calc(var(--header-height)+min(200px,max(70px,20svh)))]\" dir=\"auto\" data-turn-id=\"request-69a8ae3a-11b8-83e8-a810-80a02931ddc2-5\" data-testid=\"conversation-turn-18\" data-scroll-anchor=\"true\" data-turn=\"assistant\">\n<div class=\"text-base my-auto mx-auto pb-10 [--thread-content-margin:var(--thread-content-margin-xs,calc(var(--spacing)*4))] @w-sm\/main:[--thread-content-margin:var(--thread-content-margin-sm,calc(var(--spacing)*6))] @w-lg\/main:[--thread-content-margin:var(--thread-content-margin-lg,calc(var(--spacing)*16))] px-(--thread-content-margin)\">\n<div class=\"[--thread-content-max-width:40rem] @w-lg\/main:[--thread-content-max-width:48rem] mx-auto max-w-(--thread-content-max-width) flex-1 group\/turn-messages focus-visible:outline-hidden relative flex w-full min-w-0 flex-col agent-turn\">\n<div class=\"flex max-w-full flex-col gap-4 grow\">\n<div class=\"min-h-8 text-message relative flex w-full flex-col items-end gap-2 text-start break-words whitespace-normal [.text-message+&amp;]:mt-1\" dir=\"auto\" data-message-author-role=\"assistant\" data-message-id=\"fe59037d-243c-4d83-8977-f8a3ebf649d8\" data-message-model-slug=\"gpt-5-3\">\n<div class=\"flex w-full flex-col gap-1 empty:hidden\">\n<div class=\"markdown prose dark:prose-invert w-full wrap-break-word light markdown-new-styling\">\n<h3 data-section-id=\"1t35nit\" data-start=\"0\" data-end=\"51\">Jelly Kapi Gelatina Sabor Durazno Capibara 300g<\/h3>\n<p data-start=\"53\" data-end=\"266\">Disfruta un dulce y divertido antojo con <strong data-start=\"94\" data-end=\"108\">Jelly Kapi<\/strong> \ud83c\udf51\ud83e\uddab. Esta deliciosa <strong data-start=\"130\" data-end=\"178\">gelatina sabor durazno con forma de capibara<\/strong> combina un sabor frutal suave con una presentaci\u00f3n \u00fanica que encanta a ni\u00f1os y adultos.<\/p>\n<p data-start=\"268\" data-end=\"379\">Perfecta para compartir, para fiestas, bolsitas de dulces o para disfrutar un snack diferente y lleno de sabor.<\/p>\n<h2 style=\"text-align: left;\" data-start=\"52\" data-end=\"299\">\ud83d\udccd Caracter\u00edsticas:<\/h2>\n<ul>\n<li style=\"text-align: left;\"><strong>Envase<\/strong>: Tira<\/li>\n<li style=\"text-align: left;\"><strong>Dise\u00f1o<\/strong>: Jelly Kapi.<\/li>\n<li style=\"text-align: left;\"><strong>Familia<\/strong>: Jelly<\/li>\n<li style=\"text-align: left;\"><strong>Contenido neto<\/strong>: 300g.<\/li>\n<li style=\"text-align: left;\"><strong>Piezas<\/strong>: 20 jellys.<\/li>\n<li style=\"text-align: left;\"><strong>Peso por pieza<\/strong>: 15g.<\/li>\n<li style=\"text-align: left;\"><strong>Sabores<\/strong>: Durazno<\/li>\n<\/ul>\n<p><em><br \/>\nAgrega al carrito de compra sorpr\u00e9ndete con sus dise\u00f1os y disfruta de su incre\u00edble sabor. \ud83d\udecd\ufe0f<\/em><\/p>\n<\/div>\n<\/div>\n<\/div>\n<\/div>\n<\/div>\n<\/div>\n<\/article>\n<\/div>\n","protected":false},"excerpt":{"rendered":"<p>Jelly Kapi Gelatina Sabor Durazno Capibara 300g Disfruta un dulce y divertido antojo con Jelly Kapi \ud83c\udf51\ud83e\uddab. Esta deliciosa gelatina sabor durazno con forma de capibara combina un sabor frutal suave con una presentaci\u00f3n \u00fanica que encanta a ni\u00f1os y adultos. Perfecta para compartir, para fiestas, bolsitas de dulces o para disfrutar un snack diferente [&hellip;]<\/p>\n","protected":false},"featured_media":263060,"template":"","meta":{"inline_featured_image":false},"product_brand":[],"product_cat":[55],"product_tag":[],"class_list":{"0":"post-262364","1":"product","2":"type-product","3":"status-publish","4":"has-post-thumbnail","6":"product_cat-jellys","8":"first","9":"instock","10":"purchasable","11":"product-type-simple"},"_links":{"self":[{"href":"https:\/\/productoshubin.com\/en\/wp-json\/wp\/v2\/product\/262364","targetHints":{"allow":["GET"]}}],"collection":[{"href":"https:\/\/productoshubin.com\/en\/wp-json\/wp\/v2\/product"}],"about":[{"href":"https:\/\/productoshubin.com\/en\/wp-json\/wp\/v2\/types\/product"}],"wp:featuredmedia":[{"embeddable":true,"href":"https:\/\/productoshubin.com\/en\/wp-json\/wp\/v2\/media\/263060"}],"wp:attachment":[{"href":"https:\/\/productoshubin.com\/en\/wp-json\/wp\/v2\/media?parent=262364"}],"wp:term":[{"taxonomy":"product_brand","embeddable":true,"href":"https:\/\/productoshubin.com\/en\/wp-json\/wp\/v2\/product_brand?post=262364"},{"taxonomy":"product_cat","embeddable":true,"href":"https:\/\/productoshubin.com\/en\/wp-json\/wp\/v2\/product_cat?post=262364"},{"taxonomy":"product_tag","embeddable":true,"href":"https:\/\/productoshubin.com\/en\/wp-json\/wp\/v2\/product_tag?post=262364"}],"curies":[{"name":"wp","href":"https:\/\/api.w.org\/{rel}","templated":true}]}}