{"id":262359,"date":"2026-02-25T09:58:30","date_gmt":"2026-02-25T15:58:30","guid":{"rendered":"https:\/\/productoshubin.com\/?post_type=product&#038;p=262359"},"modified":"2026-04-30T15:48:28","modified_gmt":"2026-04-30T21:48:28","slug":"rellenos-rejilete-3d-caritas","status":"publish","type":"product","link":"https:\/\/productoshubin.com\/en\/product\/rellenos-rejilete-3d-caritas\/","title":{"rendered":"RELLENOS REJILETE 3D CARITAS"},"content":{"rendered":"<h3 data-section-id=\"1qht4na\" data-start=\"0\" data-end=\"49\">Rellenos Rejilete 3D Caritas Gomitas Rellenas<\/h3>\n<p data-start=\"51\" data-end=\"298\">Disfruta una combinaci\u00f3n perfecta de <strong data-start=\"88\" data-end=\"142\">diversi\u00f3n y sabor con Rellenos Rejilete 3D Caritas<\/strong> \ud83c\udf6c\ud83d\ude04. Estas deliciosas <strong data-start=\"166\" data-end=\"206\">gomitas rellenas de sabores frutales<\/strong> destacan por su divertida forma de caritas y su centro dulce que sorprende en cada mordida.<\/p>\n<p data-start=\"300\" data-end=\"398\">Perfectas para compartir, para mesas de dulces, fiestas o para disfrutar un antojo lleno de sabor.<\/p>\n<h2 style=\"text-align: left\" data-start=\"52\" data-end=\"299\">\ud83d\udccd Caracter\u00edsticas:<\/h2>\n<ul>\n<li style=\"text-align: left\"><strong>Envase<\/strong>: Vitrolero \/ Bote.<\/li>\n<li style=\"text-align: left\"><strong>Dise\u00f1o<\/strong>: Rellenitos Rejilete Caritas<\/li>\n<li style=\"text-align: left\"><strong>Familia<\/strong>: Rellenitos Rejilete<\/li>\n<li style=\"text-align: left\"><strong>Contenido neto<\/strong>: 240g.<\/li>\n<li style=\"text-align: left\"><strong>Piezas<\/strong>: 30 gomitas.<\/li>\n<li style=\"text-align: left\"><strong>Peso por pieza<\/strong>: 8g.<\/li>\n<li style=\"text-align: left\"><strong>Sabores<\/strong>: Frutales<\/li>\n<\/ul>\n<p><em><br \/>\nAgrega al carrito de compra sorpr\u00e9ndete con sus dise\u00f1os y disfruta de su incre\u00edble sabor. \ud83d\udecd\ufe0f<\/em><\/p>","protected":false},"excerpt":{"rendered":"<p>Rellenos Rejilete 3D Caritas Gomitas Rellenas Disfruta una combinaci\u00f3n perfecta de diversi\u00f3n y sabor con Rellenos Rejilete 3D Caritas \ud83c\udf6c\ud83d\ude04. Estas deliciosas gomitas rellenas de sabores frutales destacan por su divertida forma de caritas y su centro dulce que sorprende en cada mordida. Perfectas para compartir, para mesas de dulces, fiestas o para disfrutar un [&hellip;]<\/p>\n","protected":false},"featured_media":262376,"template":"","meta":{"inline_featured_image":false},"product_brand":[],"product_cat":[114],"product_tag":[],"class_list":{"0":"post-262359","1":"product","2":"type-product","3":"status-publish","4":"has-post-thumbnail","6":"product_cat-destacados","8":"first","9":"instock","10":"taxable","11":"shipping-taxable","12":"purchasable","13":"product-type-simple"},"_links":{"self":[{"href":"https:\/\/productoshubin.com\/en\/wp-json\/wp\/v2\/product\/262359","targetHints":{"allow":["GET"]}}],"collection":[{"href":"https:\/\/productoshubin.com\/en\/wp-json\/wp\/v2\/product"}],"about":[{"href":"https:\/\/productoshubin.com\/en\/wp-json\/wp\/v2\/types\/product"}],"wp:featuredmedia":[{"embeddable":true,"href":"https:\/\/productoshubin.com\/en\/wp-json\/wp\/v2\/media\/262376"}],"wp:attachment":[{"href":"https:\/\/productoshubin.com\/en\/wp-json\/wp\/v2\/media?parent=262359"}],"wp:term":[{"taxonomy":"product_brand","embeddable":true,"href":"https:\/\/productoshubin.com\/en\/wp-json\/wp\/v2\/product_brand?post=262359"},{"taxonomy":"product_cat","embeddable":true,"href":"https:\/\/productoshubin.com\/en\/wp-json\/wp\/v2\/product_cat?post=262359"},{"taxonomy":"product_tag","embeddable":true,"href":"https:\/\/productoshubin.com\/en\/wp-json\/wp\/v2\/product_tag?post=262359"}],"curies":[{"name":"wp","href":"https:\/\/api.w.org\/{rel}","templated":true}]}}