{"id":262358,"date":"2026-02-25T09:54:22","date_gmt":"2026-02-25T15:54:22","guid":{"rendered":"https:\/\/productoshubin.com\/?post_type=product&#038;p=262358"},"modified":"2026-04-30T16:06:21","modified_gmt":"2026-04-30T22:06:21","slug":"brochaleta","status":"publish","type":"product","link":"https:\/\/productoshubin.com\/en\/product\/brochaleta\/","title":{"rendered":"BROCHALETA"},"content":{"rendered":"<div class=\"flex flex-col text-sm pb-25\">\n<article class=\"text-token-text-primary w-full focus:outline-none [--shadow-height:45px] has-data-writing-block:pointer-events-none has-data-writing-block:-mt-(--shadow-height) has-data-writing-block:pt-(--shadow-height) [&amp;:has([data-writing-block])&gt;*]:pointer-events-auto scroll-mt-[calc(var(--header-height)+min(200px,max(70px,20svh)))]\" dir=\"auto\" data-turn-id=\"request-69a8ae3a-11b8-83e8-a810-80a02931ddc2-10\" data-testid=\"conversation-turn-28\" data-scroll-anchor=\"true\" data-turn=\"assistant\">\n<div class=\"text-base my-auto mx-auto pb-10 [--thread-content-margin:var(--thread-content-margin-xs,calc(var(--spacing)*4))] @w-sm\/main:[--thread-content-margin:var(--thread-content-margin-sm,calc(var(--spacing)*6))] @w-lg\/main:[--thread-content-margin:var(--thread-content-margin-lg,calc(var(--spacing)*16))] px-(--thread-content-margin)\">\n<div class=\"[--thread-content-max-width:40rem] @w-lg\/main:[--thread-content-max-width:48rem] mx-auto max-w-(--thread-content-max-width) flex-1 group\/turn-messages focus-visible:outline-hidden relative flex w-full min-w-0 flex-col agent-turn\">\n<div class=\"flex max-w-full flex-col gap-4 grow\">\n<div class=\"min-h-8 text-message relative flex w-full flex-col items-end gap-2 text-start break-words whitespace-normal [.text-message+&amp;]:mt-1\" dir=\"auto\" data-message-author-role=\"assistant\" data-message-id=\"3d5e46b8-d787-4976-8bf4-e95bc91843bb\" data-message-model-slug=\"gpt-5-3\">\n<div class=\"flex w-full flex-col gap-1 empty:hidden\">\n<div class=\"markdown prose dark:prose-invert w-full wrap-break-word light markdown-new-styling\">\n<h1 data-section-id=\"5oqz16\" data-start=\"0\" data-end=\"45\">Brochaleta Caramelo con Jalea Sabor Fresa<\/h1>\n<p data-start=\"47\" data-end=\"284\">Disfruta una deliciosa combinaci\u00f3n de <strong data-start=\"85\" data-end=\"139\">caramelo macizo y jalea sabor fresa con Brochaleta<\/strong> \ud83c\udf6d\ud83c\udf53. Este dulce mezcla la textura firme del caramelo con un toque frutal en su interior, creando un antojo irresistible para cualquier momento.<\/p>\n<p data-start=\"286\" data-end=\"385\">Perfecto para compartir, para fiestas, bolsitas de dulces o para disfrutar un snack lleno de sabor.<\/p>\n<h2 style=\"text-align: left\" data-start=\"52\" data-end=\"299\">\ud83d\udccd Caracter\u00edsticas:<\/h2>\n<ul>\n<li style=\"text-align: left\"><strong>Envase<\/strong>: Display<\/li>\n<li style=\"text-align: left\"><strong>Dise\u00f1o<\/strong>: Brocholeta<\/li>\n<li style=\"text-align: left\"><strong>Familia<\/strong>: Caramelos<\/li>\n<li style=\"text-align: left\"><strong>Contenido neto<\/strong>: 300g.<\/li>\n<li style=\"text-align: left\"><strong>Piezas<\/strong>: 30 brochas.<\/li>\n<li style=\"text-align: left\"><strong>Peso por pieza<\/strong>: 10g.<\/li>\n<li style=\"text-align: left\"><strong>Sabores<\/strong>: Frutales<\/li>\n<\/ul>\n<p><em><br \/>\nAgrega al carrito de compra sorpr\u00e9ndete con sus dise\u00f1os y disfruta de su incre\u00edble sabor. \ud83d\udecd\ufe0f<\/em><\/p>\n<\/div>\n<\/div>\n<\/div>\n<\/div>\n<\/div>\n<\/div>\n<\/article>\n<\/div>\n","protected":false},"excerpt":{"rendered":"<p>Brochaleta Caramelo con Jalea Sabor Fresa Disfruta una deliciosa combinaci\u00f3n de caramelo macizo y jalea sabor fresa con Brochaleta \ud83c\udf6d\ud83c\udf53. Este dulce mezcla la textura firme del caramelo con un toque frutal en su interior, creando un antojo irresistible para cualquier momento. Perfecto para compartir, para fiestas, bolsitas de dulces o para disfrutar un snack [&hellip;]<\/p>\n","protected":false},"featured_media":262377,"template":"","meta":{"inline_featured_image":false},"product_brand":[],"product_cat":[57],"product_tag":[],"class_list":{"0":"post-262358","1":"product","2":"type-product","3":"status-publish","4":"has-post-thumbnail","6":"product_cat-juguetes","8":"first","9":"instock","10":"taxable","11":"shipping-taxable","12":"purchasable","13":"product-type-simple"},"_links":{"self":[{"href":"https:\/\/productoshubin.com\/en\/wp-json\/wp\/v2\/product\/262358","targetHints":{"allow":["GET"]}}],"collection":[{"href":"https:\/\/productoshubin.com\/en\/wp-json\/wp\/v2\/product"}],"about":[{"href":"https:\/\/productoshubin.com\/en\/wp-json\/wp\/v2\/types\/product"}],"wp:featuredmedia":[{"embeddable":true,"href":"https:\/\/productoshubin.com\/en\/wp-json\/wp\/v2\/media\/262377"}],"wp:attachment":[{"href":"https:\/\/productoshubin.com\/en\/wp-json\/wp\/v2\/media?parent=262358"}],"wp:term":[{"taxonomy":"product_brand","embeddable":true,"href":"https:\/\/productoshubin.com\/en\/wp-json\/wp\/v2\/product_brand?post=262358"},{"taxonomy":"product_cat","embeddable":true,"href":"https:\/\/productoshubin.com\/en\/wp-json\/wp\/v2\/product_cat?post=262358"},{"taxonomy":"product_tag","embeddable":true,"href":"https:\/\/productoshubin.com\/en\/wp-json\/wp\/v2\/product_tag?post=262358"}],"curies":[{"name":"wp","href":"https:\/\/api.w.org\/{rel}","templated":true}]}}