{"id":262139,"date":"2026-02-18T08:46:03","date_gmt":"2026-02-18T14:46:03","guid":{"rendered":"https:\/\/productoshubin.com\/?post_type=product&#038;p=262139"},"modified":"2026-04-15T11:32:08","modified_gmt":"2026-04-15T17:32:08","slug":"rellenos-rejilete-frutas","status":"publish","type":"product","link":"https:\/\/productoshubin.com\/en\/product\/rellenos-rejilete-frutas\/","title":{"rendered":"RELLENOS REJILETE 3D FRUTAS"},"content":{"rendered":"<h1 data-section-id=\"84jqwu\" data-start=\"0\" data-end=\"48\">Rellenos Rejilete 3D Frutas Gomitas Rellenas<\/h1>\n<p data-start=\"50\" data-end=\"283\">Disfruta una deliciosa explosi\u00f3n de sabor con <strong data-start=\"96\" data-end=\"127\">Rellenos Rejilete 3D Frutas<\/strong> \ud83c\udf53\ud83c\udf4d. Estas <strong data-start=\"140\" data-end=\"183\">gomitas con relleno de sabores frutales<\/strong> combinan una textura suave por fuera con un centro dulce que hace cada bocado a\u00fan m\u00e1s irresistible.<\/p>\n<p data-start=\"285\" data-end=\"383\">Perfectas para compartir, para fiestas, mesas de dulces o para disfrutar un antojo lleno de sabor.<\/p>\n<h2 style=\"text-align: left\" data-start=\"52\" data-end=\"299\">\ud83d\udccd Caracter\u00edsticas:<\/h2>\n<ul>\n<li style=\"text-align: left\"><strong>Envase<\/strong>: Vitrolero\/Bote<\/li>\n<li style=\"text-align: left\"><strong>Dise\u00f1o<\/strong>: Rejilete<\/li>\n<li style=\"text-align: left\"><strong>Familia<\/strong>: Gummy Rejilete Frutas<\/li>\n<li style=\"text-align: left\"><strong>Contenido neto<\/strong>: 240g.<\/li>\n<li style=\"text-align: left\"><strong>Piezas<\/strong>: 30 rejiletes.<\/li>\n<li style=\"text-align: left\"><strong>Peso por pieza<\/strong>: 8g.<\/li>\n<li style=\"text-align: left\"><strong>Sabores<\/strong>: Frutales<\/li>\n<\/ul>\n<p><em><br \/>\nAgrega al carrito de compra sorpr\u00e9ndete con sus dise\u00f1os y disfruta de su incre\u00edble sabor. \ud83d\udecd\ufe0f<\/em><\/p>","protected":false},"excerpt":{"rendered":"<p>Rellenos Rejilete 3D Frutas Gomitas Rellenas Disfruta una deliciosa explosi\u00f3n de sabor con Rellenos Rejilete 3D Frutas \ud83c\udf53\ud83c\udf4d. Estas gomitas con relleno de sabores frutales combinan una textura suave por fuera con un centro dulce que hace cada bocado a\u00fan m\u00e1s irresistible. Perfectas para compartir, para fiestas, mesas de dulces o para disfrutar un antojo [&hellip;]<\/p>\n","protected":false},"featured_media":262384,"template":"","meta":{"inline_featured_image":false},"product_brand":[],"product_cat":[114],"product_tag":[],"class_list":{"0":"post-262139","1":"product","2":"type-product","3":"status-publish","4":"has-post-thumbnail","6":"product_cat-destacados","8":"first","9":"instock","10":"taxable","11":"shipping-taxable","12":"purchasable","13":"product-type-simple"},"_links":{"self":[{"href":"https:\/\/productoshubin.com\/en\/wp-json\/wp\/v2\/product\/262139","targetHints":{"allow":["GET"]}}],"collection":[{"href":"https:\/\/productoshubin.com\/en\/wp-json\/wp\/v2\/product"}],"about":[{"href":"https:\/\/productoshubin.com\/en\/wp-json\/wp\/v2\/types\/product"}],"wp:featuredmedia":[{"embeddable":true,"href":"https:\/\/productoshubin.com\/en\/wp-json\/wp\/v2\/media\/262384"}],"wp:attachment":[{"href":"https:\/\/productoshubin.com\/en\/wp-json\/wp\/v2\/media?parent=262139"}],"wp:term":[{"taxonomy":"product_brand","embeddable":true,"href":"https:\/\/productoshubin.com\/en\/wp-json\/wp\/v2\/product_brand?post=262139"},{"taxonomy":"product_cat","embeddable":true,"href":"https:\/\/productoshubin.com\/en\/wp-json\/wp\/v2\/product_cat?post=262139"},{"taxonomy":"product_tag","embeddable":true,"href":"https:\/\/productoshubin.com\/en\/wp-json\/wp\/v2\/product_tag?post=262139"}],"curies":[{"name":"wp","href":"https:\/\/api.w.org\/{rel}","templated":true}]}}