{"id":262138,"date":"2026-02-18T08:46:03","date_gmt":"2026-02-18T14:46:03","guid":{"rendered":"https:\/\/productoshubin.com\/?post_type=product&#038;p=262138"},"modified":"2026-04-30T16:07:07","modified_gmt":"2026-04-30T22:07:07","slug":"gummy-gool-pops","status":"publish","type":"product","link":"https:\/\/productoshubin.com\/en\/product\/gummy-gool-pops\/","title":{"rendered":"GUMMY GOOL POP\u00b4S"},"content":{"rendered":"<h1 data-section-id=\"olxzv2\" data-start=\"0\" data-end=\"52\">Gummy Gool Pops Neon Gomitas de Sabores Frutales<\/h1>\n<p data-start=\"54\" data-end=\"266\">Disfruta un dulce antojo lleno de color con <strong data-start=\"98\" data-end=\"122\">Gummy Gool Pops Neon<\/strong> \ud83c\udf6c\u2728. Estas deliciosas <strong data-start=\"145\" data-end=\"176\">gomitas de sabores frutales<\/strong> destacan por su presentaci\u00f3n divertida y su sabor intenso que encanta a chicos y grandes.<\/p>\n<p data-start=\"268\" data-end=\"370\">Perfectas para fiestas, mesas de dulces o para disfrutar un snack lleno de sabor en cualquier momento.<\/p>\n<h2 style=\"text-align: left;\" data-start=\"52\" data-end=\"299\">\ud83d\udccd Caracter\u00edsticas:<\/h2>\n<ul>\n<li style=\"text-align: left;\"><strong>Envase<\/strong>: Display<\/li>\n<li style=\"text-align: left;\"><strong>Dise\u00f1o<\/strong>: Futbol<\/li>\n<li style=\"text-align: left;\"><strong>Familia<\/strong>: Gummy Pops N\u00e9on<\/li>\n<li style=\"text-align: left;\"><strong>Contenido neto<\/strong>: 330g.<\/li>\n<li style=\"text-align: left;\"><strong>Piezas<\/strong>: 30 Paletas.<\/li>\n<li style=\"text-align: left;\"><strong>Peso por pieza<\/strong>: 11g.<\/li>\n<li style=\"text-align: left;\"><strong>Sabores<\/strong>: Frutales<\/li>\n<\/ul>\n<p><em><br \/>\nAgrega al carrito de compra sorpr\u00e9ndete con sus dise\u00f1os y disfruta de su incre\u00edble sabor. \ud83d\udecd\ufe0f<\/em><\/p>","protected":false},"excerpt":{"rendered":"<p>Gummy Gool Pops Neon Gomitas de Sabores Frutales Disfruta un dulce antojo lleno de color con Gummy Gool Pops Neon \ud83c\udf6c\u2728. Estas deliciosas gomitas de sabores frutales destacan por su presentaci\u00f3n divertida y su sabor intenso que encanta a chicos y grandes. Perfectas para fiestas, mesas de dulces o para disfrutar un snack lleno de [&hellip;]<\/p>\n","protected":false},"featured_media":262383,"template":"","meta":{"inline_featured_image":false},"product_brand":[],"product_cat":[49,39,109],"product_tag":[],"class_list":{"0":"post-262138","1":"product","2":"type-product","3":"status-publish","4":"has-post-thumbnail","6":"product_cat-gomitas","7":"product_cat-importaciones","8":"product_cat-novedades","10":"first","11":"instock","12":"taxable","13":"shipping-taxable","14":"purchasable","15":"product-type-simple"},"_links":{"self":[{"href":"https:\/\/productoshubin.com\/en\/wp-json\/wp\/v2\/product\/262138","targetHints":{"allow":["GET"]}}],"collection":[{"href":"https:\/\/productoshubin.com\/en\/wp-json\/wp\/v2\/product"}],"about":[{"href":"https:\/\/productoshubin.com\/en\/wp-json\/wp\/v2\/types\/product"}],"wp:featuredmedia":[{"embeddable":true,"href":"https:\/\/productoshubin.com\/en\/wp-json\/wp\/v2\/media\/262383"}],"wp:attachment":[{"href":"https:\/\/productoshubin.com\/en\/wp-json\/wp\/v2\/media?parent=262138"}],"wp:term":[{"taxonomy":"product_brand","embeddable":true,"href":"https:\/\/productoshubin.com\/en\/wp-json\/wp\/v2\/product_brand?post=262138"},{"taxonomy":"product_cat","embeddable":true,"href":"https:\/\/productoshubin.com\/en\/wp-json\/wp\/v2\/product_cat?post=262138"},{"taxonomy":"product_tag","embeddable":true,"href":"https:\/\/productoshubin.com\/en\/wp-json\/wp\/v2\/product_tag?post=262138"}],"curies":[{"name":"wp","href":"https:\/\/api.w.org\/{rel}","templated":true}]}}