{"id":262137,"date":"2026-02-18T08:46:03","date_gmt":"2026-02-18T14:46:03","guid":{"rendered":"https:\/\/productoshubin.com\/?post_type=product&#038;p=262137"},"modified":"2026-04-29T08:53:16","modified_gmt":"2026-04-29T14:53:16","slug":"mini-brix-flores","status":"publish","type":"product","link":"https:\/\/productoshubin.com\/en\/product\/mini-brix-flores\/","title":{"rendered":"MINI BRIX FLORES"},"content":{"rendered":"<h3 data-section-id=\"1ak27jv\" data-start=\"0\" data-end=\"44\">Mini Brix Flores Juguetes Coleccionables<\/h3>\n<p data-start=\"46\" data-end=\"273\">Descubre la diversi\u00f3n de <strong data-start=\"71\" data-end=\"91\">Mini Brix Flores<\/strong> \ud83c\udf38\ud83e\udde9. Estos <strong data-start=\"104\" data-end=\"150\">juguetes coleccionables en forma de flores<\/strong> combinan creatividad y entretenimiento, ideales para quienes disfrutan armar, coleccionar y decorar con dise\u00f1os coloridos.<\/p>\n<p data-start=\"275\" data-end=\"371\">Cada pieza forma parte de una colecci\u00f3n especial con diferentes estilos para reunir y completar.<\/p>\n<h2 style=\"text-align: left\" data-start=\"52\" data-end=\"299\">\ud83d\udccd Caracter\u00edsticas:<\/h2>\n<ul>\n<li style=\"text-align: left\"><strong>Envase<\/strong>: Display<\/li>\n<li style=\"text-align: left\"><strong>Dise\u00f1o<\/strong>: Flores<\/li>\n<li style=\"text-align: left\"><strong>Familia<\/strong>: Mini Brix<\/li>\n<li style=\"text-align: left\"><strong>Contenido neto<\/strong>: 18g.<\/li>\n<li style=\"text-align: left\"><strong>Piezas<\/strong>: 18 paquetitos.<\/li>\n<li style=\"text-align: left\"><strong>Peso por pieza<\/strong>: 1g.<\/li>\n<li style=\"text-align: left\"><strong>Sabores<\/strong>: Varia.<\/li>\n<\/ul>\n<p><em><br \/>\nAgrega al carrito de compra sorpr\u00e9ndete con sus dise\u00f1os y disfruta de su incre\u00edble sabor. \ud83d\udecd\ufe0f<\/em><\/p>","protected":false},"excerpt":{"rendered":"<p>Mini Brix Flores Juguetes Coleccionables Descubre la diversi\u00f3n de Mini Brix Flores \ud83c\udf38\ud83e\udde9. Estos juguetes coleccionables en forma de flores combinan creatividad y entretenimiento, ideales para quienes disfrutan armar, coleccionar y decorar con dise\u00f1os coloridos. Cada pieza forma parte de una colecci\u00f3n especial con diferentes estilos para reunir y completar. \ud83d\udccd Caracter\u00edsticas: Envase: Display Dise\u00f1o: [&hellip;]<\/p>\n","protected":false},"featured_media":262382,"template":"","meta":{"inline_featured_image":false},"product_brand":[],"product_cat":[114],"product_tag":[],"class_list":{"0":"post-262137","1":"product","2":"type-product","3":"status-publish","4":"has-post-thumbnail","6":"product_cat-destacados","8":"first","9":"outofstock","10":"featured","11":"taxable","12":"shipping-taxable","13":"purchasable","14":"product-type-simple"},"_links":{"self":[{"href":"https:\/\/productoshubin.com\/en\/wp-json\/wp\/v2\/product\/262137","targetHints":{"allow":["GET"]}}],"collection":[{"href":"https:\/\/productoshubin.com\/en\/wp-json\/wp\/v2\/product"}],"about":[{"href":"https:\/\/productoshubin.com\/en\/wp-json\/wp\/v2\/types\/product"}],"wp:featuredmedia":[{"embeddable":true,"href":"https:\/\/productoshubin.com\/en\/wp-json\/wp\/v2\/media\/262382"}],"wp:attachment":[{"href":"https:\/\/productoshubin.com\/en\/wp-json\/wp\/v2\/media?parent=262137"}],"wp:term":[{"taxonomy":"product_brand","embeddable":true,"href":"https:\/\/productoshubin.com\/en\/wp-json\/wp\/v2\/product_brand?post=262137"},{"taxonomy":"product_cat","embeddable":true,"href":"https:\/\/productoshubin.com\/en\/wp-json\/wp\/v2\/product_cat?post=262137"},{"taxonomy":"product_tag","embeddable":true,"href":"https:\/\/productoshubin.com\/en\/wp-json\/wp\/v2\/product_tag?post=262137"}],"curies":[{"name":"wp","href":"https:\/\/api.w.org\/{rel}","templated":true}]}}