{"id":262105,"date":"2026-02-18T08:44:15","date_gmt":"2026-02-18T14:44:15","guid":{"rendered":"https:\/\/productoshubin.com\/?post_type=product&#038;p=262105"},"modified":"2026-04-30T15:48:06","modified_gmt":"2026-04-30T21:48:06","slug":"gommy-rellenitax-mundial","status":"publish","type":"product","link":"https:\/\/productoshubin.com\/en\/product\/gommy-rellenitax-mundial\/","title":{"rendered":"GOMMY RELLENITAX MUNDIAL"},"content":{"rendered":"<div class=\"flex flex-col text-sm pb-25\">\n<article class=\"text-token-text-primary w-full focus:outline-none [--shadow-height:45px] has-data-writing-block:pointer-events-none has-data-writing-block:-mt-(--shadow-height) has-data-writing-block:pt-(--shadow-height) [&amp;:has([data-writing-block])&gt;*]:pointer-events-auto scroll-mt-[calc(var(--header-height)+min(200px,max(70px,20svh)))]\" dir=\"auto\" tabindex=\"-1\" data-turn-id=\"request-69a8ae3a-11b8-83e8-a810-80a02931ddc2-7\" data-testid=\"conversation-turn-54\" data-scroll-anchor=\"true\" data-turn=\"assistant\">\n<div class=\"text-base my-auto mx-auto pb-10 [--thread-content-margin:var(--thread-content-margin-xs,calc(var(--spacing)*4))] @w-sm\/main:[--thread-content-margin:var(--thread-content-margin-sm,calc(var(--spacing)*6))] @w-lg\/main:[--thread-content-margin:var(--thread-content-margin-lg,calc(var(--spacing)*16))] px-(--thread-content-margin)\">\n<div class=\"[--thread-content-max-width:40rem] @w-lg\/main:[--thread-content-max-width:48rem] mx-auto max-w-(--thread-content-max-width) flex-1 group\/turn-messages focus-visible:outline-hidden relative flex w-full min-w-0 flex-col agent-turn\" tabindex=\"-1\">\n<div class=\"flex max-w-full flex-col gap-4 grow\">\n<div class=\"min-h-8 text-message relative flex w-full flex-col items-end gap-2 text-start break-words whitespace-normal [.text-message+&amp;]:mt-1\" dir=\"auto\" data-message-author-role=\"assistant\" data-message-id=\"29898116-35d3-49b7-b692-77d2f87b53d3\" data-message-model-slug=\"gpt-5-3\">\n<div class=\"flex w-full flex-col gap-1 empty:hidden\">\n<div class=\"markdown prose dark:prose-invert w-full wrap-break-word light markdown-new-styling\">\n<h1 data-section-id=\"owpcgt\" data-start=\"0\" data-end=\"45\">Gommy Rellenitax Mundial Gomitas Rellenas<\/h1>\n<p data-start=\"47\" data-end=\"254\">Disfruta una explosi\u00f3n de sabor con <strong data-start=\"83\" data-end=\"111\">Gommy Rellenitax Mundial<\/strong> \u26bd\ud83c\udf6c. Estas deliciosas <strong data-start=\"134\" data-end=\"165\">gomitas con relleno l\u00edquido<\/strong> combinan una textura suave por fuera con un centro frutal que sorprende en cada mordida.<\/p>\n<p data-start=\"256\" data-end=\"400\">Con sabores como <strong data-start=\"273\" data-end=\"305\">fresa, sand\u00eda, durazno y uva<\/strong>, son perfectas para compartir, para mesas de dulces o para disfrutar un antojo lleno de sabor.<\/p>\n<h2 style=\"text-align: left;\" data-start=\"52\" data-end=\"299\">\ud83d\udccd Caracter\u00edsticas:<\/h2>\n<ul>\n<li style=\"text-align: left;\"><strong>Envase<\/strong>: Vitrolero\/Bote<\/li>\n<li style=\"text-align: left;\"><strong>Dise\u00f1o<\/strong>: Futbol<\/li>\n<li style=\"text-align: left;\"><strong>Familia<\/strong>: Gommy Rellenitax 3D<\/li>\n<li style=\"text-align: left;\"><strong>Contenido neto<\/strong>: 300g.<\/li>\n<li style=\"text-align: left;\"><strong>Piezas<\/strong>: 30 gomitas.<\/li>\n<li style=\"text-align: left;\"><strong>Peso por pieza<\/strong>: 10g.<\/li>\n<li style=\"text-align: left;\"><strong>Sabores<\/strong>: Frutales<\/li>\n<\/ul>\n<p><em><br \/>\nAgrega al carrito de compra sorpr\u00e9ndete con sus dise\u00f1os y disfruta de su incre\u00edble sabor. \ud83d\udecd\ufe0f<\/em><\/p>\n<\/div>\n<\/div>\n<\/div>\n<\/div>\n<\/div>\n<\/div>\n<\/article>\n<\/div>\n","protected":false},"excerpt":{"rendered":"<p>Gommy Rellenitax Mundial Gomitas Rellenas Disfruta una explosi\u00f3n de sabor con Gommy Rellenitax Mundial \u26bd\ud83c\udf6c. Estas deliciosas gomitas con relleno l\u00edquido combinan una textura suave por fuera con un centro frutal que sorprende en cada mordida. Con sabores como fresa, sand\u00eda, durazno y uva, son perfectas para compartir, para mesas de dulces o para disfrutar [&hellip;]<\/p>\n","protected":false},"featured_media":262386,"template":"","meta":{"inline_featured_image":false},"product_brand":[],"product_cat":[114,49,109,33],"product_tag":[],"class_list":{"0":"post-262105","1":"product","2":"type-product","3":"status-publish","4":"has-post-thumbnail","6":"product_cat-destacados","7":"product_cat-gomitas","8":"product_cat-novedades","9":"product_cat-promociones","11":"first","12":"instock","13":"taxable","14":"shipping-taxable","15":"purchasable","16":"product-type-simple"},"_links":{"self":[{"href":"https:\/\/productoshubin.com\/en\/wp-json\/wp\/v2\/product\/262105","targetHints":{"allow":["GET"]}}],"collection":[{"href":"https:\/\/productoshubin.com\/en\/wp-json\/wp\/v2\/product"}],"about":[{"href":"https:\/\/productoshubin.com\/en\/wp-json\/wp\/v2\/types\/product"}],"wp:featuredmedia":[{"embeddable":true,"href":"https:\/\/productoshubin.com\/en\/wp-json\/wp\/v2\/media\/262386"}],"wp:attachment":[{"href":"https:\/\/productoshubin.com\/en\/wp-json\/wp\/v2\/media?parent=262105"}],"wp:term":[{"taxonomy":"product_brand","embeddable":true,"href":"https:\/\/productoshubin.com\/en\/wp-json\/wp\/v2\/product_brand?post=262105"},{"taxonomy":"product_cat","embeddable":true,"href":"https:\/\/productoshubin.com\/en\/wp-json\/wp\/v2\/product_cat?post=262105"},{"taxonomy":"product_tag","embeddable":true,"href":"https:\/\/productoshubin.com\/en\/wp-json\/wp\/v2\/product_tag?post=262105"}],"curies":[{"name":"wp","href":"https:\/\/api.w.org\/{rel}","templated":true}]}}