{"id":262104,"date":"2026-02-18T08:44:15","date_gmt":"2026-02-18T14:44:15","guid":{"rendered":"https:\/\/productoshubin.com\/?post_type=product&#038;p=262104"},"modified":"2026-04-06T17:15:21","modified_gmt":"2026-04-06T23:15:21","slug":"gommy-balon-4d","status":"publish","type":"product","link":"https:\/\/productoshubin.com\/en\/product\/gommy-balon-4d\/","title":{"rendered":"GOMMY BAL\u00d3N 4D"},"content":{"rendered":"<article class=\"text-token-text-primary w-full focus:outline-none [--shadow-height:45px] has-data-writing-block:pointer-events-none has-data-writing-block:-mt-(--shadow-height) has-data-writing-block:pt-(--shadow-height) [&amp;:has([data-writing-block])&gt;*]:pointer-events-auto scroll-mt-(--header-height)\" dir=\"auto\" data-turn-id=\"068d24d6-938a-4afe-bdcf-0768667d6533\" data-testid=\"conversation-turn-51\" data-scroll-anchor=\"false\" data-turn=\"user\"><\/article>\n<article class=\"text-token-text-primary w-full focus:outline-none [--shadow-height:45px] has-data-writing-block:pointer-events-none has-data-writing-block:-mt-(--shadow-height) has-data-writing-block:pt-(--shadow-height) [&amp;:has([data-writing-block])&gt;*]:pointer-events-auto scroll-mt-[calc(var(--header-height)+min(200px,max(70px,20svh)))]\" dir=\"auto\" data-turn-id=\"request-69a8ae3a-11b8-83e8-a810-80a02931ddc2-6\" data-testid=\"conversation-turn-52\" data-scroll-anchor=\"true\" data-turn=\"assistant\">\n<div class=\"text-base my-auto mx-auto pb-10 [--thread-content-margin:var(--thread-content-margin-xs,calc(var(--spacing)*4))] @w-sm\/main:[--thread-content-margin:var(--thread-content-margin-sm,calc(var(--spacing)*6))] @w-lg\/main:[--thread-content-margin:var(--thread-content-margin-lg,calc(var(--spacing)*16))] px-(--thread-content-margin)\">\n<div class=\"[--thread-content-max-width:40rem] @w-lg\/main:[--thread-content-max-width:48rem] mx-auto max-w-(--thread-content-max-width) flex-1 group\/turn-messages focus-visible:outline-hidden relative flex w-full min-w-0 flex-col agent-turn\">\n<div class=\"flex max-w-full flex-col gap-4 grow\">\n<div class=\"min-h-8 text-message relative flex w-full flex-col items-end gap-2 text-start break-words whitespace-normal [.text-message+&amp;]:mt-1\" dir=\"auto\" data-message-author-role=\"assistant\" data-message-id=\"4034ec18-e595-4023-90e0-01fdf52d9b6b\" data-message-model-slug=\"gpt-5-3\">\n<div class=\"flex w-full flex-col gap-1 empty:hidden\">\n<div class=\"markdown prose dark:prose-invert w-full wrap-break-word light markdown-new-styling\">\n<h1 data-section-id=\"1sq6cjv\" data-start=\"0\" data-end=\"46\">Gommy Bal\u00f3n 4D Gomitas de Sabores Frutales<\/h1>\n<p data-start=\"48\" data-end=\"280\">Disfruta un antojo divertido con <strong data-start=\"81\" data-end=\"99\">Gommy Bal\u00f3n 4D<\/strong> \u26bd\ud83c\udf6c. Estas deliciosas <strong data-start=\"122\" data-end=\"153\">gomitas de sabores frutales<\/strong> destacan por su original forma de bal\u00f3n y su textura suave, perfectas para quienes buscan un dulce diferente y lleno de sabor.<\/p>\n<p data-start=\"282\" data-end=\"374\">Ideales para compartir, para fiestas, mesas de dulces o para disfrutar en cualquier momento.<\/p>\n<h2 style=\"text-align: left\" data-start=\"52\" data-end=\"299\">\ud83d\udccd Caracter\u00edsticas:<\/h2>\n<ul>\n<li style=\"text-align: left\"><strong>Envase<\/strong>: Vitrolero\/Bote<\/li>\n<li style=\"text-align: left\"><strong>Dise\u00f1o<\/strong>: Futbol<\/li>\n<li style=\"text-align: left\"><strong>Familia<\/strong>: Mundial<\/li>\n<li style=\"text-align: left\"><strong>Contenido neto<\/strong>: 400g.<\/li>\n<li style=\"text-align: left\"><strong>Piezas<\/strong>: 40 gomitas.<\/li>\n<li style=\"text-align: left\"><strong>Peso por pieza<\/strong>: 10g.<\/li>\n<li style=\"text-align: left\"><strong>Sabores<\/strong>: Frutales<\/li>\n<\/ul>\n<p><em><br \/>\nAgrega al carrito de compra sorpr\u00e9ndete con sus dise\u00f1os y disfruta de su incre\u00edble sabor. \ud83d\udecd\ufe0f<\/em><\/p>\n<\/div>\n<\/div>\n<\/div>\n<\/div>\n<\/div>\n<\/div>\n<\/article>\n","protected":false},"excerpt":{"rendered":"<p>Gommy Bal\u00f3n 4D Gomitas de Sabores Frutales Disfruta un antojo divertido con Gommy Bal\u00f3n 4D \u26bd\ud83c\udf6c. Estas deliciosas gomitas de sabores frutales destacan por su original forma de bal\u00f3n y su textura suave, perfectas para quienes buscan un dulce diferente y lleno de sabor. Ideales para compartir, para fiestas, mesas de dulces o para disfrutar [&hellip;]<\/p>\n","protected":false},"featured_media":262380,"template":"","meta":{"inline_featured_image":false},"product_brand":[],"product_cat":[114],"product_tag":[],"class_list":{"0":"post-262104","1":"product","2":"type-product","3":"status-publish","4":"has-post-thumbnail","6":"product_cat-destacados","8":"first","9":"outofstock","10":"taxable","11":"shipping-taxable","12":"purchasable","13":"product-type-simple"},"_links":{"self":[{"href":"https:\/\/productoshubin.com\/en\/wp-json\/wp\/v2\/product\/262104","targetHints":{"allow":["GET"]}}],"collection":[{"href":"https:\/\/productoshubin.com\/en\/wp-json\/wp\/v2\/product"}],"about":[{"href":"https:\/\/productoshubin.com\/en\/wp-json\/wp\/v2\/types\/product"}],"wp:featuredmedia":[{"embeddable":true,"href":"https:\/\/productoshubin.com\/en\/wp-json\/wp\/v2\/media\/262380"}],"wp:attachment":[{"href":"https:\/\/productoshubin.com\/en\/wp-json\/wp\/v2\/media?parent=262104"}],"wp:term":[{"taxonomy":"product_brand","embeddable":true,"href":"https:\/\/productoshubin.com\/en\/wp-json\/wp\/v2\/product_brand?post=262104"},{"taxonomy":"product_cat","embeddable":true,"href":"https:\/\/productoshubin.com\/en\/wp-json\/wp\/v2\/product_cat?post=262104"},{"taxonomy":"product_tag","embeddable":true,"href":"https:\/\/productoshubin.com\/en\/wp-json\/wp\/v2\/product_tag?post=262104"}],"curies":[{"name":"wp","href":"https:\/\/api.w.org\/{rel}","templated":true}]}}