{"id":262103,"date":"2026-02-18T08:44:14","date_gmt":"2026-02-18T14:44:14","guid":{"rendered":"https:\/\/productoshubin.com\/?post_type=product&#038;p=262103"},"modified":"2026-03-13T17:27:26","modified_gmt":"2026-03-13T23:27:26","slug":"jelly-salchichita","status":"publish","type":"product","link":"https:\/\/productoshubin.com\/en\/product\/jelly-salchichita\/","title":{"rendered":"JELLY SALCHICHITA"},"content":{"rendered":"<h1 data-section-id=\"p4jxcu\" data-start=\"0\" data-end=\"54\">Jelly Salchichita Gelatina Sabores Fresa y Durazno<\/h1>\n<p data-start=\"56\" data-end=\"294\">Disfruta un antojo dulce y divertido con <strong data-start=\"97\" data-end=\"118\">Jelly Salchichita<\/strong> \ud83c\udf53\ud83c\udf51. Esta deliciosa <strong data-start=\"140\" data-end=\"180\">gelatina con sabores fresa y durazno<\/strong> destaca por su original presentaci\u00f3n y su textura suave que la hace perfecta para disfrutar en cualquier momento.<\/p>\n<p data-start=\"296\" data-end=\"394\">Ideal para compartir, para fiestas, bolsitas de dulces o simplemente para un snack lleno de sabor.<\/p>\n<h2 style=\"text-align: left;\" data-start=\"52\" data-end=\"299\">\ud83d\udccd Caracter\u00edsticas:<\/h2>\n<ul>\n<li style=\"text-align: left;\"><strong>Envase<\/strong>: Display<\/li>\n<li style=\"text-align: left;\"><strong>Dise\u00f1o<\/strong>: Salchicha<\/li>\n<li style=\"text-align: left;\"><strong>Familia<\/strong>: Jellys<\/li>\n<li style=\"text-align: left;\"><strong>Contenido neto<\/strong>: 528g.<\/li>\n<li style=\"text-align: left;\"><strong>Piezas<\/strong>: 24 salchichitas.<\/li>\n<li style=\"text-align: left;\"><strong>Peso por pieza<\/strong>: 22g.<\/li>\n<li style=\"text-align: left;\"><strong>Sabores<\/strong>: Fresa y Durazno<\/li>\n<\/ul>\n<p><em><br \/>\nAgrega al carrito de compra sorpr\u00e9ndete con sus dise\u00f1os y disfruta de su incre\u00edble sabor. \ud83d\udecd\ufe0f<\/em><\/p>","protected":false},"excerpt":{"rendered":"<p>Jelly Salchichita Gelatina Sabores Fresa y Durazno Disfruta un antojo dulce y divertido con Jelly Salchichita \ud83c\udf53\ud83c\udf51. Esta deliciosa gelatina con sabores fresa y durazno destaca por su original presentaci\u00f3n y su textura suave que la hace perfecta para disfrutar en cualquier momento. Ideal para compartir, para fiestas, bolsitas de dulces o simplemente para un [&hellip;]<\/p>\n","protected":false},"featured_media":262387,"template":"","meta":{"inline_featured_image":false},"product_brand":[],"product_cat":[55],"product_tag":[],"class_list":{"0":"post-262103","1":"product","2":"type-product","3":"status-publish","4":"has-post-thumbnail","6":"product_cat-jellys","8":"first","9":"outofstock","10":"featured","11":"taxable","12":"shipping-taxable","13":"purchasable","14":"product-type-simple"},"_links":{"self":[{"href":"https:\/\/productoshubin.com\/en\/wp-json\/wp\/v2\/product\/262103","targetHints":{"allow":["GET"]}}],"collection":[{"href":"https:\/\/productoshubin.com\/en\/wp-json\/wp\/v2\/product"}],"about":[{"href":"https:\/\/productoshubin.com\/en\/wp-json\/wp\/v2\/types\/product"}],"wp:featuredmedia":[{"embeddable":true,"href":"https:\/\/productoshubin.com\/en\/wp-json\/wp\/v2\/media\/262387"}],"wp:attachment":[{"href":"https:\/\/productoshubin.com\/en\/wp-json\/wp\/v2\/media?parent=262103"}],"wp:term":[{"taxonomy":"product_brand","embeddable":true,"href":"https:\/\/productoshubin.com\/en\/wp-json\/wp\/v2\/product_brand?post=262103"},{"taxonomy":"product_cat","embeddable":true,"href":"https:\/\/productoshubin.com\/en\/wp-json\/wp\/v2\/product_cat?post=262103"},{"taxonomy":"product_tag","embeddable":true,"href":"https:\/\/productoshubin.com\/en\/wp-json\/wp\/v2\/product_tag?post=262103"}],"curies":[{"name":"wp","href":"https:\/\/api.w.org\/{rel}","templated":true}]}}