{"id":262102,"date":"2026-02-18T08:44:14","date_gmt":"2026-02-18T14:44:14","guid":{"rendered":"https:\/\/productoshubin.com\/?post_type=product&#038;p=262102"},"modified":"2026-04-13T18:23:55","modified_gmt":"2026-04-14T00:23:55","slug":"mini-brix-animales","status":"publish","type":"product","link":"https:\/\/productoshubin.com\/en\/product\/mini-brix-animales\/","title":{"rendered":"MINI BRIX ANIMALES"},"content":{"rendered":"<h3 data-section-id=\"1cs5flt\" data-start=\"0\" data-end=\"48\">Mini Brix Animales Juguete con Polvito Tronador<\/h3>\n<p data-start=\"50\" data-end=\"284\">Descubre la diversi\u00f3n de <strong data-start=\"75\" data-end=\"97\">Mini Brix Animales<\/strong> \ud83e\udd84\ud83c\udf89. Cada pieza incluye un <strong data-start=\"126\" data-end=\"164\">juguete coleccionable de unicornio<\/strong> acompa\u00f1ado de <strong data-start=\"179\" data-end=\"196\">Polvito Tronador<\/strong>, un dulce que explota y chispea en la boca para hacer la experiencia a\u00fan m\u00e1s divertida.<\/p>\n<p data-start=\"286\" data-end=\"366\">Perfecto para coleccionar, regalar o sorprender en fiestas y bolsitas de dulces.<\/p>\n<h2 style=\"text-align: left\" data-start=\"52\" data-end=\"299\">\ud83d\udccd Caracter\u00edsticas:<\/h2>\n<ul>\n<li style=\"text-align: left\"><strong>Envase<\/strong>: Display<\/li>\n<li style=\"text-align: left\"><strong>Dise\u00f1o<\/strong>: Animales<\/li>\n<li style=\"text-align: left\"><strong>Familia<\/strong>: Mini Brix<\/li>\n<li style=\"text-align: left\"><strong>Contenido neto<\/strong>: 18g.<\/li>\n<li style=\"text-align: left\"><strong>Piezas<\/strong>: 18 bolsitas.<\/li>\n<li style=\"text-align: left\"><strong>Peso por pieza<\/strong>: 1g.<\/li>\n<li style=\"text-align: left\"><strong>Sabores<\/strong>: Varia.<\/li>\n<\/ul>\n<p><em><br \/>\nAgrega al carrito de compra sorpr\u00e9ndete con sus dise\u00f1os y disfruta de su incre\u00edble sabor. \ud83d\udecd\ufe0f<\/em><\/p>","protected":false},"excerpt":{"rendered":"<p>Mini Brix Animales Juguete con Polvito Tronador Descubre la diversi\u00f3n de Mini Brix Animales \ud83e\udd84\ud83c\udf89. Cada pieza incluye un juguete coleccionable de unicornio acompa\u00f1ado de Polvito Tronador, un dulce que explota y chispea en la boca para hacer la experiencia a\u00fan m\u00e1s divertida. Perfecto para coleccionar, regalar o sorprender en fiestas y bolsitas de dulces. [&hellip;]<\/p>\n","protected":false},"featured_media":262114,"template":"","meta":{"inline_featured_image":false},"product_brand":[],"product_cat":[57],"product_tag":[],"class_list":{"0":"post-262102","1":"product","2":"type-product","3":"status-publish","4":"has-post-thumbnail","6":"product_cat-juguetes","8":"first","9":"outofstock","10":"featured","11":"taxable","12":"shipping-taxable","13":"purchasable","14":"product-type-simple"},"_links":{"self":[{"href":"https:\/\/productoshubin.com\/en\/wp-json\/wp\/v2\/product\/262102","targetHints":{"allow":["GET"]}}],"collection":[{"href":"https:\/\/productoshubin.com\/en\/wp-json\/wp\/v2\/product"}],"about":[{"href":"https:\/\/productoshubin.com\/en\/wp-json\/wp\/v2\/types\/product"}],"wp:featuredmedia":[{"embeddable":true,"href":"https:\/\/productoshubin.com\/en\/wp-json\/wp\/v2\/media\/262114"}],"wp:attachment":[{"href":"https:\/\/productoshubin.com\/en\/wp-json\/wp\/v2\/media?parent=262102"}],"wp:term":[{"taxonomy":"product_brand","embeddable":true,"href":"https:\/\/productoshubin.com\/en\/wp-json\/wp\/v2\/product_brand?post=262102"},{"taxonomy":"product_cat","embeddable":true,"href":"https:\/\/productoshubin.com\/en\/wp-json\/wp\/v2\/product_cat?post=262102"},{"taxonomy":"product_tag","embeddable":true,"href":"https:\/\/productoshubin.com\/en\/wp-json\/wp\/v2\/product_tag?post=262102"}],"curies":[{"name":"wp","href":"https:\/\/api.w.org\/{rel}","templated":true}]}}