{"id":262101,"date":"2026-02-18T08:44:14","date_gmt":"2026-02-18T14:44:14","guid":{"rendered":"https:\/\/productoshubin.com\/?post_type=product&#038;p=262101"},"modified":"2026-04-24T17:43:06","modified_gmt":"2026-04-24T23:43:06","slug":"gommy-rellenitax-ojitos-locos-3d","status":"publish","type":"product","link":"https:\/\/productoshubin.com\/en\/product\/gommy-rellenitax-ojitos-locos-3d\/","title":{"rendered":"GOMMY RELLENITAX OJITOS LOCOS 3D"},"content":{"rendered":"<h1 data-section-id=\"fholgk\" data-start=\"0\" data-end=\"53\">Gommy Rellenitax Ojitos Locos 3D Gomitas Rellenas<\/h1>\n<p data-start=\"55\" data-end=\"286\">Disfruta un dulce divertido y lleno de sabor con <strong data-start=\"104\" data-end=\"140\">Gommy Rellenitax Ojitos Locos 3D<\/strong> \ud83d\udc40\ud83c\udf6c. Estas originales <strong data-start=\"164\" data-end=\"195\">gomitas con relleno l\u00edquido<\/strong> destacan por su divertida forma de ojitos y su centro frutal que sorprende en cada bocado.<\/p>\n<p data-start=\"288\" data-end=\"434\">Con deliciosos sabores <strong data-start=\"311\" data-end=\"343\">fresa, sand\u00eda, durazno y uva<\/strong>, son perfectas para compartir, para fiestas o para disfrutar un antojo lleno de diversi\u00f3n.<\/p>\n<h2 style=\"text-align: left;\" data-start=\"52\" data-end=\"299\">\ud83d\udccd Caracter\u00edsticas:<\/h2>\n<ul>\n<li style=\"text-align: left;\"><strong>Envase<\/strong>: Vitrolero\/Bote<\/li>\n<li style=\"text-align: left;\"><strong>Dise\u00f1o<\/strong>: Ojitos Locos<\/li>\n<li style=\"text-align: left;\"><strong>Familia<\/strong>: Gommy Rellenitax 3D<\/li>\n<li style=\"text-align: left;\"><strong>Contenido neto<\/strong>: 300g.<\/li>\n<li style=\"text-align: left;\"><strong>Piezas<\/strong>: 30 gomitas.<\/li>\n<li style=\"text-align: left;\"><strong>Peso por pieza<\/strong>: 10g.<\/li>\n<li style=\"text-align: left;\"><strong>Sabores<\/strong>: Frutales<\/li>\n<\/ul>\n<p><em><br \/>\nAgrega al carrito de compra sorpr\u00e9ndete con sus dise\u00f1os y disfruta de su incre\u00edble sabor. \ud83d\udecd\ufe0f<\/em><\/p>","protected":false},"excerpt":{"rendered":"<p>Gommy Rellenitax Ojitos Locos 3D Gomitas Rellenas Disfruta un dulce divertido y lleno de sabor con Gommy Rellenitax Ojitos Locos 3D \ud83d\udc40\ud83c\udf6c. Estas originales gomitas con relleno l\u00edquido destacan por su divertida forma de ojitos y su centro frutal que sorprende en cada bocado. Con deliciosos sabores fresa, sand\u00eda, durazno y uva, son perfectas para [&hellip;]<\/p>\n","protected":false},"featured_media":262113,"template":"","meta":{"inline_featured_image":false},"product_brand":[],"product_cat":[49,109],"product_tag":[],"class_list":{"0":"post-262101","1":"product","2":"type-product","3":"status-publish","4":"has-post-thumbnail","6":"product_cat-gomitas","7":"product_cat-novedades","9":"first","10":"instock","11":"taxable","12":"shipping-taxable","13":"purchasable","14":"product-type-simple"},"_links":{"self":[{"href":"https:\/\/productoshubin.com\/en\/wp-json\/wp\/v2\/product\/262101","targetHints":{"allow":["GET"]}}],"collection":[{"href":"https:\/\/productoshubin.com\/en\/wp-json\/wp\/v2\/product"}],"about":[{"href":"https:\/\/productoshubin.com\/en\/wp-json\/wp\/v2\/types\/product"}],"wp:featuredmedia":[{"embeddable":true,"href":"https:\/\/productoshubin.com\/en\/wp-json\/wp\/v2\/media\/262113"}],"wp:attachment":[{"href":"https:\/\/productoshubin.com\/en\/wp-json\/wp\/v2\/media?parent=262101"}],"wp:term":[{"taxonomy":"product_brand","embeddable":true,"href":"https:\/\/productoshubin.com\/en\/wp-json\/wp\/v2\/product_brand?post=262101"},{"taxonomy":"product_cat","embeddable":true,"href":"https:\/\/productoshubin.com\/en\/wp-json\/wp\/v2\/product_cat?post=262101"},{"taxonomy":"product_tag","embeddable":true,"href":"https:\/\/productoshubin.com\/en\/wp-json\/wp\/v2\/product_tag?post=262101"}],"curies":[{"name":"wp","href":"https:\/\/api.w.org\/{rel}","templated":true}]}}