{"id":262100,"date":"2026-02-18T08:44:14","date_gmt":"2026-02-18T14:44:14","guid":{"rendered":"https:\/\/productoshubin.com\/?post_type=product&#038;p=262100"},"modified":"2026-04-30T15:49:54","modified_gmt":"2026-04-30T21:49:54","slug":"gommy-rellenitax-perritos-3d","status":"publish","type":"product","link":"https:\/\/productoshubin.com\/en\/product\/gommy-rellenitax-perritos-3d\/","title":{"rendered":"GOMMY RELLENITAX PERRITOS 3D"},"content":{"rendered":"<h3 data-section-id=\"1hc8lpk\" data-start=\"0\" data-end=\"49\">Gommy Rellenitax Perritos 3D Gomitas Rellenas<\/h3>\n<p data-start=\"51\" data-end=\"269\">Disfruta un dulce lleno de sabor y ternura con <strong data-start=\"98\" data-end=\"130\">Gommy Rellenitax Perritos 3D<\/strong> \ud83d\udc36\ud83c\udf6c. Estas divertidas <strong data-start=\"154\" data-end=\"185\">gomitas con relleno l\u00edquido<\/strong> tienen forma de perritos y un delicioso centro frutal que sorprende en cada bocado.<\/p>\n<p data-start=\"271\" data-end=\"431\">Con sabores como <strong data-start=\"288\" data-end=\"320\">fresa, sand\u00eda, durazno y uva<\/strong>, son perfectas para compartir, para mesas de dulces o para disfrutar un antojo diferente y lleno de diversi\u00f3n.<\/p>\n<h2 style=\"text-align: left;\" data-start=\"52\" data-end=\"299\">\ud83d\udccd Caracter\u00edsticas:<\/h2>\n<ul>\n<li style=\"text-align: left;\"><strong>Envase<\/strong>: Vitrolero\/Bote<\/li>\n<li style=\"text-align: left;\"><strong>Dise\u00f1o<\/strong>: Perritos<\/li>\n<li style=\"text-align: left;\"><strong>Familia<\/strong>: Gommy Rellenitax 3D<\/li>\n<li style=\"text-align: left;\"><strong>Contenido neto<\/strong>: 300g.<\/li>\n<li style=\"text-align: left;\"><strong>Piezas<\/strong>: 30 gomitas.<\/li>\n<li style=\"text-align: left;\"><strong>Peso por pieza<\/strong>: 10g.<\/li>\n<li style=\"text-align: left;\"><strong>Sabores<\/strong>: Frutales<\/li>\n<\/ul>\n<p><em><br \/>\nAgrega al carrito de compra sorpr\u00e9ndete con sus dise\u00f1os y disfruta de su incre\u00edble sabor. \ud83d\udecd\ufe0f<\/em><\/p>","protected":false},"excerpt":{"rendered":"<p>Gommy Rellenitax Perritos 3D Gomitas Rellenas Disfruta un dulce lleno de sabor y ternura con Gommy Rellenitax Perritos 3D \ud83d\udc36\ud83c\udf6c. Estas divertidas gomitas con relleno l\u00edquido tienen forma de perritos y un delicioso centro frutal que sorprende en cada bocado. Con sabores como fresa, sand\u00eda, durazno y uva, son perfectas para compartir, para mesas de [&hellip;]<\/p>\n","protected":false},"featured_media":262112,"template":"","meta":{"inline_featured_image":false},"product_brand":[],"product_cat":[114,49],"product_tag":[],"class_list":{"0":"post-262100","1":"product","2":"type-product","3":"status-publish","4":"has-post-thumbnail","6":"product_cat-destacados","7":"product_cat-gomitas","9":"first","10":"instock","11":"featured","12":"taxable","13":"shipping-taxable","14":"purchasable","15":"product-type-simple"},"_links":{"self":[{"href":"https:\/\/productoshubin.com\/en\/wp-json\/wp\/v2\/product\/262100","targetHints":{"allow":["GET"]}}],"collection":[{"href":"https:\/\/productoshubin.com\/en\/wp-json\/wp\/v2\/product"}],"about":[{"href":"https:\/\/productoshubin.com\/en\/wp-json\/wp\/v2\/types\/product"}],"wp:featuredmedia":[{"embeddable":true,"href":"https:\/\/productoshubin.com\/en\/wp-json\/wp\/v2\/media\/262112"}],"wp:attachment":[{"href":"https:\/\/productoshubin.com\/en\/wp-json\/wp\/v2\/media?parent=262100"}],"wp:term":[{"taxonomy":"product_brand","embeddable":true,"href":"https:\/\/productoshubin.com\/en\/wp-json\/wp\/v2\/product_brand?post=262100"},{"taxonomy":"product_cat","embeddable":true,"href":"https:\/\/productoshubin.com\/en\/wp-json\/wp\/v2\/product_cat?post=262100"},{"taxonomy":"product_tag","embeddable":true,"href":"https:\/\/productoshubin.com\/en\/wp-json\/wp\/v2\/product_tag?post=262100"}],"curies":[{"name":"wp","href":"https:\/\/api.w.org\/{rel}","templated":true}]}}