{"id":262099,"date":"2026-02-18T08:44:14","date_gmt":"2026-02-18T14:44:14","guid":{"rendered":"https:\/\/productoshubin.com\/?post_type=product&#038;p=262099"},"modified":"2026-04-29T17:53:06","modified_gmt":"2026-04-29T23:53:06","slug":"gommy-rellenitax-animales-3d","status":"publish","type":"product","link":"https:\/\/productoshubin.com\/en\/product\/gommy-rellenitax-animales-3d\/","title":{"rendered":"GOMMY RELLENITAX ANIMALES 3D"},"content":{"rendered":"<h3 data-section-id=\"1iwwlt8\" data-start=\"0\" data-end=\"49\">Gommy Rellenitax Animales 3D Gomitas Rellenas<\/h3>\n<p data-start=\"51\" data-end=\"273\">Disfruta una deliciosa combinaci\u00f3n de sabor y diversi\u00f3n con <strong data-start=\"111\" data-end=\"143\">Gommy Rellenitax Animales 3D<\/strong> \ud83d\udc3b\ud83c\udf6c. Estas <strong data-start=\"156\" data-end=\"187\">gomitas con relleno l\u00edquido<\/strong> tienen divertidas formas de animales y un centro frutal que sorprende en cada bocado.<\/p>\n<p data-start=\"275\" data-end=\"419\">Con sabores como <strong data-start=\"292\" data-end=\"324\">fresa, sand\u00eda, durazno y uva<\/strong>, son perfectas para compartir, para mesas de dulces o para disfrutar un antojo lleno de sabor.<\/p>\n<h2 style=\"text-align: left;\" data-start=\"52\" data-end=\"299\">\ud83d\udccd Caracter\u00edsticas:<\/h2>\n<ul>\n<li style=\"text-align: left;\"><strong>Envase<\/strong>: Vitrolero\/Bote<\/li>\n<li style=\"text-align: left;\"><strong>Dise\u00f1o<\/strong>: Animales<\/li>\n<li style=\"text-align: left;\"><strong>Familia<\/strong>: Gommy Rellenitax 3D<\/li>\n<li style=\"text-align: left;\"><strong>Contenido neto<\/strong>: 300g.<\/li>\n<li style=\"text-align: left;\"><strong>Piezas<\/strong>: 30 gomitas.<\/li>\n<li style=\"text-align: left;\"><strong>Peso por pieza<\/strong>: 10g.<\/li>\n<li style=\"text-align: left;\"><strong>Sabores<\/strong>: Frutales<\/li>\n<\/ul>\n<p><em><br \/>\nAgrega al carrito de compra sorpr\u00e9ndete con sus dise\u00f1os y disfruta de su incre\u00edble sabor. \ud83d\udecd\ufe0f<\/em><\/p>","protected":false},"excerpt":{"rendered":"<p>Gommy Rellenitax Animales 3D Gomitas Rellenas Disfruta una deliciosa combinaci\u00f3n de sabor y diversi\u00f3n con Gommy Rellenitax Animales 3D \ud83d\udc3b\ud83c\udf6c. Estas gomitas con relleno l\u00edquido tienen divertidas formas de animales y un centro frutal que sorprende en cada bocado. Con sabores como fresa, sand\u00eda, durazno y uva, son perfectas para compartir, para mesas de dulces [&hellip;]<\/p>\n","protected":false},"featured_media":262111,"template":"","meta":{"inline_featured_image":false},"product_brand":[],"product_cat":[114,49,109],"product_tag":[],"class_list":{"0":"post-262099","1":"product","2":"type-product","3":"status-publish","4":"has-post-thumbnail","6":"product_cat-destacados","7":"product_cat-gomitas","8":"product_cat-novedades","10":"first","11":"instock","12":"taxable","13":"shipping-taxable","14":"purchasable","15":"product-type-simple"},"_links":{"self":[{"href":"https:\/\/productoshubin.com\/en\/wp-json\/wp\/v2\/product\/262099","targetHints":{"allow":["GET"]}}],"collection":[{"href":"https:\/\/productoshubin.com\/en\/wp-json\/wp\/v2\/product"}],"about":[{"href":"https:\/\/productoshubin.com\/en\/wp-json\/wp\/v2\/types\/product"}],"wp:featuredmedia":[{"embeddable":true,"href":"https:\/\/productoshubin.com\/en\/wp-json\/wp\/v2\/media\/262111"}],"wp:attachment":[{"href":"https:\/\/productoshubin.com\/en\/wp-json\/wp\/v2\/media?parent=262099"}],"wp:term":[{"taxonomy":"product_brand","embeddable":true,"href":"https:\/\/productoshubin.com\/en\/wp-json\/wp\/v2\/product_brand?post=262099"},{"taxonomy":"product_cat","embeddable":true,"href":"https:\/\/productoshubin.com\/en\/wp-json\/wp\/v2\/product_cat?post=262099"},{"taxonomy":"product_tag","embeddable":true,"href":"https:\/\/productoshubin.com\/en\/wp-json\/wp\/v2\/product_tag?post=262099"}],"curies":[{"name":"wp","href":"https:\/\/api.w.org\/{rel}","templated":true}]}}