{"id":262098,"date":"2026-02-18T08:44:14","date_gmt":"2026-02-18T14:44:14","guid":{"rendered":"https:\/\/productoshubin.com\/?post_type=product&#038;p=262098"},"modified":"2026-04-30T16:06:56","modified_gmt":"2026-04-30T22:06:56","slug":"guitarritas-pops","status":"publish","type":"product","link":"https:\/\/productoshubin.com\/en\/product\/guitarritas-pops\/","title":{"rendered":"GUITARRITAS POP\u00b4S"},"content":{"rendered":"<h1 data-section-id=\"j6g50i\" data-start=\"0\" data-end=\"55\">Guitarrtitas Pop\u00b4s Gomitas de Sabores Frutales<\/h1>\n<p data-start=\"57\" data-end=\"291\">Disfruta una dulce nota de sabor con <strong data-start=\"94\" data-end=\"121\">Guitarrtitas Pop\u00b4s<\/strong>\u00a0\ud83c\udfb8\ud83c\udf6c. Estas divertidas <strong data-start=\"145\" data-end=\"176\">gomitas de sabores frutales<\/strong> destacan por su original forma de guitarra y sus colores vibrantes que las hacen perfectas para cualquier ocasi\u00f3n.<\/p>\n<p data-start=\"293\" data-end=\"385\">Ideales para fiestas, mesas de dulces o para disfrutar un antojo lleno de sabor y diversi\u00f3n.<\/p>\n<h2 style=\"text-align: left\" data-start=\"52\" data-end=\"299\">\ud83d\udccd Caracter\u00edsticas:<\/h2>\n<ul>\n<li style=\"text-align: left\"><strong>Envase<\/strong>: Display<\/li>\n<li style=\"text-align: left\"><strong>Dise\u00f1o<\/strong>: Guitarritas<\/li>\n<li style=\"text-align: left\"><strong>Familia<\/strong>: Gummy Pop\u00b4s N\u00e9on<\/li>\n<li style=\"text-align: left\"><strong>Contenido neto<\/strong>: 330g.<\/li>\n<li style=\"text-align: left\"><strong>Piezas<\/strong>: 30 paletitas.<\/li>\n<li style=\"text-align: left\"><strong>Peso por pieza<\/strong>: 11g.<\/li>\n<li style=\"text-align: left\"><strong>Sabores<\/strong>: Frutales<\/li>\n<\/ul>\n<p><em><br \/>\nAgrega al carrito de compra sorpr\u00e9ndete con sus dise\u00f1os y disfruta de su incre\u00edble sabor. \ud83d\udecd\ufe0f<\/em><\/p>","protected":false},"excerpt":{"rendered":"<p>Guitarrtitas Pop\u00b4s Gomitas de Sabores Frutales Disfruta una dulce nota de sabor con Guitarrtitas Pop\u00b4s\u00a0\ud83c\udfb8\ud83c\udf6c. Estas divertidas gomitas de sabores frutales destacan por su original forma de guitarra y sus colores vibrantes que las hacen perfectas para cualquier ocasi\u00f3n. Ideales para fiestas, mesas de dulces o para disfrutar un antojo lleno de sabor y diversi\u00f3n. [&hellip;]<\/p>\n","protected":false},"featured_media":262110,"template":"","meta":{"inline_featured_image":false},"product_brand":[],"product_cat":[49],"product_tag":[],"class_list":{"0":"post-262098","1":"product","2":"type-product","3":"status-publish","4":"has-post-thumbnail","6":"product_cat-gomitas","8":"first","9":"instock","10":"taxable","11":"shipping-taxable","12":"purchasable","13":"product-type-simple"},"_links":{"self":[{"href":"https:\/\/productoshubin.com\/en\/wp-json\/wp\/v2\/product\/262098","targetHints":{"allow":["GET"]}}],"collection":[{"href":"https:\/\/productoshubin.com\/en\/wp-json\/wp\/v2\/product"}],"about":[{"href":"https:\/\/productoshubin.com\/en\/wp-json\/wp\/v2\/types\/product"}],"wp:featuredmedia":[{"embeddable":true,"href":"https:\/\/productoshubin.com\/en\/wp-json\/wp\/v2\/media\/262110"}],"wp:attachment":[{"href":"https:\/\/productoshubin.com\/en\/wp-json\/wp\/v2\/media?parent=262098"}],"wp:term":[{"taxonomy":"product_brand","embeddable":true,"href":"https:\/\/productoshubin.com\/en\/wp-json\/wp\/v2\/product_brand?post=262098"},{"taxonomy":"product_cat","embeddable":true,"href":"https:\/\/productoshubin.com\/en\/wp-json\/wp\/v2\/product_cat?post=262098"},{"taxonomy":"product_tag","embeddable":true,"href":"https:\/\/productoshubin.com\/en\/wp-json\/wp\/v2\/product_tag?post=262098"}],"curies":[{"name":"wp","href":"https:\/\/api.w.org\/{rel}","templated":true}]}}