{"id":262084,"date":"2026-02-18T08:44:01","date_gmt":"2026-02-18T14:44:01","guid":{"rendered":"https:\/\/productoshubin.com\/?post_type=product&#038;p=262084"},"modified":"2026-04-15T11:26:00","modified_gmt":"2026-04-15T17:26:00","slug":"mini-brix-unicornio","status":"publish","type":"product","link":"https:\/\/productoshubin.com\/en\/product\/mini-brix-unicornio\/","title":{"rendered":"MINI BRIX UNICORNIO"},"content":{"rendered":"<div class=\"flex flex-col text-sm pb-25\">\n<article class=\"text-token-text-primary w-full focus:outline-none [--shadow-height:45px] has-data-writing-block:pointer-events-none has-data-writing-block:-mt-(--shadow-height) has-data-writing-block:pt-(--shadow-height) [&amp;:has([data-writing-block])&gt;*]:pointer-events-auto scroll-mt-[calc(var(--header-height)+min(200px,max(70px,20svh)))]\" dir=\"auto\" data-turn-id=\"request-69a8ae3a-11b8-83e8-a810-80a02931ddc2-22\" data-testid=\"conversation-turn-84\" data-scroll-anchor=\"true\" data-turn=\"assistant\">\n<div class=\"text-base my-auto mx-auto pb-10 [--thread-content-margin:var(--thread-content-margin-xs,calc(var(--spacing)*4))] @w-sm\/main:[--thread-content-margin:var(--thread-content-margin-sm,calc(var(--spacing)*6))] @w-lg\/main:[--thread-content-margin:var(--thread-content-margin-lg,calc(var(--spacing)*16))] px-(--thread-content-margin)\">\n<div class=\"[--thread-content-max-width:40rem] @w-lg\/main:[--thread-content-max-width:48rem] mx-auto max-w-(--thread-content-max-width) flex-1 group\/turn-messages focus-visible:outline-hidden relative flex w-full min-w-0 flex-col agent-turn\">\n<div class=\"flex max-w-full flex-col gap-4 grow\">\n<div class=\"min-h-8 text-message relative flex w-full flex-col items-end gap-2 text-start break-words whitespace-normal [.text-message+&amp;]:mt-1\" dir=\"auto\" data-message-author-role=\"assistant\" data-message-id=\"2d6f0b1e-7367-43a7-b9b4-e52fb8eb473b\" data-message-model-slug=\"gpt-5-3\">\n<div class=\"flex w-full flex-col gap-1 empty:hidden\">\n<div class=\"markdown prose dark:prose-invert w-full wrap-break-word light markdown-new-styling\">\n<h1 data-section-id=\"nt6b1x\" data-start=\"0\" data-end=\"49\">Mini Brix Unicornio Juguete con Polvito Tronador<\/h1>\n<p data-start=\"51\" data-end=\"307\">Descubre la magia y diversi\u00f3n de <strong data-start=\"84\" data-end=\"107\">Mini Brix Unicornio<\/strong> \ud83e\udd84\u2728. Cada pieza incluye un <strong data-start=\"135\" data-end=\"173\">juguete coleccionable de unicornio<\/strong> acompa\u00f1ado de <strong data-start=\"188\" data-end=\"205\">Polvito tronador<\/strong>, y un dulce efervescente que chispea y explota en la boca, haciendo cada experiencia a\u00fan m\u00e1s divertida.<\/p>\n<p data-start=\"309\" data-end=\"386\">Ideal para coleccionar, regalar o sorprender en fiestas y bolsitas de dulces.<\/p>\n<h2 style=\"text-align: left\" data-start=\"52\" data-end=\"299\">\ud83d\udccd Caracter\u00edsticas:<\/h2>\n<ul>\n<li style=\"text-align: left\"><strong>Envase<\/strong>: Display<\/li>\n<li style=\"text-align: left\"><strong>Dise\u00f1o<\/strong>: Unicornios<\/li>\n<li style=\"text-align: left\"><strong>Familia<\/strong>: Mini Brix<\/li>\n<li style=\"text-align: left\"><strong>Contenido neto<\/strong>: 18g.<\/li>\n<li style=\"text-align: left\"><strong>Piezas<\/strong>: 18 bolsitas.<\/li>\n<li style=\"text-align: left\"><strong>Peso por pieza<\/strong>: 10g.<\/li>\n<li style=\"text-align: left\"><strong>Sabores<\/strong>: Varia.<\/li>\n<\/ul>\n<p><em><br \/>\nAgrega al carrito de compra sorpr\u00e9ndete con sus dise\u00f1os y disfruta de su incre\u00edble sabor. \ud83d\udecd\ufe0f<\/em><\/p>\n<\/div>\n<\/div>\n<\/div>\n<\/div>\n<\/div>\n<\/div>\n<\/article>\n<\/div>\n","protected":false},"excerpt":{"rendered":"<p>Mini Brix Unicornio Juguete con Polvito Tronador Descubre la magia y diversi\u00f3n de Mini Brix Unicornio \ud83e\udd84\u2728. Cada pieza incluye un juguete coleccionable de unicornio acompa\u00f1ado de Polvito tronador, y un dulce efervescente que chispea y explota en la boca, haciendo cada experiencia a\u00fan m\u00e1s divertida. Ideal para coleccionar, regalar o sorprender en fiestas y [&hellip;]<\/p>\n","protected":false},"featured_media":262093,"template":"","meta":{"inline_featured_image":false},"product_brand":[],"product_cat":[57],"product_tag":[],"class_list":{"0":"post-262084","1":"product","2":"type-product","3":"status-publish","4":"has-post-thumbnail","6":"product_cat-juguetes","8":"first","9":"outofstock","10":"featured","11":"taxable","12":"shipping-taxable","13":"purchasable","14":"product-type-simple"},"_links":{"self":[{"href":"https:\/\/productoshubin.com\/en\/wp-json\/wp\/v2\/product\/262084","targetHints":{"allow":["GET"]}}],"collection":[{"href":"https:\/\/productoshubin.com\/en\/wp-json\/wp\/v2\/product"}],"about":[{"href":"https:\/\/productoshubin.com\/en\/wp-json\/wp\/v2\/types\/product"}],"wp:featuredmedia":[{"embeddable":true,"href":"https:\/\/productoshubin.com\/en\/wp-json\/wp\/v2\/media\/262093"}],"wp:attachment":[{"href":"https:\/\/productoshubin.com\/en\/wp-json\/wp\/v2\/media?parent=262084"}],"wp:term":[{"taxonomy":"product_brand","embeddable":true,"href":"https:\/\/productoshubin.com\/en\/wp-json\/wp\/v2\/product_brand?post=262084"},{"taxonomy":"product_cat","embeddable":true,"href":"https:\/\/productoshubin.com\/en\/wp-json\/wp\/v2\/product_cat?post=262084"},{"taxonomy":"product_tag","embeddable":true,"href":"https:\/\/productoshubin.com\/en\/wp-json\/wp\/v2\/product_tag?post=262084"}],"curies":[{"name":"wp","href":"https:\/\/api.w.org\/{rel}","templated":true}]}}