{"id":262080,"date":"2026-02-18T08:44:01","date_gmt":"2026-02-18T14:44:01","guid":{"rendered":"https:\/\/productoshubin.com\/?post_type=product&#038;p=262080"},"modified":"2026-04-26T23:26:10","modified_gmt":"2026-04-27T05:26:10","slug":"espadin-loco","status":"publish","type":"product","link":"https:\/\/productoshubin.com\/en\/product\/espadin-loco\/","title":{"rendered":"ESPADIN LOCO"},"content":{"rendered":"<h1 data-section-id=\"czpl4w\" data-start=\"0\" data-end=\"53\">Espad\u00edn Loco Caramelo L\u00edquido de Sabores Frutales<\/h1>\n<p data-start=\"55\" data-end=\"265\">Disfruta una explosi\u00f3n de dulzura con <strong data-start=\"93\" data-end=\"109\">Espad\u00edn Loco<\/strong> \ud83c\udf6d\u26a1. Este divertido <strong data-start=\"130\" data-end=\"170\">caramelo l\u00edquido de sabores frutales<\/strong> es perfecto para quienes aman los dulces intensos y f\u00e1ciles de disfrutar en cualquier momento.<\/p>\n<p data-start=\"267\" data-end=\"391\">Su presentaci\u00f3n pr\u00e1ctica lo hace ideal para fiestas, mesas de dulces o para llevar un antojo lleno de sabor a donde quieras.<\/p>\n<h2 style=\"text-align: left;\" data-start=\"52\" data-end=\"299\">\ud83d\udccd Caracter\u00edsticas:<\/h2>\n<ul>\n<li style=\"text-align: left;\"><strong>Envase<\/strong>: Display<\/li>\n<li style=\"text-align: left;\"><strong>Dise\u00f1o<\/strong>: Espadas<\/li>\n<li style=\"text-align: left;\"><strong>Familia<\/strong>: Juguete y Caramelo<\/li>\n<li style=\"text-align: left;\"><strong>Contenido neto<\/strong>: 500ml.<\/li>\n<li style=\"text-align: left;\"><strong>Piezas<\/strong>: 20 espaditas.<\/li>\n<li style=\"text-align: left;\"><strong>Peso por pieza<\/strong>: 25ml.<\/li>\n<li style=\"text-align: left;\"><strong>Sabores<\/strong>: Frutales<\/li>\n<\/ul>\n<p><em><br \/>\nAgrega al carrito de compra sorpr\u00e9ndete con sus dise\u00f1os y disfruta de su incre\u00edble sabor. \ud83d\udecd\ufe0f<\/em><\/p>","protected":false},"excerpt":{"rendered":"<p>Espad\u00edn Loco Caramelo L\u00edquido de Sabores Frutales Disfruta una explosi\u00f3n de dulzura con Espad\u00edn Loco \ud83c\udf6d\u26a1. Este divertido caramelo l\u00edquido de sabores frutales es perfecto para quienes aman los dulces intensos y f\u00e1ciles de disfrutar en cualquier momento. Su presentaci\u00f3n pr\u00e1ctica lo hace ideal para fiestas, mesas de dulces o para llevar un antojo lleno [&hellip;]<\/p>\n","protected":false},"featured_media":263081,"template":"","meta":{"inline_featured_image":false},"product_brand":[],"product_cat":[57],"product_tag":[],"class_list":{"0":"post-262080","1":"product","2":"type-product","3":"status-publish","4":"has-post-thumbnail","6":"product_cat-juguetes","8":"first","9":"instock","10":"purchasable","11":"product-type-simple"},"_links":{"self":[{"href":"https:\/\/productoshubin.com\/en\/wp-json\/wp\/v2\/product\/262080","targetHints":{"allow":["GET"]}}],"collection":[{"href":"https:\/\/productoshubin.com\/en\/wp-json\/wp\/v2\/product"}],"about":[{"href":"https:\/\/productoshubin.com\/en\/wp-json\/wp\/v2\/types\/product"}],"wp:featuredmedia":[{"embeddable":true,"href":"https:\/\/productoshubin.com\/en\/wp-json\/wp\/v2\/media\/263081"}],"wp:attachment":[{"href":"https:\/\/productoshubin.com\/en\/wp-json\/wp\/v2\/media?parent=262080"}],"wp:term":[{"taxonomy":"product_brand","embeddable":true,"href":"https:\/\/productoshubin.com\/en\/wp-json\/wp\/v2\/product_brand?post=262080"},{"taxonomy":"product_cat","embeddable":true,"href":"https:\/\/productoshubin.com\/en\/wp-json\/wp\/v2\/product_cat?post=262080"},{"taxonomy":"product_tag","embeddable":true,"href":"https:\/\/productoshubin.com\/en\/wp-json\/wp\/v2\/product_tag?post=262080"}],"curies":[{"name":"wp","href":"https:\/\/api.w.org\/{rel}","templated":true}]}}