{"id":257,"date":"2025-10-23T10:25:30","date_gmt":"2025-10-23T16:25:30","guid":{"rendered":"https:\/\/productoshubin.com\/?post_type=product&#038;p=257"},"modified":"2026-03-18T13:19:34","modified_gmt":"2026-03-18T19:19:34","slug":"chocookie-limon","status":"publish","type":"product","link":"https:\/\/productoshubin.com\/en\/product\/chocookie-limon\/","title":{"rendered":"CHOCOOKIE LIM\u00d3N"},"content":{"rendered":"<div class=\"flex flex-col text-sm pb-25\">\n<article class=\"text-token-text-primary w-full focus:outline-none [--shadow-height:45px] has-data-writing-block:pointer-events-none has-data-writing-block:-mt-(--shadow-height) has-data-writing-block:pt-(--shadow-height) [&amp;:has([data-writing-block])&gt;*]:pointer-events-auto scroll-mt-[calc(var(--header-height)+min(200px,max(70px,20svh)))]\" dir=\"auto\" data-turn-id=\"request-69a8ae3a-11b8-83e8-a810-80a02931ddc2-27\" data-testid=\"conversation-turn-256\" data-scroll-anchor=\"true\" data-turn=\"assistant\">\n<div class=\"text-base my-auto mx-auto pb-10 [--thread-content-margin:var(--thread-content-margin-xs,calc(var(--spacing)*4))] @w-sm\/main:[--thread-content-margin:var(--thread-content-margin-sm,calc(var(--spacing)*6))] @w-lg\/main:[--thread-content-margin:var(--thread-content-margin-lg,calc(var(--spacing)*16))] px-(--thread-content-margin)\">\n<div class=\"[--thread-content-max-width:40rem] @w-lg\/main:[--thread-content-max-width:48rem] mx-auto max-w-(--thread-content-max-width) flex-1 group\/turn-messages focus-visible:outline-hidden relative flex w-full min-w-0 flex-col agent-turn\">\n<div class=\"flex max-w-full flex-col gap-4 grow\">\n<div class=\"min-h-8 text-message relative flex w-full flex-col items-end gap-2 text-start break-words whitespace-normal [.text-message+&amp;]:mt-1\" dir=\"auto\" data-message-author-role=\"assistant\" data-message-id=\"bbf913bd-3187-4bdb-938c-a95fed12a5cf\" data-message-model-slug=\"gpt-5-3\">\n<div class=\"flex w-full flex-col gap-1 empty:hidden\">\n<div class=\"markdown prose dark:prose-invert w-full wrap-break-word light markdown-new-styling\">\n<p data-start=\"0\" data-end=\"24\"><strong data-start=\"0\" data-end=\"24\">CHOCOOKIE LIM\u00d3N \ud83c\udf6a\ud83c\udf4b<\/strong><\/p>\n<p data-start=\"26\" data-end=\"380\">\u00a1Un dulce refrescante y delicioso! <strong data-start=\"61\" data-end=\"80\">Chocookie Lim\u00f3n<\/strong> es una <strong data-start=\"88\" data-end=\"132\">mini galleta con delicioso sabor a lim\u00f3n<\/strong>, rellena con una <strong data-start=\"150\" data-end=\"177\">suave crema sabor lim\u00f3n<\/strong> que crea una combinaci\u00f3n perfecta entre dulzura y frescura en cada bocado. Ideal para disfrutar en cualquier momento, compartir o acompa\u00f1ar con tu bebida favorita. \u00a1Un antojo c\u00edtrico irresistible! \ud83d\ude0b\u2728<\/p>\n<h2 style=\"text-align: left;\" data-start=\"52\" data-end=\"299\">\ud83d\udccd Caracter\u00edsticas:<\/h2>\n<ul>\n<li style=\"text-align: left;\"><strong>Envase<\/strong>: Bolsa<\/li>\n<li style=\"text-align: left;\"><strong>Dise\u00f1o<\/strong>: Mini Galletas<\/li>\n<li style=\"text-align: left;\"><strong>Familia<\/strong>: Mini Chocookie<\/li>\n<li style=\"text-align: left;\"><strong>Contenido neto<\/strong>: 500g.<\/li>\n<li style=\"text-align: left;\"><strong>Piezas<\/strong>: 20 paquetitos.<\/li>\n<li style=\"text-align: left;\"><strong>Peso por pieza<\/strong>: 25g.<\/li>\n<li style=\"text-align: left;\"><strong>Sabores<\/strong>: Lim\u00f3n<\/li>\n<\/ul>\n<p><em>Agrega al carrito de compra sorpr\u00e9ndete con sus dise\u00f1os y disfruta de su incre\u00edble sabor. \ud83d\udecd\ufe0f<\/em><\/p>\n<\/div>\n<\/div>\n<\/div>\n<\/div>\n<\/div>\n<\/div>\n<\/article>\n<\/div>\n","protected":false},"excerpt":{"rendered":"<p>Mini galleta sabor a lim\u00f3n rellena de crema sabor lim\u00f3n.<\/p>","protected":false},"featured_media":337,"template":"","meta":{"inline_featured_image":false},"product_brand":[],"product_cat":[51],"product_tag":[],"class_list":{"0":"post-257","1":"product","2":"type-product","3":"status-publish","4":"has-post-thumbnail","6":"product_cat-chocolate-y-galletas","8":"first","9":"instock","10":"taxable","11":"shipping-taxable","12":"purchasable","13":"product-type-simple"},"_links":{"self":[{"href":"https:\/\/productoshubin.com\/en\/wp-json\/wp\/v2\/product\/257","targetHints":{"allow":["GET"]}}],"collection":[{"href":"https:\/\/productoshubin.com\/en\/wp-json\/wp\/v2\/product"}],"about":[{"href":"https:\/\/productoshubin.com\/en\/wp-json\/wp\/v2\/types\/product"}],"wp:featuredmedia":[{"embeddable":true,"href":"https:\/\/productoshubin.com\/en\/wp-json\/wp\/v2\/media\/337"}],"wp:attachment":[{"href":"https:\/\/productoshubin.com\/en\/wp-json\/wp\/v2\/media?parent=257"}],"wp:term":[{"taxonomy":"product_brand","embeddable":true,"href":"https:\/\/productoshubin.com\/en\/wp-json\/wp\/v2\/product_brand?post=257"},{"taxonomy":"product_cat","embeddable":true,"href":"https:\/\/productoshubin.com\/en\/wp-json\/wp\/v2\/product_cat?post=257"},{"taxonomy":"product_tag","embeddable":true,"href":"https:\/\/productoshubin.com\/en\/wp-json\/wp\/v2\/product_tag?post=257"}],"curies":[{"name":"wp","href":"https:\/\/api.w.org\/{rel}","templated":true}]}}