{"id":111,"date":"2025-10-23T10:21:50","date_gmt":"2025-10-23T16:21:50","guid":{"rendered":"https:\/\/productoshubin.com\/?post_type=product&#038;p=111"},"modified":"2026-04-15T11:44:58","modified_gmt":"2026-04-15T17:44:58","slug":"candy-patineta","status":"publish","type":"product","link":"https:\/\/productoshubin.com\/en\/product\/candy-patineta\/","title":{"rendered":"CANDY PATINETA"},"content":{"rendered":"<h3 data-start=\"0\" data-end=\"23\"><strong data-start=\"0\" data-end=\"23\">CANDY PATINETA \ud83d\udef9\ud83c\udf6c<\/strong><\/h3>\n<p data-start=\"25\" data-end=\"413\">\u00a1Dulzura y diversi\u00f3n sobre ruedas! <strong data-start=\"60\" data-end=\"78\">Candy Patineta<\/strong> es un delicioso <strong data-start=\"95\" data-end=\"135\">dulce confitado con sabores frutales<\/strong> que adem\u00e1s <strong data-start=\"147\" data-end=\"200\">incluye un divertido juguete en forma de patineta<\/strong>, perfecto para disfrutar y jugar al mismo tiempo. Ideal para sorprender a los m\u00e1s peque\u00f1os y convertir cada momento en una experiencia llena de sabor y entretenimiento. \u00a1Diversi\u00f3n garantizada en cada pieza! \ud83d\ude0b\u2728<\/p>\n<h2 style=\"text-align: left;\" data-start=\"52\" data-end=\"299\">\ud83d\udccd Caracter\u00edsticas:<\/h2>\n<ul>\n<li style=\"text-align: left;\"><strong>Envase<\/strong>: Display<\/li>\n<li style=\"text-align: left;\"><strong>Dise\u00f1o<\/strong>: Patineta<\/li>\n<li style=\"text-align: left;\"><strong>Familia<\/strong>: Juguetes<\/li>\n<li style=\"text-align: left;\"><strong>Contenido neto<\/strong>: 60g.<\/li>\n<li style=\"text-align: left;\"><strong>Piezas<\/strong>: 30 Patinetas<\/li>\n<li style=\"text-align: left;\"><strong>Peso por pieza<\/strong>: 2g.<\/li>\n<li style=\"text-align: left;\"><strong>Sabores<\/strong>: Frutales<\/li>\n<\/ul>\n<p><em>Agrega al carrito de compra sorpr\u00e9ndete con sus dise\u00f1os y disfruta de su incre\u00edble sabor. \ud83d\udecd\ufe0f<\/em><\/p>","protected":false},"excerpt":{"rendered":"<p>Juguete con dulce confitado<\/p>","protected":false},"featured_media":202,"template":"","meta":{"inline_featured_image":false},"product_brand":[],"product_cat":[57],"product_tag":[],"class_list":{"0":"post-111","1":"product","2":"type-product","3":"status-publish","4":"has-post-thumbnail","6":"product_cat-juguetes","8":"first","9":"instock","10":"taxable","11":"shipping-taxable","12":"purchasable","13":"product-type-simple"},"_links":{"self":[{"href":"https:\/\/productoshubin.com\/en\/wp-json\/wp\/v2\/product\/111","targetHints":{"allow":["GET"]}}],"collection":[{"href":"https:\/\/productoshubin.com\/en\/wp-json\/wp\/v2\/product"}],"about":[{"href":"https:\/\/productoshubin.com\/en\/wp-json\/wp\/v2\/types\/product"}],"wp:featuredmedia":[{"embeddable":true,"href":"https:\/\/productoshubin.com\/en\/wp-json\/wp\/v2\/media\/202"}],"wp:attachment":[{"href":"https:\/\/productoshubin.com\/en\/wp-json\/wp\/v2\/media?parent=111"}],"wp:term":[{"taxonomy":"product_brand","embeddable":true,"href":"https:\/\/productoshubin.com\/en\/wp-json\/wp\/v2\/product_brand?post=111"},{"taxonomy":"product_cat","embeddable":true,"href":"https:\/\/productoshubin.com\/en\/wp-json\/wp\/v2\/product_cat?post=111"},{"taxonomy":"product_tag","embeddable":true,"href":"https:\/\/productoshubin.com\/en\/wp-json\/wp\/v2\/product_tag?post=111"}],"curies":[{"name":"wp","href":"https:\/\/api.w.org\/{rel}","templated":true}]}}