{"id":262215,"date":"2026-02-20T08:56:00","date_gmt":"2026-02-20T14:56:00","guid":{"rendered":"https:\/\/productoshubin.com\/?page_id=262215"},"modified":"2026-03-06T18:02:09","modified_gmt":"2026-03-07T00:02:09","slug":"conocenos","status":"publish","type":"page","link":"https:\/\/productoshubin.com\/en\/conocenos\/","title":{"rendered":"Con\u00f3cenos"},"content":{"rendered":"<div class=\"et_pb_section_0 et_pb_section et_section_regular et_flex_section\">\n<div class=\"et_pb_row_0 et_pb_row et_flex_row et_animated et_flex_column_24_24 et_flex_column_24_24_tablet et_flex_column_24_24_phone\">\n<div class=\"et_pb_column_0 et_pb_column et-last-child et_flex_column et_pb_css_mix_blend_mode_passthrough et_flex_column_24_24 et_flex_column_24_24_tablet et_flex_column_24_24_phone\">\n<div class=\"et_pb_text_0 et_pb_text et_pb_bg_layout_light et_animated et_pb_module et_flex_module\"><div class=\"et_pb_text_inner\"><h1 style=\"text-align: center;\">NUESTRA HISTORIA<\/h1>\n<\/div><\/div>\n<\/div>\n<\/div>\n\n<div class=\"et_pb_row_1 et_pb_row et_flex_row et_flex_column_17_24 et_flex_column_17_24_tablet et_flex_column_22_24_phone\">\n<div class=\"et_pb_column_1 et_pb_column et-last-child et_flex_column et_pb_css_mix_blend_mode_passthrough et_flex_column_24_24 et_flex_column_24_24_tablet et_flex_column_24_24_phone\">\n<div class=\"et_pb_heading_0 et_pb_heading et_animated et_pb_module et_flex_module\"><div class=\"et_pb_heading_container\"><h2 class=\"et_pb_module_header\">SOBRE NOSOTROS:<\/h2><\/div><\/div>\n\n<div class=\"et_pb_text_1 et_pb_text et_pb_bg_layout_light et_animated et_pb_module et_flex_module\"><div class=\"et_pb_text_inner\"><p>Hubin es una empresa familiar mexicana dedicada a la creaci\u00f3n, producci\u00f3n y distribuci\u00f3n de confiter\u00eda, dulces innovadores y productos\u00a0 para fiestas. Se distingue por ofrecer experiencias divertidas que combinan sabor, sorpresa y juego.<\/p>\n<\/div><\/div>\n<\/div>\n<\/div>\n\n<div class=\"et_pb_row_2 et_pb_row et_flex_row et_flex_column_22_24 et_flex_column_22_24_tablet et_flex_column_22_24_phone\">\n<div class=\"et_pb_column_2 et_pb_column et_flex_column et_pb_css_mix_blend_mode_passthrough et_flex_column_8_24 et_flex_column_8_24_tablet et_flex_column_24_24_phone\">\n<div class=\"et_pb_image_0 et_pb_image et_pb_module et_flex_module\"><span class=\"et_pb_image_wrap\"><img loading=\"lazy\" decoding=\"async\" src=\"https:\/\/productoshubin.com\/wp-content\/uploads\/2026\/02\/Apartado-Historia-Web-04.webp\" title=\"Apartado Historia Web-04\" width=\"2310\" height=\"2560\" class=\"wp-image-262249\" \/><\/span><\/div>\n<\/div>\n\n<div class=\"et_pb_column_3 et_pb_column et_flex_column et_pb_css_mix_blend_mode_passthrough et_flex_column_8_24 et_flex_column_8_24_tablet et_flex_column_24_24_phone\">\n<div class=\"et_pb_image_1 et_pb_image et_pb_module et_flex_module\"><span class=\"et_pb_image_wrap\"><img loading=\"lazy\" decoding=\"async\" src=\"https:\/\/productoshubin.com\/wp-content\/uploads\/2026\/02\/Apartado-Historia-Web-05.webp\" title=\"Apartado Historia Web-05\" width=\"2372\" height=\"2560\" class=\"wp-image-262250\" \/><\/span><\/div>\n<\/div>\n\n<div class=\"et_pb_column_4 et_pb_column et-last-child et_flex_column et_pb_css_mix_blend_mode_passthrough et_flex_column_8_24 et_flex_column_8_24_tablet et_flex_column_24_24_phone\">\n<div class=\"et_pb_image_2 et_pb_image et_pb_module et_flex_module\"><span class=\"et_pb_image_wrap\"><img loading=\"lazy\" decoding=\"async\" src=\"https:\/\/productoshubin.com\/wp-content\/uploads\/2026\/02\/Apartado-Historia-Web-06.webp\" title=\"Apartado Historia Web-06\" width=\"2453\" height=\"2560\" class=\"wp-image-262251\" \/><\/span><\/div>\n<\/div>\n<\/div>\n\n<div class=\"et_pb_row_3 et_pb_row et_flex_row et_animated et_flex_column_22_24 et_flex_column_22_24_tablet et_flex_column_22_24_phone\">\n<div class=\"et_pb_column_5 et_pb_column et-last-child et_flex_column et_pb_css_mix_blend_mode_passthrough et_flex_column_24_24 et_flex_column_24_24_tablet et_flex_column_24_24_phone\">\n<div class=\"et_pb_heading_1 et_pb_heading et_pb_module et_flex_module\"><div class=\"et_pb_heading_container\"><h2 class=\"et_pb_module_header\">Misi\u00f3n, Visi\u00f3n y valores:<\/h2><\/div><\/div>\n<\/div>\n<\/div>\n\n<div class=\"et_pb_row_4 et_pb_row et_flex_row et_animated et_flex_column_22_24 et_flex_column_22_24_tablet et_flex_column_22_24_phone\">\n<div class=\"et_pb_column_6 et_pb_column et_flex_column et_pb_css_mix_blend_mode_passthrough et_flex_column_12_24 et_flex_column_12_24_tablet et_flex_column_24_24_phone\">\n<div class=\"et_pb_heading_2 et_pb_heading et_pb_module et_flex_module\"><div class=\"et_pb_heading_container\"><h3 class=\"et_pb_module_header\">Misi\u00f3n:<\/h3><\/div><\/div>\n\n<div class=\"et_pb_text_2 et_pb_text et_pb_bg_layout_light et_pb_module et_flex_module\"><div class=\"et_pb_text_inner\"><p>Brindara los consumidores de dulces en. M\u00e9xico productos de confiter\u00eda y art\u00edculos de fiesta que genere experiencias \u00fanicas y llenas de alegria, combinando innocaci\u00f3n, sabor y calidad.<\/p>\n<\/div><\/div>\n<\/div>\n\n<div class=\"et_pb_column_7 et_pb_column et-last-child et_flex_column et_pb_css_mix_blend_mode_passthrough et_flex_column_12_24 et_flex_column_12_24_tablet et_flex_column_24_24_phone\">\n<div class=\"et_pb_heading_3 et_pb_heading et_pb_module et_flex_module\"><div class=\"et_pb_heading_container\"><h1 class=\"et_pb_module_header\">Visi\u00f3n:<\/h1><\/div><\/div>\n\n<div class=\"et_pb_text_3 et_pb_text et_pb_bg_layout_light et_pb_module et_flex_module\"><div class=\"et_pb_text_inner\"><p>Ser la marca de l\u00edder en el mercado de la confiter\u00eda en M\u00e9xico, presente en los hogares\u00a0 de la familias mexicanas, fortaleciendo alianzas con nuestros socios comerciales y consolid\u00e1ndose como referentes en diferenciaci\u00f3n.<\/p>\n<\/div><\/div>\n<\/div>\n<\/div>\n\n<div class=\"et_pb_row_5 et_pb_row et_flex_row et_flex_column_24_24 et_flex_column_24_24_tablet et_flex_column_24_24_phone\">\n<div class=\"et_pb_column_8 et_pb_column et_flex_column et_pb_css_mix_blend_mode_passthrough et_flex_column_8_24 et_flex_column_3_5_tablet et_flex_column_24_24_phone\">\n<div class=\"et_pb_image_3 et_pb_image et_pb_image_sticky et_pb_module et_flex_module\"><span class=\"et_pb_image_wrap\"><img loading=\"lazy\" decoding=\"async\" src=\"https:\/\/productoshubin.com\/wp-content\/uploads\/2026\/02\/Apartado-Historia-Web-02.webp\" title=\"Apartado Historia Web-02\" width=\"2560\" height=\"2505\" class=\"wp-image-262247\" \/><\/span><\/div>\n<\/div>\n\n<div class=\"et_pb_column_9 et_pb_column et-last-child et_flex_column et_pb_css_mix_blend_mode_passthrough et_animated et_flex_column_14_24 et_flex_column_13_24_tablet et_flex_column_24_24_phone\">\n<div class=\"et_pb_heading_4 et_pb_heading et_pb_module et_flex_module\"><div class=\"et_pb_heading_container\"><h1 class=\"et_pb_module_header\">Valores:<\/h1><\/div><\/div>\n\n<div class=\"et_pb_text_4 et_pb_text et_pb_bg_layout_light et_pb_module et_flex_module\"><div class=\"et_pb_text_inner\"><div style=\"display:flex; gap:40px;\">\n<ul style=\"line-height:1;\">\n<li>Respeto<\/li>\n<li>Pasi\u00f3n<\/li>\n<li>Calidad<\/li>\n<li>Aprendizaje<\/li>\n<li>Competitividad<\/li>\n<li>Transparencia<\/li>\n<\/ul>\n<ul style=\"line-height:1;\">\n<li>Innovaci\u00f3n<\/li>\n<li>Compa\u00f1erismo<\/li>\n<li>Servicio<\/li>\n<li>Fidelidad<\/li>\n<li>Honestidad<\/li>\n<\/ul>\n<\/div>\n<\/div><\/div>\n<\/div>\n<\/div>\n<\/div>","protected":false},"excerpt":{"rendered":"","protected":false},"author":1,"featured_media":0,"parent":0,"menu_order":0,"comment_status":"closed","ping_status":"closed","template":"","meta":{"inline_featured_image":false,"footnotes":""},"class_list":["post-262215","page","type-page","status-publish","hentry"],"_links":{"self":[{"href":"https:\/\/productoshubin.com\/en\/wp-json\/wp\/v2\/pages\/262215","targetHints":{"allow":["GET"]}}],"collection":[{"href":"https:\/\/productoshubin.com\/en\/wp-json\/wp\/v2\/pages"}],"about":[{"href":"https:\/\/productoshubin.com\/en\/wp-json\/wp\/v2\/types\/page"}],"author":[{"embeddable":true,"href":"https:\/\/productoshubin.com\/en\/wp-json\/wp\/v2\/users\/1"}],"replies":[{"embeddable":true,"href":"https:\/\/productoshubin.com\/en\/wp-json\/wp\/v2\/comments?post=262215"}],"version-history":[{"count":0,"href":"https:\/\/productoshubin.com\/en\/wp-json\/wp\/v2\/pages\/262215\/revisions"}],"wp:attachment":[{"href":"https:\/\/productoshubin.com\/en\/wp-json\/wp\/v2\/media?parent=262215"}],"curies":[{"name":"wp","href":"https:\/\/api.w.org\/{rel}","templated":true}]}}